{"id":554,"date":"2023-07-21T09:10:58","date_gmt":"2023-07-21T09:10:58","guid":{"rendered":"http:\/\/riverride.com\/?page_id=554"},"modified":"2024-04-10T09:06:49","modified_gmt":"2024-04-10T08:06:49","slug":"exkluziv-varosnezes","status":"publish","type":"page","link":"https:\/\/riverride.com\/hu\/exkluziv-varosnezes\/","title":{"rendered":"Exkluz\u00edv v\u00e1rosn\u00e9z\u00e9s"},"content":{"rendered":"<section class=\"l-section wpb_row height_custom with_img\"><div class=\"l-section-img\" role=\"img\" data-img-width=\"1920\" data-img-height=\"1080\" style=\"background-image: url(https:\/\/riverride.com\/wp-content\/uploads\/2023\/10\/bg-3.jpg);background-repeat: no-repeat;\"><\/div><div class=\"l-section-overlay\" style=\"background:linear-gradient(90deg,rgba(0,0,0,0.55),rgba(0,0,0,0))\"><\/div><div class=\"l-section-h i-cf\"><div class=\"g-cols vc_row via_grid cols_1 laptops-cols_inherit tablets-cols_inherit mobiles-cols_1 valign_top type_default stacking_default\"><div class=\"wpb_column vc_column_container\"><div class=\"vc_column-inner\"><h1 class=\"w-post-elm post_title us_custom_4b38c0d9 has_text_color align_left entry-title color_link_inherit\">Exkluz\u00edv v\u00e1rosn\u00e9z\u00e9s<\/h1><\/div><\/div><\/div><\/div><\/section><section class=\"l-section wpb_row height_large\"><div class=\"l-section-h i-cf\"><div class=\"g-cols vc_row via_grid cols_3-2 laptops-cols_inherit tablets-cols_1 mobiles-cols_1 valign_top type_default stacking_default\" style=\"--gap:0rem;\"><div class=\"wpb_column vc_column_container us_custom_595797e8 has_bg_color\"><div class=\"vc_column-inner\"><div class=\"w-separator us_custom_7317aa56 size_medium\"><\/div><\/div><\/div><div class=\"wpb_column vc_column_container us_custom_74d0bf91 us_animate_this has_bg_color\"><div class=\"vc_column-inner\"><h3 class=\"w-text\"><span class=\"w-text-h\"><span class=\"w-text-value\">A menetrend-szerinti t\u00far\u00e1k mellett lehet\u0151s\u00e9g van exkluz\u00edv v\u00e1rosn\u00e9z\u00e9sre is.<\/span><\/span><\/h3><h5 class=\"w-text\"><span class=\"w-text-h\"><span class=\"w-text-value\">Javasoljuk ezt olyanoknak, akik<\/span><\/span><\/h5><div class=\"w-separator size_custom\" style=\"height:20px\"><\/div><div class=\"wpb_text_column\"><div class=\"wpb_wrapper\"><ul>\n<li aria-level=\"1\">szem\u00e9lyre szabott v\u00e1rosn\u00e9z\u00e9st szeretn\u00e9nek<\/li>\n<li aria-level=\"1\">Menetrendi id\u0151n k\u00edv\u00fcl szeretn\u00e9k ig\u00e9nybe venni a k\u00e9t\u00e9lt\u0171 v\u00e1rosn\u00e9z\u00e9st (menetrendi id\u0151ben is b\u00e9relhet\u0151)<\/li>\n<li aria-level=\"1\">t\u00f6bben vannak, mint 35 f\u0151<\/li>\n<li aria-level=\"1\">bar\u00e1taik, rokonaik, \u00fczletfeleik k\u00f6r\u00e9ben szeretn\u00e9nek v\u00e1rost n\u00e9zni<\/li>\n<li aria-level=\"1\">sz\u00fclet\u00e9snapjukat nem a megszokott k\u00f6rnyezetben szeretn\u00e9k \u00fcnnepelni<\/li>\n<\/ul>\n<\/div><\/div><\/div><\/div><\/div><\/div><\/section><section class=\"l-section wpb_row tabcol height_large\"><div class=\"l-section-h i-cf\"><div class=\"g-cols vc_row via_grid cols_2-3 laptops-cols_inherit tablets-cols_1 mobiles-cols_1 valign_top type_default reversed stacking_default\"><div class=\"wpb_column vc_column_container us_custom_cfa29537 us_animate_this has_bg_color\"><div class=\"vc_column-inner\"><div class=\"wpb_text_column\"><div class=\"wpb_wrapper\"><p>A megrendel\u0151 k\u00edv\u00e1ns\u00e1gait figyelembe v\u00e9ve mutatjuk be Budapest legszebb l\u00e1tnival\u00f3it f\u00f6ldr\u0151l \u00e9s v\u00edzb\u0151l. Az indul\u00e1si \u00e9s \u00e9rkez\u00e9si hely, az \u00fatvonal \u00e9s az id\u0151tartam \u2013 bizonyos keretek k\u00f6z\u00f6tt \u2013 szabadon megv\u00e1laszthat\u00f3.<\/p>\n<p>Igyeksz\u00fcnk seg\u00edteni abban, hogy a v\u00e1rosn\u00e9z\u00e9s illjen a megrendel\u0151 rendezv\u00e9ny\u00e9nek t\u00edpus\u00e1hoz, hiszen m\u00e1s a fontos a n\u00e1szn\u00e9pnek, m\u00e1s egy igazgat\u00f3s\u00e1i \u00fcl\u00e9s f\u00e1radt tagjainak \u00e9s m\u00e1s egy k\u00f6z\u00e9piskolai oszt\u00e1lynak.<\/p>\n<\/div><\/div><div class=\"w-separator size_custom\" style=\"height:20px\"><\/div><h5 class=\"w-text\"><span class=\"w-text-h\"><span class=\"w-text-value\">N\u00e9h\u00e1ny az eddigi programjaink k\u00f6z\u00fcl:<\/span><\/span><\/h5><div class=\"w-separator size_custom\" style=\"height:20px\"><\/div><div class=\"wpb_text_column\"><div class=\"wpb_wrapper\"><ul>\n<li aria-level=\"1\">csapat\u00e9p\u00edt\u0151<\/li>\n<li aria-level=\"1\">igazgat\u00f3s\u00e1gi \u00e9rtekezlet<\/li>\n<li aria-level=\"1\">kar\u00e1csonyi parti<\/li>\n<li aria-level=\"1\">l\u00e1nyk\u00e9r\u00e9s<\/li>\n<li aria-level=\"1\">l\u00e1nyb\u00facs\u00fa<\/li>\n<li aria-level=\"1\">sajt\u00f3t\u00e1j\u00e9koztat\u00f3<\/li>\n<li aria-level=\"1\">k\u00f6nyvbemutat\u00f3<\/li>\n<li aria-level=\"1\">v\u00e1llalati csal\u00e1di nap<\/li>\n<\/ul>\n<\/div><\/div><\/div><\/div><div class=\"wpb_column vc_column_container us_custom_944211c8 has_bg_color\"><div class=\"vc_column-inner\"><div class=\"w-separator us_custom_7317aa56 size_medium\"><\/div><\/div><\/div><\/div><\/div><\/section><section class=\"l-section wpb_row us_custom_d984a24d height_large\"><div class=\"l-section-h i-cf\"><div class=\"g-cols vc_row via_grid cols_1 laptops-cols_inherit tablets-cols_inherit mobiles-cols_1 valign_top type_default stacking_default\"><div class=\"wpb_column vc_column_container\"><div class=\"vc_column-inner\"><div class=\"w-hwrapper us_custom_81d51446 us_animate_this valign_middle align_center\" style=\"--hwrapper-gap:0rem\"><div class=\"wpb_text_column\"><div class=\"wpb_wrapper\"><h3>Seg\u00edts\u00e9g\u00fcnkkel m\u00e9g sz\u00ednesebb\u00e9, \u00e9rdekesebb\u00e9 tudja tenni a Budapest megismer\u00e9s\u00e9re sz\u00e1nt id\u0151t.<\/h3>\n<p>K\u00e9rje r\u00e9szletes aj\u00e1nlatunkat a <a href=\"tel: 0613322555\">06 1 33-22-555<\/a>-\u00f6s telefonsz\u00e1mon, vagy az <a href=\"mailto:iroda@riverride.com\">iroda@riverride.com<\/a> e-mail c\u00edmen. Pontos \u00e1rat az elk\u00e9pzel\u00e9sek pontos megismer\u00e9se ut\u00e1n tudunk adni.<\/p>\n<h5>Rem\u00e9lj\u00fck, hamarosan tal\u00e1lkozunk a RiverRide fed\u00e9lzet\u00e9n egy nagyszer\u0171 csobban\u00e1son.<\/h5>\n<\/div><\/div><\/div><\/div><\/div><\/div><\/div><\/section>\n","protected":false},"excerpt":{"rendered":"Exkluz\u00edv v\u00e1rosn\u00e9z\u00e9sA menetrend-szerinti t\u00far\u00e1k mellett lehet\u0151s\u00e9g van exkluz\u00edv v\u00e1rosn\u00e9z\u00e9sre is.Javasoljuk ezt olyanoknak, akik szem\u00e9lyre szabott v\u00e1rosn\u00e9z\u00e9st szeretn\u00e9nek Menetrendi id\u0151n k\u00edv\u00fcl szeretn\u00e9k ig\u00e9nybe venni a k\u00e9t\u00e9lt\u0171 v\u00e1rosn\u00e9z\u00e9st (menetrendi id\u0151ben is b\u00e9relhet\u0151) t\u00f6bben vannak, mint 35 f\u0151 bar\u00e1taik, rokonaik, \u00fczletfeleik k\u00f6r\u00e9ben szeretn\u00e9nek v\u00e1rost n\u00e9zni sz\u00fclet\u00e9snapjukat nem a megszokott k\u00f6rnyezetben szeretn\u00e9k \u00fcnnepelni A megrendel\u0151 k\u00edv\u00e1ns\u00e1gait figyelembe v\u00e9ve mutatjuk...","protected":false},"author":1,"featured_media":0,"parent":0,"menu_order":0,"comment_status":"closed","ping_status":"closed","template":"","meta":{"footnotes":""},"class_list":["post-554","page","type-page","status-publish","hentry"],"yoast_head":"<!-- This site is optimized with the Yoast SEO plugin v26.8 - https:\/\/yoast.com\/product\/yoast-seo-wordpress\/ -->\n<title>Exkluz\u00edv v\u00e1rosn\u00e9z\u00e9s | River Ride<\/title>\n<meta name=\"description\" content=\"B\u00e9reljen mag\u00e1n\u00fatra egy RiverRide v\u00edzibuszt \u00e9s \u00e9lvezze a k\u00fcl\u00f6nleges \u00e9lm\u00e9nyt bar\u00e1taival vagy csal\u00e1dj\u00e1val Budapesten!\" \/>\n<meta name=\"robots\" content=\"index, follow, max-snippet:-1, max-image-preview:large, max-video-preview:-1\" \/>\n<link rel=\"canonical\" href=\"https:\/\/riverride.com\/hu\/exkluziv-varosnezes\/\" \/>\n<meta property=\"og:locale\" content=\"hu_HU\" \/>\n<meta property=\"og:type\" content=\"article\" \/>\n<meta property=\"og:title\" content=\"Exkluz\u00edv v\u00e1rosn\u00e9z\u00e9s | River Ride\" \/>\n<meta property=\"og:description\" content=\"B\u00e9reljen mag\u00e1n\u00fatra egy RiverRide v\u00edzibuszt \u00e9s \u00e9lvezze a k\u00fcl\u00f6nleges \u00e9lm\u00e9nyt bar\u00e1taival vagy csal\u00e1dj\u00e1val Budapesten!\" \/>\n<meta property=\"og:url\" content=\"https:\/\/riverride.com\/hu\/exkluziv-varosnezes\/\" \/>\n<meta property=\"og:site_name\" content=\"River Ride\" \/>\n<meta property=\"article:publisher\" content=\"https:\/\/www.facebook.com\/riverridebudapest\" \/>\n<meta property=\"article:modified_time\" content=\"2024-04-10T08:06:49+00:00\" \/>\n<meta name=\"twitter:card\" content=\"summary_large_image\" \/>\n<meta name=\"twitter:label1\" content=\"Becs\u00fclt olvas\u00e1si id\u0151\" \/>\n\t<meta name=\"twitter:data1\" content=\"2 perc\" \/>\n<script type=\"application\/ld+json\" class=\"yoast-schema-graph\">{\"@context\":\"https:\/\/schema.org\",\"@graph\":[{\"@type\":\"WebPage\",\"@id\":\"https:\/\/riverride.com\/hu\/exkluziv-varosnezes\/\",\"url\":\"https:\/\/riverride.com\/hu\/exkluziv-varosnezes\/\",\"name\":\"Exkluz\u00edv v\u00e1rosn\u00e9z\u00e9s | River Ride\",\"isPartOf\":{\"@id\":\"https:\/\/riverride.com\/hu\/#website\"},\"datePublished\":\"2023-07-21T09:10:58+00:00\",\"dateModified\":\"2024-04-10T08:06:49+00:00\",\"description\":\"B\u00e9reljen mag\u00e1n\u00fatra egy RiverRide v\u00edzibuszt \u00e9s \u00e9lvezze a k\u00fcl\u00f6nleges \u00e9lm\u00e9nyt bar\u00e1taival vagy csal\u00e1dj\u00e1val Budapesten!\",\"breadcrumb\":{\"@id\":\"https:\/\/riverride.com\/hu\/exkluziv-varosnezes\/#breadcrumb\"},\"inLanguage\":\"hu\",\"potentialAction\":[{\"@type\":\"ReadAction\",\"target\":[\"https:\/\/riverride.com\/hu\/exkluziv-varosnezes\/\"]}]},{\"@type\":\"BreadcrumbList\",\"@id\":\"https:\/\/riverride.com\/hu\/exkluziv-varosnezes\/#breadcrumb\",\"itemListElement\":[{\"@type\":\"ListItem\",\"position\":1,\"name\":\"Kezd\u0151lap\",\"item\":\"https:\/\/riverride.com\/hu\/\"},{\"@type\":\"ListItem\",\"position\":2,\"name\":\"Exkluz\u00edv v\u00e1rosn\u00e9z\u00e9s\"}]},{\"@type\":\"WebSite\",\"@id\":\"https:\/\/riverride.com\/hu\/#website\",\"url\":\"https:\/\/riverride.com\/hu\/\",\"name\":\"River Ride\",\"description\":\"V\u00e1rosn\u00e9z\u00e9s k\u00e9t\u00e9lt\u0171 v\u00edzibusszal\",\"publisher\":{\"@id\":\"https:\/\/riverride.com\/hu\/#organization\"},\"potentialAction\":[{\"@type\":\"SearchAction\",\"target\":{\"@type\":\"EntryPoint\",\"urlTemplate\":\"https:\/\/riverride.com\/hu\/?s={search_term_string}\"},\"query-input\":{\"@type\":\"PropertyValueSpecification\",\"valueRequired\":true,\"valueName\":\"search_term_string\"}}],\"inLanguage\":\"hu\"},{\"@type\":\"Organization\",\"@id\":\"https:\/\/riverride.com\/hu\/#organization\",\"name\":\"River Ride Budapest\",\"alternateName\":\"River Ride\",\"url\":\"https:\/\/riverride.com\/hu\/\",\"logo\":{\"@type\":\"ImageObject\",\"inLanguage\":\"hu\",\"@id\":\"https:\/\/riverride.com\/hu\/#\/schema\/logo\/image\/\",\"url\":\"https:\/\/riverride.com\/wp-content\/uploads\/2023\/07\/River-icon@2x-8.png\",\"contentUrl\":\"https:\/\/riverride.com\/wp-content\/uploads\/2023\/07\/River-icon@2x-8.png\",\"width\":122,\"height\":122,\"caption\":\"River Ride Budapest\"},\"image\":{\"@id\":\"https:\/\/riverride.com\/hu\/#\/schema\/logo\/image\/\"},\"sameAs\":[\"https:\/\/www.facebook.com\/riverridebudapest\"]}]}<\/script>\n<!-- \/ Yoast SEO plugin. -->","yoast_head_json":{"title":"Exkluz\u00edv v\u00e1rosn\u00e9z\u00e9s | River Ride","description":"B\u00e9reljen mag\u00e1n\u00fatra egy RiverRide v\u00edzibuszt \u00e9s \u00e9lvezze a k\u00fcl\u00f6nleges \u00e9lm\u00e9nyt bar\u00e1taival vagy csal\u00e1dj\u00e1val Budapesten!","robots":{"index":"index","follow":"follow","max-snippet":"max-snippet:-1","max-image-preview":"max-image-preview:large","max-video-preview":"max-video-preview:-1"},"canonical":"https:\/\/riverride.com\/hu\/exkluziv-varosnezes\/","og_locale":"hu_HU","og_type":"article","og_title":"Exkluz\u00edv v\u00e1rosn\u00e9z\u00e9s | River Ride","og_description":"B\u00e9reljen mag\u00e1n\u00fatra egy RiverRide v\u00edzibuszt \u00e9s \u00e9lvezze a k\u00fcl\u00f6nleges \u00e9lm\u00e9nyt bar\u00e1taival vagy csal\u00e1dj\u00e1val Budapesten!","og_url":"https:\/\/riverride.com\/hu\/exkluziv-varosnezes\/","og_site_name":"River Ride","article_publisher":"https:\/\/www.facebook.com\/riverridebudapest","article_modified_time":"2024-04-10T08:06:49+00:00","twitter_card":"summary_large_image","twitter_misc":{"Becs\u00fclt olvas\u00e1si id\u0151":"2 perc"},"schema":{"@context":"https:\/\/schema.org","@graph":[{"@type":"WebPage","@id":"https:\/\/riverride.com\/hu\/exkluziv-varosnezes\/","url":"https:\/\/riverride.com\/hu\/exkluziv-varosnezes\/","name":"Exkluz\u00edv v\u00e1rosn\u00e9z\u00e9s | River Ride","isPartOf":{"@id":"https:\/\/riverride.com\/hu\/#website"},"datePublished":"2023-07-21T09:10:58+00:00","dateModified":"2024-04-10T08:06:49+00:00","description":"B\u00e9reljen mag\u00e1n\u00fatra egy RiverRide v\u00edzibuszt \u00e9s \u00e9lvezze a k\u00fcl\u00f6nleges \u00e9lm\u00e9nyt bar\u00e1taival vagy csal\u00e1dj\u00e1val Budapesten!","breadcrumb":{"@id":"https:\/\/riverride.com\/hu\/exkluziv-varosnezes\/#breadcrumb"},"inLanguage":"hu","potentialAction":[{"@type":"ReadAction","target":["https:\/\/riverride.com\/hu\/exkluziv-varosnezes\/"]}]},{"@type":"BreadcrumbList","@id":"https:\/\/riverride.com\/hu\/exkluziv-varosnezes\/#breadcrumb","itemListElement":[{"@type":"ListItem","position":1,"name":"Kezd\u0151lap","item":"https:\/\/riverride.com\/hu\/"},{"@type":"ListItem","position":2,"name":"Exkluz\u00edv v\u00e1rosn\u00e9z\u00e9s"}]},{"@type":"WebSite","@id":"https:\/\/riverride.com\/hu\/#website","url":"https:\/\/riverride.com\/hu\/","name":"River Ride","description":"V\u00e1rosn\u00e9z\u00e9s k\u00e9t\u00e9lt\u0171 v\u00edzibusszal","publisher":{"@id":"https:\/\/riverride.com\/hu\/#organization"},"potentialAction":[{"@type":"SearchAction","target":{"@type":"EntryPoint","urlTemplate":"https:\/\/riverride.com\/hu\/?s={search_term_string}"},"query-input":{"@type":"PropertyValueSpecification","valueRequired":true,"valueName":"search_term_string"}}],"inLanguage":"hu"},{"@type":"Organization","@id":"https:\/\/riverride.com\/hu\/#organization","name":"River Ride Budapest","alternateName":"River Ride","url":"https:\/\/riverride.com\/hu\/","logo":{"@type":"ImageObject","inLanguage":"hu","@id":"https:\/\/riverride.com\/hu\/#\/schema\/logo\/image\/","url":"https:\/\/riverride.com\/wp-content\/uploads\/2023\/07\/River-icon@2x-8.png","contentUrl":"https:\/\/riverride.com\/wp-content\/uploads\/2023\/07\/River-icon@2x-8.png","width":122,"height":122,"caption":"River Ride Budapest"},"image":{"@id":"https:\/\/riverride.com\/hu\/#\/schema\/logo\/image\/"},"sameAs":["https:\/\/www.facebook.com\/riverridebudapest"]}]}},"_links":{"self":[{"href":"https:\/\/riverride.com\/hu\/wp-json\/wp\/v2\/pages\/554","targetHints":{"allow":["GET"]}}],"collection":[{"href":"https:\/\/riverride.com\/hu\/wp-json\/wp\/v2\/pages"}],"about":[{"href":"https:\/\/riverride.com\/hu\/wp-json\/wp\/v2\/types\/page"}],"author":[{"embeddable":true,"href":"https:\/\/riverride.com\/hu\/wp-json\/wp\/v2\/users\/1"}],"replies":[{"embeddable":true,"href":"https:\/\/riverride.com\/hu\/wp-json\/wp\/v2\/comments?post=554"}],"version-history":[{"count":21,"href":"https:\/\/riverride.com\/hu\/wp-json\/wp\/v2\/pages\/554\/revisions"}],"predecessor-version":[{"id":1158,"href":"https:\/\/riverride.com\/hu\/wp-json\/wp\/v2\/pages\/554\/revisions\/1158"}],"wp:attachment":[{"href":"https:\/\/riverride.com\/hu\/wp-json\/wp\/v2\/media?parent=554"}],"curies":[{"name":"wp","href":"https:\/\/api.w.org\/{rel}","templated":true}]}}