{"id":503,"date":"2023-07-20T10:32:35","date_gmt":"2023-07-20T10:32:35","guid":{"rendered":"http:\/\/riverride.com\/?page_id=503"},"modified":"2024-04-10T09:15:38","modified_gmt":"2024-04-10T08:15:38","slug":"utvonal","status":"publish","type":"page","link":"https:\/\/riverride.com\/hu\/utvonal\/","title":{"rendered":"\u00datvonal"},"content":{"rendered":"<section class=\"l-section wpb_row height_custom with_img\"><div class=\"l-section-img\" role=\"img\" data-img-width=\"1920\" data-img-height=\"1080\" style=\"background-image: url(https:\/\/riverride.com\/wp-content\/uploads\/2023\/10\/bg-3.jpg);background-repeat: no-repeat;\"><\/div><div class=\"l-section-overlay\" style=\"background:linear-gradient(90deg,rgba(0,0,0,0.55),rgba(0,0,0,0))\"><\/div><div class=\"l-section-h i-cf\"><div class=\"g-cols vc_row via_grid cols_1 laptops-cols_inherit tablets-cols_inherit mobiles-cols_1 valign_top type_default stacking_default\"><div class=\"wpb_column vc_column_container\"><div class=\"vc_column-inner\"><h1 class=\"w-post-elm post_title us_custom_4b38c0d9 has_text_color align_left entry-title color_link_inherit\">\u00datvonal<\/h1><\/div><\/div><\/div><\/div><\/section><section class=\"l-section wpb_row us_custom_123a346c height_auto\"><div class=\"l-section-h i-cf\"><div class=\"g-cols vc_row via_grid cols_2 laptops-cols_inherit tablets-cols_inherit mobiles-cols_1 valign_middle type_boxes stacking_default\" style=\"--gap:0rem;\"><div class=\"wpb_column vc_column_container us_custom_9fe34223 has_bg_color stretched\"><div class=\"vc_column-inner\"><div class=\"w-separator size_custom\" style=\"height:60vh\" id=\"c904\"><style>@media(max-width:600px){ #c904{height:30vh!important}}<\/style><\/div><\/div><\/div><div class=\"wpb_column vc_column_container us_custom_0b3d45b0 stretched\"><div class=\"vc_column-inner\">[vc_custom_heading text=&#8221;Magyar Tudom\u00e1nyos Akad\u00e9mia&#8221; use_theme_fonts=&#8221;yes&#8221; css=&#8221;%7B%22default%22%3A%7B%22margin-bottom%22%3A%220%22%2C%22animation-name%22%3A%22afr%22%2C%22animation-delay%22%3A%22200ms%22%7D%7D&#8221;]<div class=\"w-separator us_custom_27c4c0fc us_animate_this size_custom with_line width_default thick_5 style_solid color_secondary align_left\" style=\"height:20px\"><div class=\"w-separator-h\"><\/div><\/div><div class=\"wpb_text_column us_custom_5f6af3fd us_animate_this\"><div class=\"wpb_wrapper\"><p>T\u00far\u00e1nk att\u00f3l az \u00e9p\u00fclett\u0151l indul, ahol a Magyarorsz\u00e1g legokosabb, legb\u00f6lcsebb emberei dolgoznak. Az Akad\u00e9mia alap\u00edt\u00e1s\u00e1t gr\u00f3f Sz\u00e9chenyi Istv\u00e1n nev\u00e9hez k\u00f6tj\u00fck, akir\u0151l a t\u00e9rr\u0151l indul\u00f3 Sz\u00e9chenyi L\u00e1nch\u00edd is a nev\u00e9t kapta.<\/p>\n<\/div><\/div><\/div><\/div><\/div><\/div><\/section><section class=\"l-section wpb_row height_auto\"><div class=\"l-section-h i-cf\"><div class=\"g-cols vc_row via_grid cols_2 laptops-cols_inherit tablets-cols_inherit mobiles-cols_1 valign_middle type_boxes reversed stacking_default\" style=\"--gap:0rem;\"><div class=\"wpb_column vc_column_container us_custom_806d2330 stretched\"><div class=\"vc_column-inner\">[vc_custom_heading text=&#8221;Zsinag\u00f3ga&#8221; use_theme_fonts=&#8221;yes&#8221; css=&#8221;%7B%22default%22%3A%7B%22margin-bottom%22%3A%220%22%2C%22animation-name%22%3A%22afr%22%2C%22animation-delay%22%3A%22200ms%22%7D%7D&#8221;]<div class=\"w-separator us_custom_27c4c0fc us_animate_this size_custom with_line width_default thick_5 style_solid color_secondary align_left\" style=\"height:20px\"><div class=\"w-separator-h\"><\/div><\/div><div class=\"wpb_text_column us_custom_5f6af3fd us_animate_this\"><div class=\"wpb_wrapper\"><p>A RiverRide t\u00far\u00e1j\u00e1nak m\u00e1sodik l\u00e1tv\u00e1nyoss\u00e1ga a 3000 f\u0151 befogad\u00f3k\u00e9pess\u00e9g\u0171 Doh\u00e1ny utcai Zsinag\u00f3ga, amelynek renov\u00e1l\u00e1si k\u00f6lts\u00e9geihez a magyar sz\u00e1rmaz\u00e1s\u00fa hollywoodi szt\u00e1r, Tony Curtis is hozz\u00e1j\u00e1rult.<\/p>\n<\/div><\/div><\/div><\/div><div class=\"wpb_column vc_column_container us_custom_9b85ee5f has_bg_color stretched\"><div class=\"vc_column-inner\"><div class=\"w-separator size_custom\" style=\"height:60vh\" id=\"l229\"><style>@media(max-width:600px){ #l229{height:30vh!important}}<\/style><\/div><\/div><\/div><\/div><\/div><\/section><section class=\"l-section wpb_row height_auto\"><div class=\"l-section-h i-cf\"><div class=\"g-cols vc_row via_grid cols_2 laptops-cols_inherit tablets-cols_inherit mobiles-cols_1 valign_middle type_boxes stacking_default\" style=\"--gap:0rem;\"><div class=\"wpb_column vc_column_container us_custom_abab8b0c has_bg_color stretched\"><div class=\"vc_column-inner\"><div class=\"w-separator size_custom\" style=\"height:60vh\" id=\"k424\"><style>@media(max-width:600px){ #k424{height:30vh!important}}<\/style><\/div><\/div><\/div><div class=\"wpb_column vc_column_container us_custom_0b3d45b0 stretched\"><div class=\"vc_column-inner\">[vc_custom_heading text=&#8221;Operah\u00e1z&#8221; use_theme_fonts=&#8221;yes&#8221; css=&#8221;%7B%22default%22%3A%7B%22margin-bottom%22%3A%220%22%2C%22animation-name%22%3A%22afr%22%2C%22animation-delay%22%3A%22200ms%22%7D%7D&#8221;]<div class=\"w-separator us_custom_27c4c0fc us_animate_this size_custom with_line width_default thick_5 style_solid color_secondary align_left\" style=\"height:20px\"><div class=\"w-separator-h\"><\/div><\/div><div class=\"wpb_text_column us_custom_5f6af3fd us_animate_this\"><div class=\"wpb_wrapper\"><p>Az Andr\u00e1ssy \u00faton, a vil\u00e1g nagy divatm\u00e1rk\u00e1i k\u00f6z\u00f6tt haladva pillanthatjuk meg az \u2013 egy k\u00e9tes h\u00edrnev\u0171 cs\u00e1rda hely\u00e9n l\u00e9v\u0151 \u2013 Operah\u00e1zat, amely Ferenc J\u00f3zsef enged\u00e9ly\u00e9vel \u00e9p\u00fclhetett, azonban az osztr\u00e1k cs\u00e1sz\u00e1r kik\u00f6t\u00f6tte, hogy kisebbnek kell lennie, mint a b\u00e9csi operah\u00e1znak.<\/p>\n<\/div><\/div><\/div><\/div><\/div><\/div><\/section><section class=\"l-section wpb_row height_auto\"><div class=\"l-section-h i-cf\"><div class=\"g-cols vc_row via_grid cols_2 laptops-cols_inherit tablets-cols_inherit mobiles-cols_1 valign_middle type_boxes reversed stacking_default\" style=\"--gap:0rem;\"><div class=\"wpb_column vc_column_container us_custom_0b3d45b0 stretched\"><div class=\"vc_column-inner\">[vc_custom_heading text=&#8221;H\u0151s\u00f6k tere&#8221; use_theme_fonts=&#8221;yes&#8221; css=&#8221;%7B%22default%22%3A%7B%22margin-bottom%22%3A%220px%22%2C%22animation-name%22%3A%22afr%22%2C%22animation-delay%22%3A%22200ms%22%7D%7D&#8221;]<div class=\"w-separator us_custom_27c4c0fc us_animate_this size_custom with_line width_default thick_5 style_solid color_secondary align_left\" style=\"height:20px\"><div class=\"w-separator-h\"><\/div><\/div><div class=\"wpb_text_column us_custom_5f6af3fd us_animate_this\"><div class=\"wpb_wrapper\"><p>Az Oktogont \u00e9s a Kod\u00e1ly k\u00f6r\u00f6nd\u00f6t elhagyva, az Andr\u00e1ssy \u00fat v\u00e9g\u00e9n \u00e9rkez\u00fcnk el a H\u0151s\u00f6k ter\u00e9n tal\u00e1lhat\u00f3, egy d\u00edszk\u00fat hely\u00e9re \u00e9p\u00fclt Milleniumi eml\u00e9km\u0171h\u00f6z, amely a budapesti vil\u00e1gki\u00e1ll\u00edt\u00e1sra \u00e9p\u00fclt.<\/p>\n<\/div><\/div><\/div><\/div><div class=\"wpb_column vc_column_container us_custom_ebc307c8 has_bg_color stretched\"><div class=\"vc_column-inner\"><div class=\"w-separator size_custom\" style=\"height:60vh\" id=\"baff\"><style>@media(max-width:600px){ #baff{height:30vh!important}}<\/style><\/div><\/div><\/div><\/div><\/div><\/section><section class=\"l-section wpb_row height_auto\"><div class=\"l-section-h i-cf\"><div class=\"g-cols vc_row via_grid cols_2 laptops-cols_inherit tablets-cols_inherit mobiles-cols_1 valign_middle type_boxes stacking_default\" style=\"--gap:0rem;\"><div class=\"wpb_column vc_column_container us_custom_d928bcaf has_bg_color stretched\"><div class=\"vc_column-inner\"><div class=\"w-separator size_custom\" style=\"height:60vh\" id=\"xd5e\"><style>@media(max-width:600px){ #xd5e{height:30vh!important}}<\/style><\/div><\/div><\/div><div class=\"wpb_column vc_column_container us_custom_0b3d45b0 stretched\"><div class=\"vc_column-inner\">[vc_custom_heading text=&#8221;Csobban\u00e1s&#8221; use_theme_fonts=&#8221;yes&#8221; css=&#8221;%7B%22default%22%3A%7B%22margin-bottom%22%3A%220px%22%2C%22animation-name%22%3A%22afr%22%2C%22animation-delay%22%3A%22200ms%22%7D%7D&#8221;]<div class=\"w-separator us_custom_27c4c0fc us_animate_this size_custom with_line width_default thick_5 style_solid color_secondary align_left\" style=\"height:20px\"><div class=\"w-separator-h\"><\/div><\/div><div class=\"wpb_text_column us_custom_5f6af3fd us_animate_this\"><div class=\"wpb_wrapper\"><p>A RiverRide k\u00e9t\u00e9lt\u0171je nem csak utasainak ny\u00fajt \u00e9lm\u00e9nyt, hanem a Duna partj\u00e1n szeml\u00e9l\u0151d\u0151knek is. Sokakat vonz az a pillanat, amikor a 70 m\u00e9ter hossz\u00fa r\u00e1mpa tetej\u00e9r\u0151l buszk\u00e9nt indul el, majd haj\u00f3k\u00e9nt csobban a v\u00edzbe.<\/p>\n<\/div><\/div><\/div><\/div><\/div><\/div><\/section><section class=\"l-section wpb_row height_auto\"><div class=\"l-section-h i-cf\"><div class=\"g-cols vc_row via_grid cols_2 laptops-cols_inherit tablets-cols_inherit mobiles-cols_1 valign_middle type_boxes reversed stacking_default\" style=\"--gap:0rem;\"><div class=\"wpb_column vc_column_container us_custom_0b3d45b0 stretched\"><div class=\"vc_column-inner\">[vc_custom_heading text=&#8221;Parlament&#8221; use_theme_fonts=&#8221;yes&#8221; css=&#8221;%7B%22default%22%3A%7B%22margin-bottom%22%3A%220px%22%2C%22animation-name%22%3A%22afr%22%2C%22animation-delay%22%3A%22200ms%22%7D%7D&#8221;]<div class=\"w-separator us_custom_27c4c0fc us_animate_this size_custom with_line width_default thick_5 style_solid color_secondary align_left\" style=\"height:20px\"><div class=\"w-separator-h\"><\/div><\/div><div class=\"wpb_text_column us_custom_5f6af3fd us_animate_this\"><div class=\"wpb_wrapper\"><p>Miut\u00e1n mindenki kigy\u00f6ny\u00f6rk\u00f6dte mag\u00e1t a Margitszigetben, meghallgatta az \u00e9rdekes inform\u00e1ci\u00f3kat a Dun\u00e1r\u00f3l \u00e9s a RiverRide k\u00e9t\u00e9lt\u0171j\u00e9r\u0151l, a Margit-hidat magunk m\u00f6g\u00f6tt hagyva meg\u00e9rkez\u00fcnk ahhoz az \u00e9p\u00fclethez, aminek az \u00e1r\u00e1r\u00f3l \u00e9s h\u00e1l\u00f3szob\u00e1i sz\u00e1m\u00e1r\u00f3l Queen legend\u00e1s \u00e9nekese, Freddie Mercury 1986-ban viccesen \u00e9rdekl\u0151d\u00f6tt. A Parlament \u00e1r\u00e1b\u00f3l egy\u00e9bk\u00e9nt egy 35-40 ezres v\u00e1rost fel lehetett volna \u00e9p\u00edteni az 1900-as \u00e9vek elej\u00e9n.<\/p>\n<\/div><\/div><\/div><\/div><div class=\"wpb_column vc_column_container us_custom_199129e3 has_bg_color stretched\"><div class=\"vc_column-inner\"><div class=\"w-separator size_custom\" style=\"height:60vh\" id=\"r451\"><style>@media(max-width:600px){ #r451{height:30vh!important}}<\/style><\/div><\/div><\/div><\/div><\/div><\/section><section class=\"l-section wpb_row height_auto\"><div class=\"l-section-h i-cf\"><div class=\"g-cols vc_row via_grid cols_2 laptops-cols_inherit tablets-cols_inherit mobiles-cols_1 valign_middle type_boxes stacking_default\" style=\"--gap:0rem;\"><div class=\"wpb_column vc_column_container us_custom_39a56f81 has_bg_color stretched\"><div class=\"vc_column-inner\"><div class=\"w-separator size_custom\" style=\"height:60vh\" id=\"g62b\"><style>@media(max-width:600px){ #g62b{height:30vh!important}}<\/style><\/div><\/div><\/div><div class=\"wpb_column vc_column_container us_custom_0b3d45b0 stretched\"><div class=\"vc_column-inner\">[vc_custom_heading text=&#8221;Budai v\u00e1r&#8221; use_theme_fonts=&#8221;yes&#8221; css=&#8221;%7B%22default%22%3A%7B%22margin-bottom%22%3A%220px%22%2C%22animation-name%22%3A%22afr%22%2C%22animation-delay%22%3A%22200ms%22%7D%7D&#8221;]<div class=\"w-separator us_custom_27c4c0fc us_animate_this size_custom with_line width_default thick_5 style_solid color_secondary align_left\" style=\"height:20px\"><div class=\"w-separator-h\"><\/div><\/div><div class=\"wpb_text_column us_custom_5f6af3fd us_animate_this\"><div class=\"wpb_wrapper\"><p>Mik\u00f6zben a bal oldalon \u00fcl\u0151k a Parlamentben gy\u00f6ny\u00f6rk\u00f6dnek, a jobb oldaliak sem unatkoznak. \u0150k Budapestnek azt a r\u00e9sz\u00e9t csod\u00e1lhatj\u00e1k meg, amit a tat\u00e1rok, osztr\u00e1kok, szovjetek, magyarok ostromoltak, amelynek polg\u00e1rai ki\u00e1tkozt\u00e1k a r\u00f3mai p\u00e1p\u00e1t, ahov\u00e1 a t\u00f6r\u00f6k\u00f6k csellel vonultak be (\u00e9s 150 \u00e9vig ki sem j\u00f6ttek onnan), majd n\u00e9meteket k\u00f6lt\u00f6ztettek oda, \u00e9s a m\u00e1sodik vil\u00e1gh\u00e1bor\u00fa alatt bomb\u00e1zt\u00e1k. Mindezek mellett az \u00e9pp aktu\u00e1lis lakosok, kir\u00e1lyok \u00e9p\u00edtett\u00e9k, sz\u00e9p\u00edtett\u00e9k is a Budai V\u00e1rat, amelyet term\u00e9szetesen fordul\u00e1s ut\u00e1n a bal oldali utasaink is megn\u00e9zhetnek.<\/p>\n<\/div><\/div><\/div><\/div><\/div><\/div><\/section>\n","protected":false},"excerpt":{"rendered":"\u00datvonal[vc_custom_heading text=\"Magyar Tudom\u00e1nyos Akad\u00e9mia\" use_theme_fonts=\"yes\" css=\"%7B%22default%22%3A%7B%22margin-bottom%22%3A%220%22%2C%22animation-name%22%3A%22afr%22%2C%22animation-delay%22%3A%22200ms%22%7D%7D\"]T\u00far\u00e1nk att\u00f3l az \u00e9p\u00fclett\u0151l indul, ahol a Magyarorsz\u00e1g legokosabb, legb\u00f6lcsebb emberei dolgoznak. Az Akad\u00e9mia alap\u00edt\u00e1s\u00e1t gr\u00f3f Sz\u00e9chenyi Istv\u00e1n nev\u00e9hez k\u00f6tj\u00fck, akir\u0151l a t\u00e9rr\u0151l indul\u00f3 Sz\u00e9chenyi L\u00e1nch\u00edd is a nev\u00e9t kapta. [vc_custom_heading text=\"Zsinag\u00f3ga\" use_theme_fonts=\"yes\" css=\"%7B%22default%22%3A%7B%22margin-bottom%22%3A%220%22%2C%22animation-name%22%3A%22afr%22%2C%22animation-delay%22%3A%22200ms%22%7D%7D\"]A RiverRide t\u00far\u00e1j\u00e1nak m\u00e1sodik l\u00e1tv\u00e1nyoss\u00e1ga a 3000 f\u0151 befogad\u00f3k\u00e9pess\u00e9g\u0171 Doh\u00e1ny utcai Zsinag\u00f3ga, amelynek renov\u00e1l\u00e1si k\u00f6lts\u00e9geihez a magyar...","protected":false},"author":1,"featured_media":0,"parent":0,"menu_order":0,"comment_status":"closed","ping_status":"closed","template":"","meta":{"footnotes":""},"class_list":["post-503","page","type-page","status-publish","hentry"],"yoast_head":"<!-- This site is optimized with the Yoast SEO plugin v26.8 - https:\/\/yoast.com\/product\/yoast-seo-wordpress\/ -->\n<title>\u00datvonal | River Ride<\/title>\n<meta name=\"description\" content=\"Egy k\u00fcl\u00f6nleges n\u00e9z\u0151pontb\u00f3l csod\u00e1lhatj\u00e1k meg Budapest nevezetess\u00e9geit. T\u00f6bbek k\u00f6z\u00f6tt a Parlamentet \u00e9s a Budai V\u00e1rat.\" \/>\n<meta name=\"robots\" content=\"index, follow, max-snippet:-1, max-image-preview:large, max-video-preview:-1\" \/>\n<link rel=\"canonical\" href=\"https:\/\/riverride.com\/hu\/utvonal\/\" \/>\n<meta property=\"og:locale\" content=\"hu_HU\" \/>\n<meta property=\"og:type\" content=\"article\" \/>\n<meta property=\"og:title\" content=\"\u00datvonal | River Ride\" \/>\n<meta property=\"og:description\" content=\"Egy k\u00fcl\u00f6nleges n\u00e9z\u0151pontb\u00f3l csod\u00e1lhatj\u00e1k meg Budapest nevezetess\u00e9geit. T\u00f6bbek k\u00f6z\u00f6tt a Parlamentet \u00e9s a Budai V\u00e1rat.\" \/>\n<meta property=\"og:url\" content=\"https:\/\/riverride.com\/hu\/utvonal\/\" \/>\n<meta property=\"og:site_name\" content=\"River Ride\" \/>\n<meta property=\"article:publisher\" content=\"https:\/\/www.facebook.com\/riverridebudapest\" \/>\n<meta property=\"article:modified_time\" content=\"2024-04-10T08:15:38+00:00\" \/>\n<meta name=\"twitter:card\" content=\"summary_large_image\" \/>\n<meta name=\"twitter:label1\" content=\"Becs\u00fclt olvas\u00e1si id\u0151\" \/>\n\t<meta name=\"twitter:data1\" content=\"3 perc\" \/>\n<script type=\"application\/ld+json\" class=\"yoast-schema-graph\">{\"@context\":\"https:\/\/schema.org\",\"@graph\":[{\"@type\":\"WebPage\",\"@id\":\"https:\/\/riverride.com\/hu\/utvonal\/\",\"url\":\"https:\/\/riverride.com\/hu\/utvonal\/\",\"name\":\"\u00datvonal | River Ride\",\"isPartOf\":{\"@id\":\"https:\/\/riverride.com\/hu\/#website\"},\"datePublished\":\"2023-07-20T10:32:35+00:00\",\"dateModified\":\"2024-04-10T08:15:38+00:00\",\"description\":\"Egy k\u00fcl\u00f6nleges n\u00e9z\u0151pontb\u00f3l csod\u00e1lhatj\u00e1k meg Budapest nevezetess\u00e9geit. T\u00f6bbek k\u00f6z\u00f6tt a Parlamentet \u00e9s a Budai V\u00e1rat.\",\"breadcrumb\":{\"@id\":\"https:\/\/riverride.com\/hu\/utvonal\/#breadcrumb\"},\"inLanguage\":\"hu\",\"potentialAction\":[{\"@type\":\"ReadAction\",\"target\":[\"https:\/\/riverride.com\/hu\/utvonal\/\"]}]},{\"@type\":\"BreadcrumbList\",\"@id\":\"https:\/\/riverride.com\/hu\/utvonal\/#breadcrumb\",\"itemListElement\":[{\"@type\":\"ListItem\",\"position\":1,\"name\":\"Kezd\u0151lap\",\"item\":\"https:\/\/riverride.com\/hu\/\"},{\"@type\":\"ListItem\",\"position\":2,\"name\":\"\u00datvonal\"}]},{\"@type\":\"WebSite\",\"@id\":\"https:\/\/riverride.com\/hu\/#website\",\"url\":\"https:\/\/riverride.com\/hu\/\",\"name\":\"River Ride\",\"description\":\"V\u00e1rosn\u00e9z\u00e9s k\u00e9t\u00e9lt\u0171 v\u00edzibusszal\",\"publisher\":{\"@id\":\"https:\/\/riverride.com\/hu\/#organization\"},\"potentialAction\":[{\"@type\":\"SearchAction\",\"target\":{\"@type\":\"EntryPoint\",\"urlTemplate\":\"https:\/\/riverride.com\/hu\/?s={search_term_string}\"},\"query-input\":{\"@type\":\"PropertyValueSpecification\",\"valueRequired\":true,\"valueName\":\"search_term_string\"}}],\"inLanguage\":\"hu\"},{\"@type\":\"Organization\",\"@id\":\"https:\/\/riverride.com\/hu\/#organization\",\"name\":\"River Ride Budapest\",\"alternateName\":\"River Ride\",\"url\":\"https:\/\/riverride.com\/hu\/\",\"logo\":{\"@type\":\"ImageObject\",\"inLanguage\":\"hu\",\"@id\":\"https:\/\/riverride.com\/hu\/#\/schema\/logo\/image\/\",\"url\":\"https:\/\/riverride.com\/wp-content\/uploads\/2023\/07\/River-icon@2x-8.png\",\"contentUrl\":\"https:\/\/riverride.com\/wp-content\/uploads\/2023\/07\/River-icon@2x-8.png\",\"width\":122,\"height\":122,\"caption\":\"River Ride Budapest\"},\"image\":{\"@id\":\"https:\/\/riverride.com\/hu\/#\/schema\/logo\/image\/\"},\"sameAs\":[\"https:\/\/www.facebook.com\/riverridebudapest\"]}]}<\/script>\n<!-- \/ Yoast SEO plugin. -->","yoast_head_json":{"title":"\u00datvonal | River Ride","description":"Egy k\u00fcl\u00f6nleges n\u00e9z\u0151pontb\u00f3l csod\u00e1lhatj\u00e1k meg Budapest nevezetess\u00e9geit. T\u00f6bbek k\u00f6z\u00f6tt a Parlamentet \u00e9s a Budai V\u00e1rat.","robots":{"index":"index","follow":"follow","max-snippet":"max-snippet:-1","max-image-preview":"max-image-preview:large","max-video-preview":"max-video-preview:-1"},"canonical":"https:\/\/riverride.com\/hu\/utvonal\/","og_locale":"hu_HU","og_type":"article","og_title":"\u00datvonal | River Ride","og_description":"Egy k\u00fcl\u00f6nleges n\u00e9z\u0151pontb\u00f3l csod\u00e1lhatj\u00e1k meg Budapest nevezetess\u00e9geit. T\u00f6bbek k\u00f6z\u00f6tt a Parlamentet \u00e9s a Budai V\u00e1rat.","og_url":"https:\/\/riverride.com\/hu\/utvonal\/","og_site_name":"River Ride","article_publisher":"https:\/\/www.facebook.com\/riverridebudapest","article_modified_time":"2024-04-10T08:15:38+00:00","twitter_card":"summary_large_image","twitter_misc":{"Becs\u00fclt olvas\u00e1si id\u0151":"3 perc"},"schema":{"@context":"https:\/\/schema.org","@graph":[{"@type":"WebPage","@id":"https:\/\/riverride.com\/hu\/utvonal\/","url":"https:\/\/riverride.com\/hu\/utvonal\/","name":"\u00datvonal | River Ride","isPartOf":{"@id":"https:\/\/riverride.com\/hu\/#website"},"datePublished":"2023-07-20T10:32:35+00:00","dateModified":"2024-04-10T08:15:38+00:00","description":"Egy k\u00fcl\u00f6nleges n\u00e9z\u0151pontb\u00f3l csod\u00e1lhatj\u00e1k meg Budapest nevezetess\u00e9geit. T\u00f6bbek k\u00f6z\u00f6tt a Parlamentet \u00e9s a Budai V\u00e1rat.","breadcrumb":{"@id":"https:\/\/riverride.com\/hu\/utvonal\/#breadcrumb"},"inLanguage":"hu","potentialAction":[{"@type":"ReadAction","target":["https:\/\/riverride.com\/hu\/utvonal\/"]}]},{"@type":"BreadcrumbList","@id":"https:\/\/riverride.com\/hu\/utvonal\/#breadcrumb","itemListElement":[{"@type":"ListItem","position":1,"name":"Kezd\u0151lap","item":"https:\/\/riverride.com\/hu\/"},{"@type":"ListItem","position":2,"name":"\u00datvonal"}]},{"@type":"WebSite","@id":"https:\/\/riverride.com\/hu\/#website","url":"https:\/\/riverride.com\/hu\/","name":"River Ride","description":"V\u00e1rosn\u00e9z\u00e9s k\u00e9t\u00e9lt\u0171 v\u00edzibusszal","publisher":{"@id":"https:\/\/riverride.com\/hu\/#organization"},"potentialAction":[{"@type":"SearchAction","target":{"@type":"EntryPoint","urlTemplate":"https:\/\/riverride.com\/hu\/?s={search_term_string}"},"query-input":{"@type":"PropertyValueSpecification","valueRequired":true,"valueName":"search_term_string"}}],"inLanguage":"hu"},{"@type":"Organization","@id":"https:\/\/riverride.com\/hu\/#organization","name":"River Ride Budapest","alternateName":"River Ride","url":"https:\/\/riverride.com\/hu\/","logo":{"@type":"ImageObject","inLanguage":"hu","@id":"https:\/\/riverride.com\/hu\/#\/schema\/logo\/image\/","url":"https:\/\/riverride.com\/wp-content\/uploads\/2023\/07\/River-icon@2x-8.png","contentUrl":"https:\/\/riverride.com\/wp-content\/uploads\/2023\/07\/River-icon@2x-8.png","width":122,"height":122,"caption":"River Ride Budapest"},"image":{"@id":"https:\/\/riverride.com\/hu\/#\/schema\/logo\/image\/"},"sameAs":["https:\/\/www.facebook.com\/riverridebudapest"]}]}},"_links":{"self":[{"href":"https:\/\/riverride.com\/hu\/wp-json\/wp\/v2\/pages\/503","targetHints":{"allow":["GET"]}}],"collection":[{"href":"https:\/\/riverride.com\/hu\/wp-json\/wp\/v2\/pages"}],"about":[{"href":"https:\/\/riverride.com\/hu\/wp-json\/wp\/v2\/types\/page"}],"author":[{"embeddable":true,"href":"https:\/\/riverride.com\/hu\/wp-json\/wp\/v2\/users\/1"}],"replies":[{"embeddable":true,"href":"https:\/\/riverride.com\/hu\/wp-json\/wp\/v2\/comments?post=503"}],"version-history":[{"count":34,"href":"https:\/\/riverride.com\/hu\/wp-json\/wp\/v2\/pages\/503\/revisions"}],"predecessor-version":[{"id":1121,"href":"https:\/\/riverride.com\/hu\/wp-json\/wp\/v2\/pages\/503\/revisions\/1121"}],"wp:attachment":[{"href":"https:\/\/riverride.com\/hu\/wp-json\/wp\/v2\/media?parent=503"}],"curies":[{"name":"wp","href":"https:\/\/api.w.org\/{rel}","templated":true}]}}