{"id":21,"date":"2022-02-15T17:30:15","date_gmt":"2022-02-15T17:30:15","guid":{"rendered":"https:\/\/impreza41.us-themes.com\/?page_id=21"},"modified":"2024-04-10T09:17:00","modified_gmt":"2024-04-10T08:17:00","slug":"vizibusz","status":"publish","type":"page","link":"https:\/\/riverride.com\/hu\/vizibusz\/","title":{"rendered":"V\u00edzibusz"},"content":{"rendered":"<section class=\"l-section wpb_row height_custom with_img\"><div class=\"l-section-img\" role=\"img\" data-img-width=\"1920\" data-img-height=\"1080\" style=\"background-image: url(https:\/\/riverride.com\/wp-content\/uploads\/2023\/10\/bg-3.jpg);background-repeat: no-repeat;\"><\/div><div class=\"l-section-overlay\" style=\"background:linear-gradient(90deg,rgba(0,0,0,0.55),rgba(0,0,0,0))\"><\/div><div class=\"l-section-h i-cf\"><div class=\"g-cols vc_row via_grid cols_1 laptops-cols_inherit tablets-cols_inherit mobiles-cols_1 valign_top type_default stacking_default\"><div class=\"wpb_column vc_column_container\"><div class=\"vc_column-inner\"><h1 class=\"w-post-elm post_title us_custom_4b38c0d9 has_text_color align_left entry-title color_link_inherit\">V\u00edzibusz<\/h1><\/div><\/div><\/div><\/div><\/section><section class=\"l-section wpb_row us_custom_a61e2493 height_large with_shape\"><div class=\"l-section-shape type_custom pos_bottom\" style=\"height:45%;color:var(--color-content-bg-alt)\"><svg xmlns=\"http:\/\/www.w3.org\/2000\/svg\" viewBox=\"0 0 64 8\" preserveAspectRatio=\"none\" width=\"100%\" height=\"100%\">\r\n\t<path fill=\"currentColor\" d=\"M64 8 L0 8 L0 0 L64 0 Z\"\/>\r\n<\/svg><\/div><div class=\"l-section-h i-cf\"><div class=\"g-cols vc_row via_grid cols_1 laptops-cols_inherit tablets-cols_inherit mobiles-cols_1 valign_top type_default reversed stacking_default\"><div class=\"wpb_column vc_column_container\"><div class=\"vc_column-inner\"><div class=\"g-cols wpb_row us_custom_b0d0ffd1 via_grid cols_2 laptops-cols_inherit tablets-cols_1 mobiles-cols_1 valign_middle type_default reversed stacking_default\" style=\"--gap:0rem;\"><div class=\"wpb_column vc_column_container\"><div class=\"vc_column-inner\"><h3 class=\"w-text us_custom_ab150622 us_animate_this\"><span class=\"w-text-h\"><span class=\"w-text-value\">Miben hasonl\u00edt a RiverRide \u00fasz\u00f3busza \u00e9s a Millenniumi f\u00f6ldalatti?<\/span><\/span><\/h3><div class=\"w-separator size_small\"><\/div><div class=\"wpb_text_column us_custom_50573a3e us_animate_this\"><div class=\"wpb_wrapper\"><p>Mindkett\u0151 s\u00e1rga, mindkett\u0151 Budapesten k\u00f6zlekedik \u00e9s mindkett\u0151 az els\u0151 volt az eur\u00f3pai kontinensen a maga kateg\u00f3ri\u00e1j\u00e1ban.<\/p>\n<p>\u00dasz\u00f3buszunk a kisf\u00f6ldalattin\u00e1l 113 \u00e9vvel k\u00e9s\u0151bb, 2009-ben indult h\u00f3d\u00edt\u00f3 \u00fatj\u00e1ra. Sokak szerint a legnagyobb el\u0151ny\u00fcnk, hogy be tudunk menni a Dun\u00e1ba. Szerint\u00fcnk az fontosabb, hogy ki is tudunk j\u00f6nni bel\u0151le.<\/p>\n<p>Ez\u00e9rt k\u00e9rj\u00fck, ha egy s\u00e1rga buszt l\u00e1t \u00faszni a Dun\u00e1ban, ne h\u00edvja a t\u0171zolt\u00f3kat, mert<\/p>\n<blockquote>\n<p>ez az a busz, ami tud \u00faszni a Dun\u00e1n.<\/p>\n<\/blockquote>\n<\/div><\/div><\/div><\/div><div class=\"wpb_column vc_column_container\"><div class=\"vc_column-inner\"><div class=\"w-image us_custom_dc528241 has_ratio align_none\"><div class=\"w-image-h\"><div style=\"padding-bottom:100%\"><\/div><img decoding=\"async\" width=\"1920\" height=\"1280\" src=\"https:\/\/riverride.com\/wp-content\/uploads\/2023\/07\/0013_A90A7264.jpg\" class=\"attachment-full size-full\" alt=\"\" srcset=\"https:\/\/riverride.com\/wp-content\/uploads\/2023\/07\/0013_A90A7264.jpg 1920w, https:\/\/riverride.com\/wp-content\/uploads\/2023\/07\/0013_A90A7264-300x200.jpg 300w, https:\/\/riverride.com\/wp-content\/uploads\/2023\/07\/0013_A90A7264-1024x683.jpg 1024w\" sizes=\"(max-width: 1920px) 100vw, 1920px\" \/><\/div><\/div><\/div><\/div><\/div><\/div><\/div><\/div><\/div><\/section>\n","protected":false},"excerpt":{"rendered":"V\u00edzibusz Miben hasonl\u00edt a RiverRide \u00fasz\u00f3busza \u00e9s a Millenniumi f\u00f6ldalatti?Mindkett\u0151 s\u00e1rga, mindkett\u0151 Budapesten k\u00f6zlekedik \u00e9s mindkett\u0151 az els\u0151 volt az eur\u00f3pai kontinensen a maga kateg\u00f3ri\u00e1j\u00e1ban. \u00dasz\u00f3buszunk a kisf\u00f6ldalattin\u00e1l 113 \u00e9vvel k\u00e9s\u0151bb, 2009-ben indult h\u00f3d\u00edt\u00f3 \u00fatj\u00e1ra. Sokak szerint a legnagyobb el\u0151ny\u00fcnk, hogy be tudunk menni a Dun\u00e1ba. Szerint\u00fcnk az fontosabb, hogy ki is tudunk j\u00f6nni bel\u0151le....","protected":false},"author":1,"featured_media":0,"parent":0,"menu_order":0,"comment_status":"closed","ping_status":"closed","template":"","meta":{"footnotes":""},"class_list":["post-21","page","type-page","status-publish","hentry"],"yoast_head":"<!-- This site is optimized with the Yoast SEO plugin v26.8 - https:\/\/yoast.com\/product\/yoast-seo-wordpress\/ -->\n<title>V\u00edzibusz | River Ride<\/title>\n<meta name=\"description\" content=\"Ismerd meg a RiverRide v\u00edzibuszt, ami \u00faj dimenzi\u00f3t nyit meg a v\u00e1rosn\u00e9z\u00e9sben! Fedezd fel Budapestet a Dun\u00e1r\u00f3l!\" \/>\n<meta name=\"robots\" content=\"index, follow, max-snippet:-1, max-image-preview:large, max-video-preview:-1\" \/>\n<link rel=\"canonical\" href=\"https:\/\/riverride.com\/hu\/vizibusz\/\" \/>\n<meta property=\"og:locale\" content=\"hu_HU\" \/>\n<meta property=\"og:type\" content=\"article\" \/>\n<meta property=\"og:title\" content=\"V\u00edzibusz | River Ride\" \/>\n<meta property=\"og:description\" content=\"Ismerd meg a RiverRide v\u00edzibuszt, ami \u00faj dimenzi\u00f3t nyit meg a v\u00e1rosn\u00e9z\u00e9sben! Fedezd fel Budapestet a Dun\u00e1r\u00f3l!\" \/>\n<meta property=\"og:url\" content=\"https:\/\/riverride.com\/hu\/vizibusz\/\" \/>\n<meta property=\"og:site_name\" content=\"River Ride\" \/>\n<meta property=\"article:publisher\" content=\"https:\/\/www.facebook.com\/riverridebudapest\" \/>\n<meta property=\"article:modified_time\" content=\"2024-04-10T08:17:00+00:00\" \/>\n<meta name=\"twitter:card\" content=\"summary_large_image\" \/>\n<meta name=\"twitter:label1\" content=\"Becs\u00fclt olvas\u00e1si id\u0151\" \/>\n\t<meta name=\"twitter:data1\" content=\"1 perc\" \/>\n<script type=\"application\/ld+json\" class=\"yoast-schema-graph\">{\"@context\":\"https:\/\/schema.org\",\"@graph\":[{\"@type\":\"WebPage\",\"@id\":\"https:\/\/riverride.com\/hu\/vizibusz\/\",\"url\":\"https:\/\/riverride.com\/hu\/vizibusz\/\",\"name\":\"V\u00edzibusz | River Ride\",\"isPartOf\":{\"@id\":\"https:\/\/riverride.com\/hu\/#website\"},\"datePublished\":\"2022-02-15T17:30:15+00:00\",\"dateModified\":\"2024-04-10T08:17:00+00:00\",\"description\":\"Ismerd meg a RiverRide v\u00edzibuszt, ami \u00faj dimenzi\u00f3t nyit meg a v\u00e1rosn\u00e9z\u00e9sben! Fedezd fel Budapestet a Dun\u00e1r\u00f3l!\",\"breadcrumb\":{\"@id\":\"https:\/\/riverride.com\/hu\/vizibusz\/#breadcrumb\"},\"inLanguage\":\"hu\",\"potentialAction\":[{\"@type\":\"ReadAction\",\"target\":[\"https:\/\/riverride.com\/hu\/vizibusz\/\"]}]},{\"@type\":\"BreadcrumbList\",\"@id\":\"https:\/\/riverride.com\/hu\/vizibusz\/#breadcrumb\",\"itemListElement\":[{\"@type\":\"ListItem\",\"position\":1,\"name\":\"Kezd\u0151lap\",\"item\":\"https:\/\/riverride.com\/hu\/\"},{\"@type\":\"ListItem\",\"position\":2,\"name\":\"V\u00edzibusz\"}]},{\"@type\":\"WebSite\",\"@id\":\"https:\/\/riverride.com\/hu\/#website\",\"url\":\"https:\/\/riverride.com\/hu\/\",\"name\":\"River Ride\",\"description\":\"V\u00e1rosn\u00e9z\u00e9s k\u00e9t\u00e9lt\u0171 v\u00edzibusszal\",\"publisher\":{\"@id\":\"https:\/\/riverride.com\/hu\/#organization\"},\"potentialAction\":[{\"@type\":\"SearchAction\",\"target\":{\"@type\":\"EntryPoint\",\"urlTemplate\":\"https:\/\/riverride.com\/hu\/?s={search_term_string}\"},\"query-input\":{\"@type\":\"PropertyValueSpecification\",\"valueRequired\":true,\"valueName\":\"search_term_string\"}}],\"inLanguage\":\"hu\"},{\"@type\":\"Organization\",\"@id\":\"https:\/\/riverride.com\/hu\/#organization\",\"name\":\"River Ride Budapest\",\"alternateName\":\"River Ride\",\"url\":\"https:\/\/riverride.com\/hu\/\",\"logo\":{\"@type\":\"ImageObject\",\"inLanguage\":\"hu\",\"@id\":\"https:\/\/riverride.com\/hu\/#\/schema\/logo\/image\/\",\"url\":\"https:\/\/riverride.com\/wp-content\/uploads\/2023\/07\/River-icon@2x-8.png\",\"contentUrl\":\"https:\/\/riverride.com\/wp-content\/uploads\/2023\/07\/River-icon@2x-8.png\",\"width\":122,\"height\":122,\"caption\":\"River Ride Budapest\"},\"image\":{\"@id\":\"https:\/\/riverride.com\/hu\/#\/schema\/logo\/image\/\"},\"sameAs\":[\"https:\/\/www.facebook.com\/riverridebudapest\"]}]}<\/script>\n<!-- \/ Yoast SEO plugin. -->","yoast_head_json":{"title":"V\u00edzibusz | River Ride","description":"Ismerd meg a RiverRide v\u00edzibuszt, ami \u00faj dimenzi\u00f3t nyit meg a v\u00e1rosn\u00e9z\u00e9sben! Fedezd fel Budapestet a Dun\u00e1r\u00f3l!","robots":{"index":"index","follow":"follow","max-snippet":"max-snippet:-1","max-image-preview":"max-image-preview:large","max-video-preview":"max-video-preview:-1"},"canonical":"https:\/\/riverride.com\/hu\/vizibusz\/","og_locale":"hu_HU","og_type":"article","og_title":"V\u00edzibusz | River Ride","og_description":"Ismerd meg a RiverRide v\u00edzibuszt, ami \u00faj dimenzi\u00f3t nyit meg a v\u00e1rosn\u00e9z\u00e9sben! Fedezd fel Budapestet a Dun\u00e1r\u00f3l!","og_url":"https:\/\/riverride.com\/hu\/vizibusz\/","og_site_name":"River Ride","article_publisher":"https:\/\/www.facebook.com\/riverridebudapest","article_modified_time":"2024-04-10T08:17:00+00:00","twitter_card":"summary_large_image","twitter_misc":{"Becs\u00fclt olvas\u00e1si id\u0151":"1 perc"},"schema":{"@context":"https:\/\/schema.org","@graph":[{"@type":"WebPage","@id":"https:\/\/riverride.com\/hu\/vizibusz\/","url":"https:\/\/riverride.com\/hu\/vizibusz\/","name":"V\u00edzibusz | River Ride","isPartOf":{"@id":"https:\/\/riverride.com\/hu\/#website"},"datePublished":"2022-02-15T17:30:15+00:00","dateModified":"2024-04-10T08:17:00+00:00","description":"Ismerd meg a RiverRide v\u00edzibuszt, ami \u00faj dimenzi\u00f3t nyit meg a v\u00e1rosn\u00e9z\u00e9sben! Fedezd fel Budapestet a Dun\u00e1r\u00f3l!","breadcrumb":{"@id":"https:\/\/riverride.com\/hu\/vizibusz\/#breadcrumb"},"inLanguage":"hu","potentialAction":[{"@type":"ReadAction","target":["https:\/\/riverride.com\/hu\/vizibusz\/"]}]},{"@type":"BreadcrumbList","@id":"https:\/\/riverride.com\/hu\/vizibusz\/#breadcrumb","itemListElement":[{"@type":"ListItem","position":1,"name":"Kezd\u0151lap","item":"https:\/\/riverride.com\/hu\/"},{"@type":"ListItem","position":2,"name":"V\u00edzibusz"}]},{"@type":"WebSite","@id":"https:\/\/riverride.com\/hu\/#website","url":"https:\/\/riverride.com\/hu\/","name":"River Ride","description":"V\u00e1rosn\u00e9z\u00e9s k\u00e9t\u00e9lt\u0171 v\u00edzibusszal","publisher":{"@id":"https:\/\/riverride.com\/hu\/#organization"},"potentialAction":[{"@type":"SearchAction","target":{"@type":"EntryPoint","urlTemplate":"https:\/\/riverride.com\/hu\/?s={search_term_string}"},"query-input":{"@type":"PropertyValueSpecification","valueRequired":true,"valueName":"search_term_string"}}],"inLanguage":"hu"},{"@type":"Organization","@id":"https:\/\/riverride.com\/hu\/#organization","name":"River Ride Budapest","alternateName":"River Ride","url":"https:\/\/riverride.com\/hu\/","logo":{"@type":"ImageObject","inLanguage":"hu","@id":"https:\/\/riverride.com\/hu\/#\/schema\/logo\/image\/","url":"https:\/\/riverride.com\/wp-content\/uploads\/2023\/07\/River-icon@2x-8.png","contentUrl":"https:\/\/riverride.com\/wp-content\/uploads\/2023\/07\/River-icon@2x-8.png","width":122,"height":122,"caption":"River Ride Budapest"},"image":{"@id":"https:\/\/riverride.com\/hu\/#\/schema\/logo\/image\/"},"sameAs":["https:\/\/www.facebook.com\/riverridebudapest"]}]}},"_links":{"self":[{"href":"https:\/\/riverride.com\/hu\/wp-json\/wp\/v2\/pages\/21","targetHints":{"allow":["GET"]}}],"collection":[{"href":"https:\/\/riverride.com\/hu\/wp-json\/wp\/v2\/pages"}],"about":[{"href":"https:\/\/riverride.com\/hu\/wp-json\/wp\/v2\/types\/page"}],"author":[{"embeddable":true,"href":"https:\/\/riverride.com\/hu\/wp-json\/wp\/v2\/users\/1"}],"replies":[{"embeddable":true,"href":"https:\/\/riverride.com\/hu\/wp-json\/wp\/v2\/comments?post=21"}],"version-history":[{"count":13,"href":"https:\/\/riverride.com\/hu\/wp-json\/wp\/v2\/pages\/21\/revisions"}],"predecessor-version":[{"id":549,"href":"https:\/\/riverride.com\/hu\/wp-json\/wp\/v2\/pages\/21\/revisions\/549"}],"wp:attachment":[{"href":"https:\/\/riverride.com\/hu\/wp-json\/wp\/v2\/media?parent=21"}],"curies":[{"name":"wp","href":"https:\/\/api.w.org\/{rel}","templated":true}]}}