{"id":1035,"date":"2023-09-20T14:42:25","date_gmt":"2023-09-20T14:42:25","guid":{"rendered":"http:\/\/riverride.com\/?page_id=1035"},"modified":"2023-10-20T11:13:35","modified_gmt":"2023-10-20T11:13:35","slug":"utazasi-feltetelek","status":"publish","type":"page","link":"https:\/\/riverride.com\/hu\/utazasi-feltetelek\/","title":{"rendered":"Utaz\u00e1si felt\u00e9telek"},"content":{"rendered":"<section class=\"l-section wpb_row height_custom with_img\"><div class=\"l-section-img\" role=\"img\" data-img-width=\"1920\" data-img-height=\"1080\" style=\"background-image: url(https:\/\/riverride.com\/wp-content\/uploads\/2023\/10\/bg-3.jpg);background-repeat: no-repeat;\"><\/div><div class=\"l-section-overlay\" style=\"background:linear-gradient(90deg,rgba(0,0,0,0.55),rgba(0,0,0,0))\"><\/div><div class=\"l-section-h i-cf\"><div class=\"g-cols vc_row via_grid cols_1 laptops-cols_inherit tablets-cols_inherit mobiles-cols_1 valign_top type_default stacking_default\"><div class=\"wpb_column vc_column_container\"><div class=\"vc_column-inner\"><h1 class=\"w-post-elm post_title us_custom_4b38c0d9 has_text_color align_left entry-title color_link_inherit\">Utaz\u00e1si felt\u00e9telek<\/h1><\/div><\/div><\/div><\/div><\/section><section class=\"l-section wpb_row height_custom\"><div class=\"l-section-h i-cf\"><div class=\"g-cols vc_row via_grid cols_1 laptops-cols_inherit tablets-cols_inherit mobiles-cols_1 valign_top type_default stacking_default\"><div class=\"wpb_column vc_column_container\"><div class=\"vc_column-inner\"><div class=\"wpb_text_column\"><div class=\"wpb_wrapper\"><h3>Jegyek<\/h3>\n<p>A jegyek nem visszav\u00e1lthat\u00f3ak, nem \u00e1truh\u00e1zhat\u00f3ak. Amennyiben az utas lek\u00e9si az indul\u00e1st, a jegy \u00e1r\u00e1t visszat\u00e9r\u00edteni nem \u00e1ll m\u00f3dunkban \u2013 k\u00e9rj\u00fck, hogy foglal\u00e1sn\u00e1l adja meg mobiltelefonsz\u00e1m\u00e1t, \u00edgy \u00e9rtes\u00edteni tudjuk abban az esetben, ha a j\u00e1rat valamilyen okn\u00e1l fogva nem indul el. Amennyiben az utas lek\u00e9si az indul\u00e1st, vagy rajta k\u00edv\u00fcl\u00e1ll\u00f3 ok miatt nem tud jelen lenni a j\u00e1rat indul\u00e1s\u00e1n\u00e1l, \u00e9s azt id\u0151ben jelzi, t\u00e1rsas\u00e1gunknak m\u00f3dj\u00e1ban \u00e1ll felaj\u00e1nlani egy alternat\u00edv id\u0151pontot.<\/p>\n<h3>J\u00e1ratindul\u00e1s<\/h3>\n<p>K\u00e9rj\u00fck, hogy a j\u00e1rat indul\u00e1sa el\u0151tt legk\u00e9s\u0151bb 10 perccel jelenjen meg a busz indul\u00e1s\u00e1nak helysz\u00edn\u00e9n. Az \u00fcl\u00e9sek el\u0151re nem foglalhat\u00f3ak, \u00e9rkez\u00e9si sorrendben t\u00f6rt\u00e9nik a besz\u00e1ll\u00e1s \u00e9s helyfoglal\u00e1s.<\/p>\n<h3>Doh\u00e1nyz\u00e1s, \u00e9tkez\u00e9s<\/h3>\n<p>K\u00e9rj\u00fck a doh\u00e1nyz\u00e1s \u00e9s \u00e9tkez\u00e9s mell\u0151z\u00e9s\u00e9t a j\u00e1rm\u0171v\u00f6n.<\/p>\n<h3>Gyermekek<\/h3>\n<p>Gyermekek 6 \u00e9ven aluli gyermek csak feln\u0151tt k\u00eds\u00e9ret\u00e9ben utazhat. Egy feln\u0151tt maximum k\u00e9t 6 \u00e9v alatti gyermeket k\u00eds\u00e9rhet egyszerre. A j\u00e1rm\u0171v\u00f6n nem \u00e1ll rendelkez\u00e9sre t\u00e1rol\u00e1si lehet\u0151s\u00e9g, ez\u00e9rt babakocsi nem vihet\u0151 a fed\u00e9lzetre, de saj\u00e1t felel\u0151ss\u00e9gre leadhat\u00f3 meg\u0151rz\u00e9sre munkat\u00e1rsainkn\u00e1l.<\/p>\n<h3>Tal\u00e1lt t\u00e1rgyak<\/h3>\n<p>B\u00e1r a Riverride Kft. mindent megtesz az elt\u0171nt \u00e9rt\u00e9kt\u00e1rgyak visszajuttat\u00e1s\u00e1\u00e9rt, nem v\u00e1llal felel\u0151ss\u00e9get a j\u00e1rm\u0171v\u00f6n hagyott \u00e9rt\u00e9kek\u00e9rt. A buszon tal\u00e1lt t\u00e1rgyak fel\u0151l irod\u00e1nkban, az 1052 Budapest, Akad\u00e9mia u. 1. sz\u00e1m alatt vagy a 354 3933-as telefonsz\u00e1mon \u00e9rdekl\u0151dhet.<\/p>\n<h3>Baleset \u00e9s k\u00e1r<\/h3>\n<p>T\u00e1rsas\u00e1gunk nem fogad el semmilyen k\u00f6vetel\u00e9st kellemetlens\u00e9g, k\u00e9sedelem, k\u00e1r, baleset, k\u00f6zvetlen, vagy k\u00f6zvetett vesztes\u00e9g eset\u00e9n (kiv\u00e9ve hal\u00e1l, vagy szem\u00e9lyi s\u00e9r\u00fcl\u00e9s), kiz\u00e1r\u00f3lag abban az esetben, ha azt t\u00e1rsas\u00e1gunk alkalmazottainak sz\u00e1nd\u00e9koss\u00e1ga okozta.<\/p>\n<h3>Visszat\u00e9r\u00edt\u00e9s<\/h3>\n<p>A jegyek \u00e1r\u00e1nak visszat\u00e9r\u00edt\u00e9s\u00e9re az al\u00e1bbi esetekben van lehet\u0151s\u00e9g:<\/p>\n<ul>\n<li>Rossz id\u0151j\u00e1r\u00e1s miatt kimarad\u00f3 j\u00e1rat<\/li>\n<li>T\u00e1rsas\u00e1gunknak felr\u00f3hat\u00f3 okb\u00f3l kimarad\u00f3 j\u00e1rat<\/li>\n<li>Amennyiben az indul\u00e1s t\u00f6bb mint egy \u00f3r\u00e1t k\u00e9sik<\/li>\n<\/ul>\n<h3>J\u00e1rat m\u00f3dos\u00edt\u00e1sok<\/h3>\n<p>Alacsony kapacit\u00e1skihaszn\u00e1lts\u00e1g eset\u00e9n el\u0151fordulhat a j\u00e1rat el\u0151zetes jelz\u00e9s n\u00e9lk\u00fcli t\u00f6rl\u00e9se. Ebben az esetben aj\u00e1nlunk egy, az \u00d6n sz\u00e1m\u00e1ra megfelel\u0151 alternat\u00edv id\u0151pontot vagy visszat\u00e9r\u00edtj\u00fck jegy\u00e9nek teljes \u00e9rt\u00e9k\u00e9t.<br \/>\nA j\u00e1ratok \u00e9s az \u00fatvonalak el\u0151zetes jelz\u00e9s n\u00e9lk\u00fcl v\u00e1ltozhatnak; el\u0151fordulhat, hogy a j\u00e1ratok nem az el\u0151zetesen k\u00f6z\u00f6ltek szerint k\u00f6zlekednek. Id\u0151nk\u00e9nt bizonyos l\u00e1tv\u00e1nyoss\u00e1gok nem l\u00e1that\u00f3ak, nem megtekinthet\u0151ek. A k\u00f6z\u00fati \u00e9s v\u00edzi viszonyokt\u00f3l f\u00fcgg\u0151en el\u0151fordulhat, hogy a j\u00e1ratok k\u00e9s\u00e9ssel indulnak, vagy hosszabb ideig tarthatnak, mint ahogy az az el\u0151zetesen k\u00f6z\u00f6lt inform\u00e1ci\u00f3s anyagokban, online kiadv\u00e1nyban szerepel. K\u00e9rj\u00fck, ezt vegye figyelembe az id\u0151pont kiv\u00e1laszt\u00e1s\u00e1n\u00e1l (f\u0151k\u00e9nt, ha m\u00e1s tervezett id\u0151pontfoglal\u00e1sa is van). A j\u00e1ratok hossz\u00e1nak id\u0151tartama megk\u00f6zel\u00edt\u0151leg ker\u00fclt meghat\u00e1roz\u00e1sra, az nem minden esetben betarthat\u00f3.<\/p>\n<h3>\u00c1ltal\u00e1nos felt\u00e9telek<\/h3>\n<p>Amennyiben \u00fagy \u00edt\u00e9lj\u00fck meg, hogy az utas viselked\u00e9se zavar\u00f3, s\u00e9rt\u0151, kellemetlen m\u00e1s utasokra n\u00e9zve, el\u0151fordulhat, hogy megvonjuk a szolg\u00e1ltat\u00e1s ig\u00e9nybev\u00e9tel\u00e9nek lehet\u0151s\u00e9g\u00e9t, \u00e9s nem v\u00e1llalunk tov\u00e1bbi felel\u0151ss\u00e9get az utas\u00e9rt. Ez esetben a jegy \u00e1r\u00e1nak visszat\u00e9r\u00edt\u00e9s\u00e9re nincs lehet\u0151s\u00e9g. A jegy megv\u00e1s\u00e1rl\u00e1s\u00e1val \u00e9s a szolg\u00e1ltat\u00e1s ig\u00e9nybev\u00e9tel\u00e9vel az utas a jelen utaz\u00e1si felt\u00e9teleket elfogadja. A foglal\u00e1sra vonatkoz\u00f3 egy\u00e9b \u00fcgyekben a magyar jogszab\u00e1lyok az ir\u00e1nyad\u00f3ak. A Riverride Kft. javasolja utasbiztos\u00edt\u00e1s v\u00e1s\u00e1rl\u00e1s\u00e1t.<\/p>\n<h3>Internetes foglal\u00e1s<\/h3>\n<p>Fizet\u00e9s \u00e9s d\u00edjszab\u00e1s Web\u00e1ruh\u00e1zunk r\u00e9sz\u00e9re az OTP Bank Nyrt. biztos\u00edtja a k\u00e1rtyaelfogad\u00e1s lehet\u0151s\u00e9g\u00e9t, biztons\u00e1gos, SSL protokollt haszn\u00e1l\u00f3 k\u00e1rtyaelfogad\u00f3 rendszere \u00e1ltal. Bankk\u00e1rty\u00e1s fizet\u00e9skor \u00d6nt \u00e1tir\u00e1ny\u00edtjuk az OTP Bank fizet\u0151oldal\u00e1ra, \u00edgy a fizet\u00e9s k\u00f6zvetlen\u00fcl a Bank \u00e1ltal \u00fczemeltetett, a nemzetk\u00f6zi k\u00e1rtyat\u00e1rsas\u00e1gok szab\u00e1lyai \u00e9s biztons\u00e1gi el\u0151\u00edr\u00e1sai szerint m\u0171k\u00f6d\u0151 oldalon t\u00f6rt\u00e9nik, \u00e9s nem a web\u00e1ruh\u00e1z oldal\u00e1n. Az internetes \u00e1ruh\u00e1z az \u00d6n k\u00e1rtya-, illetve a m\u00f6g\u00f6tte \u00e1ll\u00f3 sz\u00e1mla adatainak, sz\u00e1m\u00e1nak, lej\u00e1rati d\u00e1tum\u00e1nak semmilyen form\u00e1ban nincs birtok\u00e1ban, abba betekint\u00e9st nem nyerhet. K\u00e9rj\u00fck olvassa el az OTP Bank v\u00e1s\u00e1rl\u00f3i t\u00e1j\u00e9koztat\u00f3j\u00e1t! Minden jegyet bankk\u00e1rty\u00e1val el\u0151v\u00e9telben kell megv\u00e1ltani a jegy foglal\u00e1sakor. Amennyiben a Riverride Kft. nem kap autoriz\u00e1ci\u00f3t a megadott bankk\u00e1rty\u00e1hoz, \u00fagy a rendszer \u00e9rtes\u00edti \u00d6nt. Az Interneten t\u00f6rt\u00e9n\u0151 v\u00e1s\u00e1rl\u00e1st k\u00f6vet\u0151 48 \u00f3r\u00e1n bel\u00fcl az utas visszaigazol\u00e1st kap az \u00e1rr\u00f3l \u00e9s minden kapcsol\u00f3d\u00f3 inform\u00e1ci\u00f3r\u00f3l, az E-Ticket a lehet\u0151 legr\u00f6videbb id\u0151n bel\u00fcl ki\u00e1ll\u00edt\u00e1sra ker\u00fcl. Amennyiben bankk\u00e1rty\u00e1val t\u00f6rt\u00e9nik a fizet\u00e9s, \u00fagy \u00d6n kijelenti, hogy \u00d6n a k\u00e1rtya tulajdonosa, illet\u0151leg felhatalmaz\u00e1ssal rendelkezik a bankk\u00e1rtya tulajdonos\u00e1t\u00f3l annak haszn\u00e1lat\u00e1ra. Amennyiben a bankk\u00e1rtya visszautas\u00edt\u00e1sra ker\u00fcl, vagy k\u00e9s\u0151bb k\u00e9ts\u00e9gbe von\u00e1sra ker\u00fcl b\u00e1rmilyen okn\u00e1l fogva, \u00fagy \u00d6n v\u00e1llalja, hogy megt\u00e9r\u00edti a Riverride Kft.-t\u0151l megrendelt szolg\u00e1ltat\u00e1s ellen\u00e9rt\u00e9k\u00e9t. A weboldalon szerepl\u0151 d\u00edjak a Riverride Kft. \u00e1ltal meg\u00e1llap\u00edtott d\u00edjak \u00e9s nem m\u00e1s jogi szem\u00e9ly d\u00edjai.<\/p>\n<h3>Visszaigazol\u00e1s \u00e9s E-Ticket (elektronikus jegy)<\/h3>\n<p>Egy elektronikus jegy visszaigazol\u00e1st k\u00fcld\u00fcnk e-mailen, ami alapesetben 48 \u00f3r\u00e1n bel\u00fcl meg kell, hogy \u00e9rkezzen. Amennyiben az \u00d6n j\u00e1rata 48 \u00f3r\u00e1n bel\u00fcl indul, abban az esetben az elektronikus jegyet a lehet\u0151 legr\u00f6videbb id\u0151n bel\u00fcl elk\u00fcldj\u00fck \u00d6nnek. \u00a0Internet \u2013 a vev\u0151 \u00e1ltal elfogadott hivatalos k\u00f6zvet\u00edt\u0151i csatorna Riverride Kft. internetes foglal\u00e1si \u00e9s e-ticket v\u00e1s\u00e1rl\u00e1si szolg\u00e1ltat\u00e1st ny\u00fajt. Vev\u0151 hivatalos k\u00f6zvet\u00edt\u0151i csatornak\u00e9nt elfogadja az Internetet, tov\u00e1bb\u00e1 elfogadja azt, hogy a Riverride Kft. az e-ticketet online biztos\u00edtja, e-mailben elk\u00fcldve azt. A vev\u0151 felel\u0151ss\u00e9ge, hogy megbizonyosodjon arr\u00f3l, hogy az e-ticketet kinyomtatta a weboldalr\u00f3l, amelyet a Riverride Kft. szolg\u00e1ltat.<\/p>\n<\/div><\/div><\/div><\/div><\/div><\/div><\/section>\n","protected":false},"excerpt":{"rendered":"Utaz\u00e1si felt\u00e9telekJegyek A jegyek nem visszav\u00e1lthat\u00f3ak, nem \u00e1truh\u00e1zhat\u00f3ak. Amennyiben az utas lek\u00e9si az indul\u00e1st, a jegy \u00e1r\u00e1t visszat\u00e9r\u00edteni nem \u00e1ll m\u00f3dunkban \u2013 k\u00e9rj\u00fck, hogy foglal\u00e1sn\u00e1l adja meg mobiltelefonsz\u00e1m\u00e1t, \u00edgy \u00e9rtes\u00edteni tudjuk abban az esetben, ha a j\u00e1rat valamilyen okn\u00e1l fogva nem indul el. Amennyiben az utas lek\u00e9si az indul\u00e1st, vagy rajta k\u00edv\u00fcl\u00e1ll\u00f3 ok miatt nem...","protected":false},"author":1,"featured_media":0,"parent":0,"menu_order":0,"comment_status":"closed","ping_status":"closed","template":"","meta":{"footnotes":""},"class_list":["post-1035","page","type-page","status-publish","hentry"],"yoast_head":"<!-- This site is optimized with the Yoast SEO plugin v26.8 - https:\/\/yoast.com\/product\/yoast-seo-wordpress\/ -->\n<title>Utaz\u00e1si felt\u00e9telek | River Ride<\/title>\n<meta name=\"robots\" content=\"index, follow, max-snippet:-1, max-image-preview:large, max-video-preview:-1\" \/>\n<link rel=\"canonical\" href=\"https:\/\/riverride.com\/hu\/utazasi-feltetelek\/\" \/>\n<meta property=\"og:locale\" content=\"hu_HU\" \/>\n<meta property=\"og:type\" content=\"article\" \/>\n<meta property=\"og:title\" content=\"Utaz\u00e1si felt\u00e9telek | River Ride\" \/>\n<meta property=\"og:url\" content=\"https:\/\/riverride.com\/hu\/utazasi-feltetelek\/\" \/>\n<meta property=\"og:site_name\" content=\"River Ride\" \/>\n<meta property=\"article:publisher\" content=\"https:\/\/www.facebook.com\/riverridebudapest\" \/>\n<meta property=\"article:modified_time\" content=\"2023-10-20T11:13:35+00:00\" \/>\n<meta name=\"twitter:card\" content=\"summary_large_image\" \/>\n<meta name=\"twitter:label1\" content=\"Becs\u00fclt olvas\u00e1si id\u0151\" \/>\n\t<meta name=\"twitter:data1\" content=\"4 perc\" \/>\n<script type=\"application\/ld+json\" class=\"yoast-schema-graph\">{\"@context\":\"https:\/\/schema.org\",\"@graph\":[{\"@type\":\"WebPage\",\"@id\":\"https:\/\/riverride.com\/hu\/utazasi-feltetelek\/\",\"url\":\"https:\/\/riverride.com\/hu\/utazasi-feltetelek\/\",\"name\":\"Utaz\u00e1si felt\u00e9telek | River Ride\",\"isPartOf\":{\"@id\":\"https:\/\/riverride.com\/hu\/#website\"},\"datePublished\":\"2023-09-20T14:42:25+00:00\",\"dateModified\":\"2023-10-20T11:13:35+00:00\",\"breadcrumb\":{\"@id\":\"https:\/\/riverride.com\/hu\/utazasi-feltetelek\/#breadcrumb\"},\"inLanguage\":\"hu\",\"potentialAction\":[{\"@type\":\"ReadAction\",\"target\":[\"https:\/\/riverride.com\/hu\/utazasi-feltetelek\/\"]}]},{\"@type\":\"BreadcrumbList\",\"@id\":\"https:\/\/riverride.com\/hu\/utazasi-feltetelek\/#breadcrumb\",\"itemListElement\":[{\"@type\":\"ListItem\",\"position\":1,\"name\":\"Kezd\u0151lap\",\"item\":\"https:\/\/riverride.com\/hu\/\"},{\"@type\":\"ListItem\",\"position\":2,\"name\":\"Utaz\u00e1si felt\u00e9telek\"}]},{\"@type\":\"WebSite\",\"@id\":\"https:\/\/riverride.com\/hu\/#website\",\"url\":\"https:\/\/riverride.com\/hu\/\",\"name\":\"River Ride\",\"description\":\"V\u00e1rosn\u00e9z\u00e9s k\u00e9t\u00e9lt\u0171 v\u00edzibusszal\",\"publisher\":{\"@id\":\"https:\/\/riverride.com\/hu\/#organization\"},\"potentialAction\":[{\"@type\":\"SearchAction\",\"target\":{\"@type\":\"EntryPoint\",\"urlTemplate\":\"https:\/\/riverride.com\/hu\/?s={search_term_string}\"},\"query-input\":{\"@type\":\"PropertyValueSpecification\",\"valueRequired\":true,\"valueName\":\"search_term_string\"}}],\"inLanguage\":\"hu\"},{\"@type\":\"Organization\",\"@id\":\"https:\/\/riverride.com\/hu\/#organization\",\"name\":\"River Ride Budapest\",\"alternateName\":\"River Ride\",\"url\":\"https:\/\/riverride.com\/hu\/\",\"logo\":{\"@type\":\"ImageObject\",\"inLanguage\":\"hu\",\"@id\":\"https:\/\/riverride.com\/hu\/#\/schema\/logo\/image\/\",\"url\":\"https:\/\/riverride.com\/wp-content\/uploads\/2023\/07\/River-icon@2x-8.png\",\"contentUrl\":\"https:\/\/riverride.com\/wp-content\/uploads\/2023\/07\/River-icon@2x-8.png\",\"width\":122,\"height\":122,\"caption\":\"River Ride Budapest\"},\"image\":{\"@id\":\"https:\/\/riverride.com\/hu\/#\/schema\/logo\/image\/\"},\"sameAs\":[\"https:\/\/www.facebook.com\/riverridebudapest\"]}]}<\/script>\n<!-- \/ Yoast SEO plugin. -->","yoast_head_json":{"title":"Utaz\u00e1si felt\u00e9telek | River Ride","robots":{"index":"index","follow":"follow","max-snippet":"max-snippet:-1","max-image-preview":"max-image-preview:large","max-video-preview":"max-video-preview:-1"},"canonical":"https:\/\/riverride.com\/hu\/utazasi-feltetelek\/","og_locale":"hu_HU","og_type":"article","og_title":"Utaz\u00e1si felt\u00e9telek | River Ride","og_url":"https:\/\/riverride.com\/hu\/utazasi-feltetelek\/","og_site_name":"River Ride","article_publisher":"https:\/\/www.facebook.com\/riverridebudapest","article_modified_time":"2023-10-20T11:13:35+00:00","twitter_card":"summary_large_image","twitter_misc":{"Becs\u00fclt olvas\u00e1si id\u0151":"4 perc"},"schema":{"@context":"https:\/\/schema.org","@graph":[{"@type":"WebPage","@id":"https:\/\/riverride.com\/hu\/utazasi-feltetelek\/","url":"https:\/\/riverride.com\/hu\/utazasi-feltetelek\/","name":"Utaz\u00e1si felt\u00e9telek | River Ride","isPartOf":{"@id":"https:\/\/riverride.com\/hu\/#website"},"datePublished":"2023-09-20T14:42:25+00:00","dateModified":"2023-10-20T11:13:35+00:00","breadcrumb":{"@id":"https:\/\/riverride.com\/hu\/utazasi-feltetelek\/#breadcrumb"},"inLanguage":"hu","potentialAction":[{"@type":"ReadAction","target":["https:\/\/riverride.com\/hu\/utazasi-feltetelek\/"]}]},{"@type":"BreadcrumbList","@id":"https:\/\/riverride.com\/hu\/utazasi-feltetelek\/#breadcrumb","itemListElement":[{"@type":"ListItem","position":1,"name":"Kezd\u0151lap","item":"https:\/\/riverride.com\/hu\/"},{"@type":"ListItem","position":2,"name":"Utaz\u00e1si felt\u00e9telek"}]},{"@type":"WebSite","@id":"https:\/\/riverride.com\/hu\/#website","url":"https:\/\/riverride.com\/hu\/","name":"River Ride","description":"V\u00e1rosn\u00e9z\u00e9s k\u00e9t\u00e9lt\u0171 v\u00edzibusszal","publisher":{"@id":"https:\/\/riverride.com\/hu\/#organization"},"potentialAction":[{"@type":"SearchAction","target":{"@type":"EntryPoint","urlTemplate":"https:\/\/riverride.com\/hu\/?s={search_term_string}"},"query-input":{"@type":"PropertyValueSpecification","valueRequired":true,"valueName":"search_term_string"}}],"inLanguage":"hu"},{"@type":"Organization","@id":"https:\/\/riverride.com\/hu\/#organization","name":"River Ride Budapest","alternateName":"River Ride","url":"https:\/\/riverride.com\/hu\/","logo":{"@type":"ImageObject","inLanguage":"hu","@id":"https:\/\/riverride.com\/hu\/#\/schema\/logo\/image\/","url":"https:\/\/riverride.com\/wp-content\/uploads\/2023\/07\/River-icon@2x-8.png","contentUrl":"https:\/\/riverride.com\/wp-content\/uploads\/2023\/07\/River-icon@2x-8.png","width":122,"height":122,"caption":"River Ride Budapest"},"image":{"@id":"https:\/\/riverride.com\/hu\/#\/schema\/logo\/image\/"},"sameAs":["https:\/\/www.facebook.com\/riverridebudapest"]}]}},"_links":{"self":[{"href":"https:\/\/riverride.com\/hu\/wp-json\/wp\/v2\/pages\/1035","targetHints":{"allow":["GET"]}}],"collection":[{"href":"https:\/\/riverride.com\/hu\/wp-json\/wp\/v2\/pages"}],"about":[{"href":"https:\/\/riverride.com\/hu\/wp-json\/wp\/v2\/types\/page"}],"author":[{"embeddable":true,"href":"https:\/\/riverride.com\/hu\/wp-json\/wp\/v2\/users\/1"}],"replies":[{"embeddable":true,"href":"https:\/\/riverride.com\/hu\/wp-json\/wp\/v2\/comments?post=1035"}],"version-history":[{"count":4,"href":"https:\/\/riverride.com\/hu\/wp-json\/wp\/v2\/pages\/1035\/revisions"}],"predecessor-version":[{"id":1127,"href":"https:\/\/riverride.com\/hu\/wp-json\/wp\/v2\/pages\/1035\/revisions\/1127"}],"wp:attachment":[{"href":"https:\/\/riverride.com\/hu\/wp-json\/wp\/v2\/media?parent=1035"}],"curies":[{"name":"wp","href":"https:\/\/api.w.org\/{rel}","templated":true}]}}