{"id":1018,"date":"2023-09-20T14:10:05","date_gmt":"2023-09-20T14:10:05","guid":{"rendered":"http:\/\/riverride.com\/?page_id=1018"},"modified":"2024-03-26T12:58:35","modified_gmt":"2024-03-26T11:58:35","slug":"gyik","status":"publish","type":"page","link":"https:\/\/riverride.com\/hu\/gyik\/","title":{"rendered":"GYIK"},"content":{"rendered":"<section class=\"l-section wpb_row height_custom with_img\"><div class=\"l-section-img\" role=\"img\" data-img-width=\"1920\" data-img-height=\"1080\" style=\"background-image: url(https:\/\/riverride.com\/wp-content\/uploads\/2023\/10\/bg-3.jpg);background-repeat: no-repeat;\"><\/div><div class=\"l-section-overlay\" style=\"background:linear-gradient(90deg,rgba(0,0,0,0.55),rgba(0,0,0,0))\"><\/div><div class=\"l-section-h i-cf\"><div class=\"g-cols vc_row via_grid cols_1 laptops-cols_inherit tablets-cols_inherit mobiles-cols_1 valign_top type_default stacking_default\"><div class=\"wpb_column vc_column_container\"><div class=\"vc_column-inner\"><h1 class=\"w-post-elm post_title us_custom_4b38c0d9 has_text_color align_left entry-title color_link_inherit\">GYIK<\/h1><\/div><\/div><\/div><\/div><\/section><section class=\"l-section wpb_row height_custom\"><div class=\"l-section-h i-cf\"><div class=\"g-cols vc_row via_grid cols_1 laptops-cols_inherit tablets-cols_inherit mobiles-cols_1 valign_top type_default stacking_default\"><div class=\"wpb_column vc_column_container\"><div class=\"vc_column-inner\"><div class=\"w-tabs style_default switch_click accordion has_scrolling\" style=\"--sections-title-size:calc( 16px + 0.2vmax )\"><div class=\"w-tabs-sections titles-align_none icon_chevron cpos_left\"><div class=\"w-tabs-section active\" id=\"gbe0\" itemscope itemprop=\"mainEntity\" itemtype=\"https:\/\/schema.org\/Question\"><button class=\"w-tabs-section-header active\" aria-controls=\"content-gbe0\" aria-expanded=\"true\"><h4 class=\"w-tabs-section-title\" itemprop=\"name\">Milyen nyelv\u0171 az idegenvezet\u00e9s?<\/h4><div class=\"w-tabs-section-control\"><\/div><\/button><div  class=\"w-tabs-section-content\" id=\"content-gbe0\" itemscope itemprop=\"acceptedAnswer\" itemtype=\"https:\/\/schema.org\/Answer\"><div class=\"w-tabs-section-content-h i-cf\" itemprop=\"text\"><div class=\"wpb_text_column\"><div class=\"wpb_wrapper\"><p>Minden j\u00e1ratunkon ig\u00e9ny szerint \u00e9l\u0151 angol \u00e9s n\u00e9met idegenvezet\u00e9s van. Mellette megtal\u00e1lhat\u00f3 a g\u00e9pi magyar, angol, n\u00e9met, orosz, olasz, francia, spanyol, h\u00e9ber, d\u00e1n, sv\u00e9d, rom\u00e1n, ukr\u00e1n idegenvezet\u00e9s is.<\/p>\n<\/div><\/div><\/div><\/div><\/div><div class=\"w-tabs-section\" id=\"vd27\" itemscope itemprop=\"mainEntity\" itemtype=\"https:\/\/schema.org\/Question\"><button class=\"w-tabs-section-header\" aria-controls=\"content-vd27\" aria-expanded=\"false\"><h4 class=\"w-tabs-section-title\" itemprop=\"name\">Van-e WC a buszon?<\/h4><div class=\"w-tabs-section-control\"><\/div><\/button><div  class=\"w-tabs-section-content\" id=\"content-vd27\" itemscope itemprop=\"acceptedAnswer\" itemtype=\"https:\/\/schema.org\/Answer\"><div class=\"w-tabs-section-content-h i-cf\" itemprop=\"text\"><div class=\"wpb_text_column\"><div class=\"wpb_wrapper\"><p>A buszon nincsen WC, de az indul\u00e1si \u2013 \u00e9rkez\u00e9si hely k\u00f6zel\u00e9ben van.<\/p>\n<\/div><\/div><\/div><\/div><\/div><div class=\"w-tabs-section\" id=\"ne47\" itemscope itemprop=\"mainEntity\" itemtype=\"https:\/\/schema.org\/Question\"><button class=\"w-tabs-section-header\" aria-controls=\"content-ne47\" aria-expanded=\"false\"><h4 class=\"w-tabs-section-title\" itemprop=\"name\">Z\u00e1rt-e a busz?<\/h4><div class=\"w-tabs-section-control\"><\/div><\/button><div  class=\"w-tabs-section-content\" id=\"content-ne47\" itemscope itemprop=\"acceptedAnswer\" itemtype=\"https:\/\/schema.org\/Answer\"><div class=\"w-tabs-section-content-h i-cf\" itemprop=\"text\"><div class=\"wpb_text_column\"><div class=\"wpb_wrapper\"><p>Az \u00fasz\u00f3 busz ny\u00e1ron h\u0171t\u00f6tt, t\u00e9len f\u0171t\u00f6tt, z\u00e1rt j\u00e1rm\u0171, \u00edgy es\u0151ben \u00e9s h\u00f3ban is ide\u00e1lis program Budapest megismer\u00e9s\u00e9re.<\/p>\n<\/div><\/div><\/div><\/div><\/div><div class=\"w-tabs-section\" id=\"efdc\" itemscope itemprop=\"mainEntity\" itemtype=\"https:\/\/schema.org\/Question\"><button class=\"w-tabs-section-header\" aria-controls=\"content-efdc\" aria-expanded=\"false\"><h4 class=\"w-tabs-section-title\" itemprop=\"name\">Eg\u00e9sz \u00e9vben k\u00f6zlekedik az \u00fasz\u00f3 busz?<\/h4><div class=\"w-tabs-section-control\"><\/div><\/button><div  class=\"w-tabs-section-content\" id=\"content-efdc\" itemscope itemprop=\"acceptedAnswer\" itemtype=\"https:\/\/schema.org\/Answer\"><div class=\"w-tabs-section-content-h i-cf\" itemprop=\"text\"><div class=\"wpb_text_column\"><div class=\"wpb_wrapper\"><p>Az \u00fasz\u00f3 busz eg\u00e9sz \u00e9vben k\u00f6zlekedik, kiv\u00e9ve, \u00e1rv\u00edz, j\u00e9gzajl\u00e1s, nagyon alacsony v\u00edz\u00e1ll\u00e1s, valamint az \u00e9ves karban tart\u00e1s idej\u00e9n.<\/p>\n<\/div><\/div><\/div><\/div><\/div><div class=\"w-tabs-section\" id=\"h0e0\" itemscope itemprop=\"mainEntity\" itemtype=\"https:\/\/schema.org\/Question\"><button class=\"w-tabs-section-header\" aria-controls=\"content-h0e0\" aria-expanded=\"false\"><h4 class=\"w-tabs-section-title\" itemprop=\"name\">Hol lehet jegyet v\u00e1s\u00e1rolni?<\/h4><div class=\"w-tabs-section-control\"><\/div><\/button><div  class=\"w-tabs-section-content\" id=\"content-h0e0\" itemscope itemprop=\"acceptedAnswer\" itemtype=\"https:\/\/schema.org\/Answer\"><div class=\"w-tabs-section-content-h i-cf\" itemprop=\"text\"><div class=\"wpb_text_column\"><div class=\"wpb_wrapper\"><p>A www.riverride.hu oldalon online jegyv\u00e1s\u00e1rl\u00e1s a nap 24 \u00f3r\u00e1j\u00e1ban lehets\u00e9ges. A RiverRide irod\u00e1j\u00e1ban (5. ker. Ap\u00e1czai Csere J\u00e1nos utca 12.) 09:00 \u00e9s 18:00 \u00f3ra k\u00f6z\u00f6tt lehet jegyet v\u00e1s\u00e1ronlni. Ezen k\u00edv\u00fcl a Hop On &#8211; Hop Off \u00e9rt\u00e9kes\u00edt\u00e9si pontokon \u00e9s irod\u00e1kban valamint az \u00fasz\u00f3 busz meg\u00e1ll\u00f3j\u00e1ban.<\/p>\n<\/div><\/div><\/div><\/div><\/div><div class=\"w-tabs-section\" id=\"u1bf\" itemscope itemprop=\"mainEntity\" itemtype=\"https:\/\/schema.org\/Question\"><button class=\"w-tabs-section-header\" aria-controls=\"content-u1bf\" aria-expanded=\"false\"><h4 class=\"w-tabs-section-title\" itemprop=\"name\">Ki lehet-e sz\u00e1llni menet k\u00f6zben a j\u00e1rm\u0171b\u0151l?<\/h4><div class=\"w-tabs-section-control\"><\/div><\/button><div  class=\"w-tabs-section-content\" id=\"content-u1bf\" itemscope itemprop=\"acceptedAnswer\" itemtype=\"https:\/\/schema.org\/Answer\"><div class=\"w-tabs-section-content-h i-cf\" itemprop=\"text\"><div class=\"wpb_text_column\"><div class=\"wpb_wrapper\"><p>Mivel ez egy folyamatos t\u00fara, \u00edgy \u00fat k\u00f6zben nincs m\u00f3d a kisz\u00e1ll\u00e1sra.<\/p>\n<\/div><\/div><\/div><\/div><\/div><div class=\"w-tabs-section\" id=\"b2a2\" itemscope itemprop=\"mainEntity\" itemtype=\"https:\/\/schema.org\/Question\"><button class=\"w-tabs-section-header\" aria-controls=\"content-b2a2\" aria-expanded=\"false\"><h4 class=\"w-tabs-section-title\" itemprop=\"name\">A v\u00e1s\u00e1rolt jegy b\u00e1rmikor felhaszn\u00e1lhat\u00f3?<\/h4><div class=\"w-tabs-section-control\"><\/div><\/button><div  class=\"w-tabs-section-content\" id=\"content-b2a2\" itemscope itemprop=\"acceptedAnswer\" itemtype=\"https:\/\/schema.org\/Answer\"><div class=\"w-tabs-section-content-h i-cf\" itemprop=\"text\"><div class=\"wpb_text_column\"><div class=\"wpb_wrapper\"><p>Az id\u0151pontra lefoglalt jegy nem, az aj\u00e1nd\u00e9kutalv\u00e1ny igen.<br \/>\nAz aj\u00e1nd\u00e9kutalv\u00e1ny a v\u00e1s\u00e1rl\u00e1st\u00f3l sz\u00e1m\u00edtott 1 \u00e9vig \u00e9rv\u00e9nyes. \u00c9rdemes a helyet lefoglalni akkor, amikor az aj\u00e1nd\u00e9kutalv\u00e1ny tulajdonosa m\u00e1r tudja, hogy mikor k\u00edv\u00e1nja ig\u00e9nybe venni a szolg\u00e1ltat\u00e1st.<\/p>\n<\/div><\/div><\/div><\/div><\/div><div class=\"w-tabs-section\" id=\"m385\" itemscope itemprop=\"mainEntity\" itemtype=\"https:\/\/schema.org\/Question\"><button class=\"w-tabs-section-header\" aria-controls=\"content-m385\" aria-expanded=\"false\"><h4 class=\"w-tabs-section-title\" itemprop=\"name\">Hol lehet felsz\u00e1llni a buszra?<\/h4><div class=\"w-tabs-section-control\"><\/div><\/button><div  class=\"w-tabs-section-content\" id=\"content-m385\" itemscope itemprop=\"acceptedAnswer\" itemtype=\"https:\/\/schema.org\/Answer\"><div class=\"w-tabs-section-content-h i-cf\" itemprop=\"text\"><div class=\"wpb_text_column\"><div class=\"wpb_wrapper\"><p>A busz indul\u00e1si helye: Budapest V. ker\u00fclet, Sz\u00e9chenyi Istv\u00e1n t\u00e9r 7\/8., a hajdani \u201eSpen\u00f3t H\u00e1z\u201d el\u0151l. A meg\u00e1ll\u00f3 a Tokio \u00e9tterem el\u0151tt van.<\/p>\n<\/div><\/div><\/div><\/div><\/div><div class=\"w-tabs-section\" id=\"a45c\" itemscope itemprop=\"mainEntity\" itemtype=\"https:\/\/schema.org\/Question\"><button class=\"w-tabs-section-header\" aria-controls=\"content-a45c\" aria-expanded=\"false\"><h4 class=\"w-tabs-section-title\" itemprop=\"name\">Kapnak-e ment\u0151mell\u00e9nyt?<\/h4><div class=\"w-tabs-section-control\"><\/div><\/button><div  class=\"w-tabs-section-content\" id=\"content-a45c\" itemscope itemprop=\"acceptedAnswer\" itemtype=\"https:\/\/schema.org\/Answer\"><div class=\"w-tabs-section-content-h i-cf\" itemprop=\"text\"><div class=\"wpb_text_column\"><div class=\"wpb_wrapper\"><p>A buszon az el\u0151\u00edr\u00e1soknak megfelel\u0151en minden utasunk sz\u00e1m\u00e1ra tal\u00e1lhat\u00f3 ment\u0151mell\u00e9ny, amelyet a t\u00fara alatt nem kell viselni.<\/p>\n<\/div><\/div><\/div><\/div><\/div><div class=\"w-tabs-section\" id=\"t533\" itemscope itemprop=\"mainEntity\" itemtype=\"https:\/\/schema.org\/Question\"><button class=\"w-tabs-section-header\" aria-controls=\"content-t533\" aria-expanded=\"false\"><h4 class=\"w-tabs-section-title\" itemprop=\"name\">Mennyi id\u0151vel kor\u00e1bban \u00e9rdemes jegyet venni?<\/h4><div class=\"w-tabs-section-control\"><\/div><\/button><div  class=\"w-tabs-section-content\" id=\"content-t533\" itemscope itemprop=\"acceptedAnswer\" itemtype=\"https:\/\/schema.org\/Answer\"><div class=\"w-tabs-section-content-h i-cf\" itemprop=\"text\"><div class=\"wpb_text_column\"><div class=\"wpb_wrapper\"><p>Amilyen hamar biztos az utaz\u00e1s id\u0151pontj\u00e1ban, de minimum 1-2 nappal a v\u00e1lasztott j\u00e1rat indul\u00e1sa el\u0151tt \u00e9rdemes megv\u00e1s\u00e1rolni a jegyet, online, vagy az irod\u00e1nkban.<br \/>\nTelefonos foglal\u00e1st nem \u00e1ll m\u00f3dunkban elfogadni.<\/p>\n<\/div><\/div><\/div><\/div><\/div><div class=\"w-tabs-section\" id=\"i64e\" itemscope itemprop=\"mainEntity\" itemtype=\"https:\/\/schema.org\/Question\"><button class=\"w-tabs-section-header\" aria-controls=\"content-i64e\" aria-expanded=\"false\"><h4 class=\"w-tabs-section-title\" itemprop=\"name\">Mennyi id\u0151vel kell hamarabb \u00e9rkezni?<\/h4><div class=\"w-tabs-section-control\"><\/div><\/button><div  class=\"w-tabs-section-content\" id=\"content-i64e\" itemscope itemprop=\"acceptedAnswer\" itemtype=\"https:\/\/schema.org\/Answer\"><div class=\"w-tabs-section-content-h i-cf\" itemprop=\"text\"><div class=\"wpb_text_column\"><div class=\"wpb_wrapper\"><p>A buszra a j\u00e1rat indul\u00e1sa el\u0151tt 15-30 perccel lehet felsz\u00e1llni. Amennyiben nincs m\u00e9g jegye, aj\u00e1nlott a 30 perccel indul\u00e1s el\u0151tti \u00e9rkez\u00e9s.<\/p>\n<\/div><\/div><\/div><\/div><\/div><div class=\"w-tabs-section\" id=\"c730\" itemscope itemprop=\"mainEntity\" itemtype=\"https:\/\/schema.org\/Question\"><button class=\"w-tabs-section-header\" aria-controls=\"content-c730\" aria-expanded=\"false\"><h4 class=\"w-tabs-section-title\" itemprop=\"name\">Van-e helyjegy?<\/h4><div class=\"w-tabs-section-control\"><\/div><\/button><div  class=\"w-tabs-section-content\" id=\"content-c730\" itemscope itemprop=\"acceptedAnswer\" itemtype=\"https:\/\/schema.org\/Answer\"><div class=\"w-tabs-section-content-h i-cf\" itemprop=\"text\"><div class=\"wpb_text_column\"><div class=\"wpb_wrapper\"><p>Nincsen helyjegy, helyfoglal\u00e1s a buszra sz\u00e1ll\u00e1s sorrendj\u00e9ben t\u00f6rt\u00e9nik.<\/p>\n<\/div><\/div><\/div><\/div><\/div><div class=\"w-tabs-section\" id=\"w821\" itemscope itemprop=\"mainEntity\" itemtype=\"https:\/\/schema.org\/Question\"><button class=\"w-tabs-section-header\" aria-controls=\"content-w821\" aria-expanded=\"false\"><h4 class=\"w-tabs-section-title\" itemprop=\"name\">Gyerek \u00fclhet-e \u00f6lben?<\/h4><div class=\"w-tabs-section-control\"><\/div><\/button><div  class=\"w-tabs-section-content\" id=\"content-w821\" itemscope itemprop=\"acceptedAnswer\" itemtype=\"https:\/\/schema.org\/Answer\"><div class=\"w-tabs-section-content-h i-cf\" itemprop=\"text\"><div class=\"wpb_text_column\"><div class=\"wpb_wrapper\"><p>Igen, de mindenkinek biztos\u00edtunk k\u00fcl\u00f6n \u00fcl\u00e9st, a buszban max. 43 vend\u00e9g \u00fclhet (+ a RiverRide szem\u00e9lyzet)<\/p>\n<\/div><\/div><\/div><\/div><\/div><\/div><\/div><\/div><\/div><\/div><\/div><\/section>\n","protected":false},"excerpt":{"rendered":"GYIKMilyen nyelv\u0171 az idegenvezet\u00e9s?Minden j\u00e1ratunkon ig\u00e9ny szerint \u00e9l\u0151 angol \u00e9s n\u00e9met idegenvezet\u00e9s van. Mellette megtal\u00e1lhat\u00f3 a g\u00e9pi magyar, angol, n\u00e9met, orosz, olasz, francia, spanyol, h\u00e9ber, d\u00e1n, sv\u00e9d, rom\u00e1n, ukr\u00e1n idegenvezet\u00e9s is. Van-e WC a buszon?A buszon nincsen WC, de az indul\u00e1si \u2013 \u00e9rkez\u00e9si hely k\u00f6zel\u00e9ben van. Z\u00e1rt-e a busz?Az \u00fasz\u00f3 busz ny\u00e1ron h\u0171t\u00f6tt, t\u00e9len f\u0171t\u00f6tt,...","protected":false},"author":1,"featured_media":0,"parent":0,"menu_order":0,"comment_status":"closed","ping_status":"closed","template":"","meta":{"footnotes":""},"class_list":["post-1018","page","type-page","status-publish","hentry"],"yoast_head":"<!-- This site is optimized with the Yoast SEO plugin v26.8 - https:\/\/yoast.com\/product\/yoast-seo-wordpress\/ -->\n<title>GYIK | River Ride<\/title>\n<meta name=\"robots\" content=\"index, follow, max-snippet:-1, max-image-preview:large, max-video-preview:-1\" \/>\n<link rel=\"canonical\" href=\"https:\/\/riverride.com\/hu\/gyik\/\" \/>\n<meta property=\"og:locale\" content=\"hu_HU\" \/>\n<meta property=\"og:type\" content=\"article\" \/>\n<meta property=\"og:title\" content=\"GYIK | River Ride\" \/>\n<meta property=\"og:url\" content=\"https:\/\/riverride.com\/hu\/gyik\/\" \/>\n<meta property=\"og:site_name\" content=\"River Ride\" \/>\n<meta property=\"article:publisher\" content=\"https:\/\/www.facebook.com\/riverridebudapest\" \/>\n<meta property=\"article:modified_time\" content=\"2024-03-26T11:58:35+00:00\" \/>\n<meta name=\"twitter:card\" content=\"summary_large_image\" \/>\n<meta name=\"twitter:label1\" content=\"Becs\u00fclt olvas\u00e1si id\u0151\" \/>\n\t<meta name=\"twitter:data1\" content=\"3 perc\" \/>\n<script type=\"application\/ld+json\" class=\"yoast-schema-graph\">{\"@context\":\"https:\/\/schema.org\",\"@graph\":[{\"@type\":\"WebPage\",\"@id\":\"https:\/\/riverride.com\/hu\/gyik\/\",\"url\":\"https:\/\/riverride.com\/hu\/gyik\/\",\"name\":\"GYIK | River Ride\",\"isPartOf\":{\"@id\":\"https:\/\/riverride.com\/hu\/#website\"},\"datePublished\":\"2023-09-20T14:10:05+00:00\",\"dateModified\":\"2024-03-26T11:58:35+00:00\",\"breadcrumb\":{\"@id\":\"https:\/\/riverride.com\/hu\/gyik\/#breadcrumb\"},\"inLanguage\":\"hu\",\"potentialAction\":[{\"@type\":\"ReadAction\",\"target\":[\"https:\/\/riverride.com\/hu\/gyik\/\"]}]},{\"@type\":\"BreadcrumbList\",\"@id\":\"https:\/\/riverride.com\/hu\/gyik\/#breadcrumb\",\"itemListElement\":[{\"@type\":\"ListItem\",\"position\":1,\"name\":\"Kezd\u0151lap\",\"item\":\"https:\/\/riverride.com\/hu\/\"},{\"@type\":\"ListItem\",\"position\":2,\"name\":\"GYIK\"}]},{\"@type\":\"WebSite\",\"@id\":\"https:\/\/riverride.com\/hu\/#website\",\"url\":\"https:\/\/riverride.com\/hu\/\",\"name\":\"River Ride\",\"description\":\"V\u00e1rosn\u00e9z\u00e9s k\u00e9t\u00e9lt\u0171 v\u00edzibusszal\",\"publisher\":{\"@id\":\"https:\/\/riverride.com\/hu\/#organization\"},\"potentialAction\":[{\"@type\":\"SearchAction\",\"target\":{\"@type\":\"EntryPoint\",\"urlTemplate\":\"https:\/\/riverride.com\/hu\/?s={search_term_string}\"},\"query-input\":{\"@type\":\"PropertyValueSpecification\",\"valueRequired\":true,\"valueName\":\"search_term_string\"}}],\"inLanguage\":\"hu\"},{\"@type\":\"Organization\",\"@id\":\"https:\/\/riverride.com\/hu\/#organization\",\"name\":\"River Ride Budapest\",\"alternateName\":\"River Ride\",\"url\":\"https:\/\/riverride.com\/hu\/\",\"logo\":{\"@type\":\"ImageObject\",\"inLanguage\":\"hu\",\"@id\":\"https:\/\/riverride.com\/hu\/#\/schema\/logo\/image\/\",\"url\":\"https:\/\/riverride.com\/wp-content\/uploads\/2023\/07\/River-icon@2x-8.png\",\"contentUrl\":\"https:\/\/riverride.com\/wp-content\/uploads\/2023\/07\/River-icon@2x-8.png\",\"width\":122,\"height\":122,\"caption\":\"River Ride Budapest\"},\"image\":{\"@id\":\"https:\/\/riverride.com\/hu\/#\/schema\/logo\/image\/\"},\"sameAs\":[\"https:\/\/www.facebook.com\/riverridebudapest\"]}]}<\/script>\n<!-- \/ Yoast SEO plugin. -->","yoast_head_json":{"title":"GYIK | River Ride","robots":{"index":"index","follow":"follow","max-snippet":"max-snippet:-1","max-image-preview":"max-image-preview:large","max-video-preview":"max-video-preview:-1"},"canonical":"https:\/\/riverride.com\/hu\/gyik\/","og_locale":"hu_HU","og_type":"article","og_title":"GYIK | River Ride","og_url":"https:\/\/riverride.com\/hu\/gyik\/","og_site_name":"River Ride","article_publisher":"https:\/\/www.facebook.com\/riverridebudapest","article_modified_time":"2024-03-26T11:58:35+00:00","twitter_card":"summary_large_image","twitter_misc":{"Becs\u00fclt olvas\u00e1si id\u0151":"3 perc"},"schema":{"@context":"https:\/\/schema.org","@graph":[{"@type":"WebPage","@id":"https:\/\/riverride.com\/hu\/gyik\/","url":"https:\/\/riverride.com\/hu\/gyik\/","name":"GYIK | River Ride","isPartOf":{"@id":"https:\/\/riverride.com\/hu\/#website"},"datePublished":"2023-09-20T14:10:05+00:00","dateModified":"2024-03-26T11:58:35+00:00","breadcrumb":{"@id":"https:\/\/riverride.com\/hu\/gyik\/#breadcrumb"},"inLanguage":"hu","potentialAction":[{"@type":"ReadAction","target":["https:\/\/riverride.com\/hu\/gyik\/"]}]},{"@type":"BreadcrumbList","@id":"https:\/\/riverride.com\/hu\/gyik\/#breadcrumb","itemListElement":[{"@type":"ListItem","position":1,"name":"Kezd\u0151lap","item":"https:\/\/riverride.com\/hu\/"},{"@type":"ListItem","position":2,"name":"GYIK"}]},{"@type":"WebSite","@id":"https:\/\/riverride.com\/hu\/#website","url":"https:\/\/riverride.com\/hu\/","name":"River Ride","description":"V\u00e1rosn\u00e9z\u00e9s k\u00e9t\u00e9lt\u0171 v\u00edzibusszal","publisher":{"@id":"https:\/\/riverride.com\/hu\/#organization"},"potentialAction":[{"@type":"SearchAction","target":{"@type":"EntryPoint","urlTemplate":"https:\/\/riverride.com\/hu\/?s={search_term_string}"},"query-input":{"@type":"PropertyValueSpecification","valueRequired":true,"valueName":"search_term_string"}}],"inLanguage":"hu"},{"@type":"Organization","@id":"https:\/\/riverride.com\/hu\/#organization","name":"River Ride Budapest","alternateName":"River Ride","url":"https:\/\/riverride.com\/hu\/","logo":{"@type":"ImageObject","inLanguage":"hu","@id":"https:\/\/riverride.com\/hu\/#\/schema\/logo\/image\/","url":"https:\/\/riverride.com\/wp-content\/uploads\/2023\/07\/River-icon@2x-8.png","contentUrl":"https:\/\/riverride.com\/wp-content\/uploads\/2023\/07\/River-icon@2x-8.png","width":122,"height":122,"caption":"River Ride Budapest"},"image":{"@id":"https:\/\/riverride.com\/hu\/#\/schema\/logo\/image\/"},"sameAs":["https:\/\/www.facebook.com\/riverridebudapest"]}]}},"_links":{"self":[{"href":"https:\/\/riverride.com\/hu\/wp-json\/wp\/v2\/pages\/1018","targetHints":{"allow":["GET"]}}],"collection":[{"href":"https:\/\/riverride.com\/hu\/wp-json\/wp\/v2\/pages"}],"about":[{"href":"https:\/\/riverride.com\/hu\/wp-json\/wp\/v2\/types\/page"}],"author":[{"embeddable":true,"href":"https:\/\/riverride.com\/hu\/wp-json\/wp\/v2\/users\/1"}],"replies":[{"embeddable":true,"href":"https:\/\/riverride.com\/hu\/wp-json\/wp\/v2\/comments?post=1018"}],"version-history":[{"count":11,"href":"https:\/\/riverride.com\/hu\/wp-json\/wp\/v2\/pages\/1018\/revisions"}],"predecessor-version":[{"id":1160,"href":"https:\/\/riverride.com\/hu\/wp-json\/wp\/v2\/pages\/1018\/revisions\/1160"}],"wp:attachment":[{"href":"https:\/\/riverride.com\/hu\/wp-json\/wp\/v2\/media?parent=1018"}],"curies":[{"name":"wp","href":"https:\/\/api.w.org\/{rel}","templated":true}]}}