{"id":982,"date":"2022-02-15T17:30:15","date_gmt":"2022-02-15T16:30:15","guid":{"rendered":"http:\/\/riverride.com\/vizibusz\/"},"modified":"2024-04-10T09:17:35","modified_gmt":"2024-04-10T08:17:35","slug":"amphibienbus","status":"publish","type":"page","link":"https:\/\/riverride.com\/de\/amphibienbus\/","title":{"rendered":"Amphibienbus"},"content":{"rendered":"<section class=\"l-section wpb_row height_custom with_img\"><div class=\"l-section-img\" role=\"img\" data-img-width=\"1920\" data-img-height=\"1080\" style=\"background-image: url(https:\/\/riverride.com\/wp-content\/uploads\/2023\/10\/bg-3.jpg);background-repeat: no-repeat;\"><\/div><div class=\"l-section-overlay\" style=\"background:linear-gradient(90deg,rgba(0,0,0,0.55),rgba(0,0,0,0))\"><\/div><div class=\"l-section-h i-cf\"><div class=\"g-cols vc_row via_grid cols_1 laptops-cols_inherit tablets-cols_inherit mobiles-cols_1 valign_top type_default stacking_default\"><div class=\"wpb_column vc_column_container\"><div class=\"vc_column-inner\"><h1 class=\"w-post-elm post_title us_custom_4b38c0d9 has_text_color align_left entry-title color_link_inherit\">Amphibienbus<\/h1><\/div><\/div><\/div><\/div><\/section><section class=\"l-section wpb_row us_custom_a61e2493 height_large with_shape\"><div class=\"l-section-shape type_custom pos_bottom\" style=\"height:45%;color:var(--color-content-bg-alt)\"><svg xmlns=\"http:\/\/www.w3.org\/2000\/svg\" viewBox=\"0 0 64 8\" preserveAspectRatio=\"none\" width=\"100%\" height=\"100%\">\r\n\t<path fill=\"currentColor\" d=\"M64 8 L0 8 L0 0 L64 0 Z\"\/>\r\n<\/svg><\/div><div class=\"l-section-h i-cf\"><div class=\"g-cols vc_row via_grid cols_1 laptops-cols_inherit tablets-cols_inherit mobiles-cols_1 valign_top type_default reversed stacking_default\"><div class=\"wpb_column vc_column_container\"><div class=\"vc_column-inner\"><div class=\"g-cols wpb_row us_custom_b0d0ffd1 via_grid cols_2 laptops-cols_inherit tablets-cols_1 mobiles-cols_1 valign_middle type_default reversed stacking_default\" style=\"--gap:0rem;\"><div class=\"wpb_column vc_column_container\"><div class=\"vc_column-inner\"><h3 class=\"w-text us_custom_ab150622 us_animate_this\"><span class=\"w-text-h\"><span class=\"w-text-value\">Worin sind sich der Schwimmbus von RiverRide und die Millenniums-U-Bahn \u00e4hnlich?<\/span><\/span><\/h3><div class=\"w-separator size_small\"><\/div><div class=\"wpb_text_column us_custom_50573a3e us_animate_this\"><div class=\"wpb_wrapper\"><p>Beide sind gelb, beide fahren in Budapest und beide waren die ersten in Europa in ihrer Kategorie.<\/p>\n<p>Unser Schwimmbus machte sich 113 Jahre sp\u00e4ter als die kleine U-Bahn, im Jahre 2009 auf den Weg. Viele meinen, dass unser gr\u00f6\u00dfter Vorteil ist, dass wir in die Donau fahren k\u00f6nnen. Wir meinen aber, dass es wichtiger ist, dass wir daraus auch herausfahren k\u00f6nnen.<\/p>\n<p>Deshalb bitten wir Sie, wenn Sie einen gelben Bus in der Donau schwimmen sehen, rufen Sie nicht die Feuerwehr, das ist der Bus,<\/p>\n<blockquote>\n<p>der in der Donau schwimmen kann.<\/p>\n<\/blockquote>\n<\/div><\/div><\/div><\/div><div class=\"wpb_column vc_column_container\"><div class=\"vc_column-inner\"><div class=\"w-image us_custom_dc528241 has_ratio align_none\"><div class=\"w-image-h\"><div style=\"padding-bottom:100%\"><\/div><img decoding=\"async\" width=\"1920\" height=\"1280\" src=\"https:\/\/riverride.com\/wp-content\/uploads\/2023\/07\/0013_A90A7264.jpg\" class=\"attachment-full size-full\" alt=\"\" srcset=\"https:\/\/riverride.com\/wp-content\/uploads\/2023\/07\/0013_A90A7264.jpg 1920w, https:\/\/riverride.com\/wp-content\/uploads\/2023\/07\/0013_A90A7264-300x200.jpg 300w, https:\/\/riverride.com\/wp-content\/uploads\/2023\/07\/0013_A90A7264-1024x683.jpg 1024w\" sizes=\"(max-width: 1920px) 100vw, 1920px\" \/><\/div><\/div><\/div><\/div><\/div><\/div><\/div><\/div><\/div><\/section>\n","protected":false},"excerpt":{"rendered":"Amphibienbus Worin sind sich der Schwimmbus von RiverRide und die Millenniums-U-Bahn \u00e4hnlich?Beide sind gelb, beide fahren in Budapest und beide waren die ersten in Europa in ihrer Kategorie. Unser Schwimmbus machte sich 113 Jahre sp\u00e4ter als die kleine U-Bahn, im Jahre 2009 auf den Weg. Viele meinen, dass unser gr\u00f6\u00dfter Vorteil ist, dass wir in...","protected":false},"author":1,"featured_media":0,"parent":0,"menu_order":0,"comment_status":"closed","ping_status":"closed","template":"","meta":{"footnotes":""},"class_list":["post-982","page","type-page","status-publish","hentry"],"yoast_head":"<!-- This site is optimized with the Yoast SEO plugin v26.8 - https:\/\/yoast.com\/product\/yoast-seo-wordpress\/ -->\n<title>Amphibienbus | River Ride<\/title>\n<meta name=\"description\" content=\"Entdecken Sie den RiverRide Floating-Bus, der eine neue Dimension der Stadtf\u00fchrungen er\u00f6ffnet! Erkunden Sie Budapest von der Donau aus!\" \/>\n<meta name=\"robots\" content=\"index, follow, max-snippet:-1, max-image-preview:large, max-video-preview:-1\" \/>\n<link rel=\"canonical\" href=\"https:\/\/riverride.com\/de\/amphibienbus\/\" \/>\n<meta property=\"og:locale\" content=\"de_DE\" \/>\n<meta property=\"og:type\" content=\"article\" \/>\n<meta property=\"og:title\" content=\"Amphibienbus | River Ride\" \/>\n<meta property=\"og:description\" content=\"Entdecken Sie den RiverRide Floating-Bus, der eine neue Dimension der Stadtf\u00fchrungen er\u00f6ffnet! Erkunden Sie Budapest von der Donau aus!\" \/>\n<meta property=\"og:url\" content=\"https:\/\/riverride.com\/de\/amphibienbus\/\" \/>\n<meta property=\"og:site_name\" content=\"River Ride\" \/>\n<meta property=\"article:publisher\" content=\"https:\/\/www.facebook.com\/riverridebudapest\" \/>\n<meta property=\"article:modified_time\" content=\"2024-04-10T08:17:35+00:00\" \/>\n<meta name=\"twitter:card\" content=\"summary_large_image\" \/>\n<meta name=\"twitter:label1\" content=\"Gesch\u00e4tzte Lesezeit\" \/>\n\t<meta name=\"twitter:data1\" content=\"1\u00a0Minute\" \/>\n<script type=\"application\/ld+json\" class=\"yoast-schema-graph\">{\"@context\":\"https:\/\/schema.org\",\"@graph\":[{\"@type\":\"WebPage\",\"@id\":\"https:\/\/riverride.com\/de\/amphibienbus\/\",\"url\":\"https:\/\/riverride.com\/de\/amphibienbus\/\",\"name\":\"Amphibienbus | River Ride\",\"isPartOf\":{\"@id\":\"https:\/\/riverride.com\/de\/#website\"},\"datePublished\":\"2022-02-15T16:30:15+00:00\",\"dateModified\":\"2024-04-10T08:17:35+00:00\",\"description\":\"Entdecken Sie den RiverRide Floating-Bus, der eine neue Dimension der Stadtf\u00fchrungen er\u00f6ffnet! Erkunden Sie Budapest von der Donau aus!\",\"breadcrumb\":{\"@id\":\"https:\/\/riverride.com\/de\/amphibienbus\/#breadcrumb\"},\"inLanguage\":\"de\",\"potentialAction\":[{\"@type\":\"ReadAction\",\"target\":[\"https:\/\/riverride.com\/de\/amphibienbus\/\"]}]},{\"@type\":\"BreadcrumbList\",\"@id\":\"https:\/\/riverride.com\/de\/amphibienbus\/#breadcrumb\",\"itemListElement\":[{\"@type\":\"ListItem\",\"position\":1,\"name\":\"Kezd\u0151lap\",\"item\":\"https:\/\/riverride.com\/de\/\"},{\"@type\":\"ListItem\",\"position\":2,\"name\":\"Amphibienbus\"}]},{\"@type\":\"WebSite\",\"@id\":\"https:\/\/riverride.com\/de\/#website\",\"url\":\"https:\/\/riverride.com\/de\/\",\"name\":\"River Ride\",\"description\":\"V\u00e1rosn\u00e9z\u00e9s k\u00e9t\u00e9lt\u0171 v\u00edzibusszal\",\"publisher\":{\"@id\":\"https:\/\/riverride.com\/de\/#organization\"},\"potentialAction\":[{\"@type\":\"SearchAction\",\"target\":{\"@type\":\"EntryPoint\",\"urlTemplate\":\"https:\/\/riverride.com\/de\/?s={search_term_string}\"},\"query-input\":{\"@type\":\"PropertyValueSpecification\",\"valueRequired\":true,\"valueName\":\"search_term_string\"}}],\"inLanguage\":\"de\"},{\"@type\":\"Organization\",\"@id\":\"https:\/\/riverride.com\/de\/#organization\",\"name\":\"River Ride Budapest\",\"alternateName\":\"River Ride\",\"url\":\"https:\/\/riverride.com\/de\/\",\"logo\":{\"@type\":\"ImageObject\",\"inLanguage\":\"de\",\"@id\":\"https:\/\/riverride.com\/de\/#\/schema\/logo\/image\/\",\"url\":\"https:\/\/riverride.com\/wp-content\/uploads\/2023\/07\/River-icon@2x-8.png\",\"contentUrl\":\"https:\/\/riverride.com\/wp-content\/uploads\/2023\/07\/River-icon@2x-8.png\",\"width\":122,\"height\":122,\"caption\":\"River Ride Budapest\"},\"image\":{\"@id\":\"https:\/\/riverride.com\/de\/#\/schema\/logo\/image\/\"},\"sameAs\":[\"https:\/\/www.facebook.com\/riverridebudapest\"]}]}<\/script>\n<!-- \/ Yoast SEO plugin. -->","yoast_head_json":{"title":"Amphibienbus | River Ride","description":"Entdecken Sie den RiverRide Floating-Bus, der eine neue Dimension der Stadtf\u00fchrungen er\u00f6ffnet! Erkunden Sie Budapest von der Donau aus!","robots":{"index":"index","follow":"follow","max-snippet":"max-snippet:-1","max-image-preview":"max-image-preview:large","max-video-preview":"max-video-preview:-1"},"canonical":"https:\/\/riverride.com\/de\/amphibienbus\/","og_locale":"de_DE","og_type":"article","og_title":"Amphibienbus | River Ride","og_description":"Entdecken Sie den RiverRide Floating-Bus, der eine neue Dimension der Stadtf\u00fchrungen er\u00f6ffnet! Erkunden Sie Budapest von der Donau aus!","og_url":"https:\/\/riverride.com\/de\/amphibienbus\/","og_site_name":"River Ride","article_publisher":"https:\/\/www.facebook.com\/riverridebudapest","article_modified_time":"2024-04-10T08:17:35+00:00","twitter_card":"summary_large_image","twitter_misc":{"Gesch\u00e4tzte Lesezeit":"1\u00a0Minute"},"schema":{"@context":"https:\/\/schema.org","@graph":[{"@type":"WebPage","@id":"https:\/\/riverride.com\/de\/amphibienbus\/","url":"https:\/\/riverride.com\/de\/amphibienbus\/","name":"Amphibienbus | River Ride","isPartOf":{"@id":"https:\/\/riverride.com\/de\/#website"},"datePublished":"2022-02-15T16:30:15+00:00","dateModified":"2024-04-10T08:17:35+00:00","description":"Entdecken Sie den RiverRide Floating-Bus, der eine neue Dimension der Stadtf\u00fchrungen er\u00f6ffnet! Erkunden Sie Budapest von der Donau aus!","breadcrumb":{"@id":"https:\/\/riverride.com\/de\/amphibienbus\/#breadcrumb"},"inLanguage":"de","potentialAction":[{"@type":"ReadAction","target":["https:\/\/riverride.com\/de\/amphibienbus\/"]}]},{"@type":"BreadcrumbList","@id":"https:\/\/riverride.com\/de\/amphibienbus\/#breadcrumb","itemListElement":[{"@type":"ListItem","position":1,"name":"Kezd\u0151lap","item":"https:\/\/riverride.com\/de\/"},{"@type":"ListItem","position":2,"name":"Amphibienbus"}]},{"@type":"WebSite","@id":"https:\/\/riverride.com\/de\/#website","url":"https:\/\/riverride.com\/de\/","name":"River Ride","description":"V\u00e1rosn\u00e9z\u00e9s k\u00e9t\u00e9lt\u0171 v\u00edzibusszal","publisher":{"@id":"https:\/\/riverride.com\/de\/#organization"},"potentialAction":[{"@type":"SearchAction","target":{"@type":"EntryPoint","urlTemplate":"https:\/\/riverride.com\/de\/?s={search_term_string}"},"query-input":{"@type":"PropertyValueSpecification","valueRequired":true,"valueName":"search_term_string"}}],"inLanguage":"de"},{"@type":"Organization","@id":"https:\/\/riverride.com\/de\/#organization","name":"River Ride Budapest","alternateName":"River Ride","url":"https:\/\/riverride.com\/de\/","logo":{"@type":"ImageObject","inLanguage":"de","@id":"https:\/\/riverride.com\/de\/#\/schema\/logo\/image\/","url":"https:\/\/riverride.com\/wp-content\/uploads\/2023\/07\/River-icon@2x-8.png","contentUrl":"https:\/\/riverride.com\/wp-content\/uploads\/2023\/07\/River-icon@2x-8.png","width":122,"height":122,"caption":"River Ride Budapest"},"image":{"@id":"https:\/\/riverride.com\/de\/#\/schema\/logo\/image\/"},"sameAs":["https:\/\/www.facebook.com\/riverridebudapest"]}]}},"_links":{"self":[{"href":"https:\/\/riverride.com\/de\/wp-json\/wp\/v2\/pages\/982","targetHints":{"allow":["GET"]}}],"collection":[{"href":"https:\/\/riverride.com\/de\/wp-json\/wp\/v2\/pages"}],"about":[{"href":"https:\/\/riverride.com\/de\/wp-json\/wp\/v2\/types\/page"}],"author":[{"embeddable":true,"href":"https:\/\/riverride.com\/de\/wp-json\/wp\/v2\/users\/1"}],"replies":[{"embeddable":true,"href":"https:\/\/riverride.com\/de\/wp-json\/wp\/v2\/comments?post=982"}],"version-history":[{"count":3,"href":"https:\/\/riverride.com\/de\/wp-json\/wp\/v2\/pages\/982\/revisions"}],"predecessor-version":[{"id":1134,"href":"https:\/\/riverride.com\/de\/wp-json\/wp\/v2\/pages\/982\/revisions\/1134"}],"wp:attachment":[{"href":"https:\/\/riverride.com\/de\/wp-json\/wp\/v2\/media?parent=982"}],"curies":[{"name":"wp","href":"https:\/\/api.w.org\/{rel}","templated":true}]}}