{"id":976,"date":"2022-06-29T13:28:04","date_gmt":"2022-06-29T12:28:04","guid":{"rendered":"http:\/\/riverride.com\/kapcsolat\/"},"modified":"2025-03-27T13:43:12","modified_gmt":"2025-03-27T12:43:12","slug":"kontakt","status":"publish","type":"page","link":"https:\/\/riverride.com\/de\/kontakt\/","title":{"rendered":"Kontakt"},"content":{"rendered":"<section class=\"l-section wpb_row height_custom with_img\"><div class=\"l-section-img\" role=\"img\" data-img-width=\"1920\" data-img-height=\"1080\" style=\"background-image: url(https:\/\/riverride.com\/wp-content\/uploads\/2023\/10\/bg-3.jpg);background-repeat: no-repeat;\"><\/div><div class=\"l-section-overlay\" style=\"background:linear-gradient(90deg,rgba(0,0,0,0.55),rgba(0,0,0,0))\"><\/div><div class=\"l-section-h i-cf\"><div class=\"g-cols vc_row via_grid cols_1 laptops-cols_inherit tablets-cols_inherit mobiles-cols_1 valign_top type_default stacking_default\"><div class=\"wpb_column vc_column_container\"><div class=\"vc_column-inner\"><h1 class=\"w-post-elm post_title us_custom_4b38c0d9 has_text_color align_left entry-title color_link_inherit\">Kontakt<\/h1><\/div><\/div><\/div><\/div><\/section><section class=\"l-section wpb_row height_large\"><div class=\"l-section-h i-cf\"><div class=\"g-cols vc_row via_grid cols_1 laptops-cols_inherit tablets-cols_inherit mobiles-cols_1 valign_top type_default stacking_default\"><div class=\"wpb_column vc_column_container\"><div class=\"vc_column-inner\"><div class=\"g-cols wpb_row via_grid cols_2 laptops-cols_inherit tablets-cols_inherit mobiles-cols_1 valign_top type_default stacking_default\"><div class=\"wpb_column vc_column_container\"><div class=\"vc_column-inner\">[vc_custom_heading text=&#8220;B\u00fcro&#8220; font_container=&#8220;tag:h3|text_align:left&#8220; use_theme_fonts=&#8220;yes&#8220;]<div class=\"wpb_text_column us_custom_b4cbb77a\"><div class=\"wpb_wrapper\"><h4><a href=\"https:\/\/maps.app.goo.gl\/a6uizDzQfzjfhJNi6\">Budapest, 5. Bezirk, J\u00f3zsef Attila Stra\u00dfe 24.<\/a><\/h4>\n<\/div><\/div><div class=\"w-separator size_custom\" style=\"height:1rem\"><\/div>[vc_custom_heading text=&#8220;Telefon&#8220; font_container=&#8220;tag:h3|text_align:left&#8220; use_theme_fonts=&#8220;yes&#8220;]<div class=\"wpb_text_column us_custom_b4cbb77a\"><div class=\"wpb_wrapper\"><h4><a href=\"tel:+3613322555\">+ 36 1 33 22 555<\/a><\/h4>\n<\/div><\/div><\/div><\/div><div class=\"wpb_column vc_column_container\"><div class=\"vc_column-inner\">[vc_custom_heading text=&#8220;\u00d6ffnungszeiten&#8220; font_container=&#8220;tag:h3|text_align:left&#8220; use_theme_fonts=&#8220;yes&#8220;]<div class=\"wpb_text_column us_custom_b4cbb77a\"><div class=\"wpb_wrapper\"><h4>Mo-So, 09-17 Uhr<\/h4>\n<\/div><\/div><div class=\"w-separator size_custom\" style=\"height:1rem\"><\/div>[vc_custom_heading text=&#8220;E-mail&#8220; font_container=&#8220;tag:h3|text_align:left&#8220; use_theme_fonts=&#8220;yes&#8220;]<div class=\"wpb_text_column us_custom_b4cbb77a\"><div class=\"wpb_wrapper\"><h4><a href=\"mailto:info@riverride.com\">info@riverride.com<\/a><\/h4>\n<\/div><\/div><\/div><\/div><\/div><div class=\"w-separator size_large\"><\/div><div class=\"g-cols wpb_row via_grid cols_1 laptops-cols_inherit tablets-cols_inherit mobiles-cols_1 valign_top type_default stacking_default\"><div class=\"wpb_column vc_column_container\"><div class=\"vc_column-inner\">[vc_raw_html]JTNDaWZyYW1lJTIwc3JjJTNEJTIyaHR0cHMlM0ElMkYlMkZ3d3cuZ29vZ2xlLmNvbSUyRm1hcHMlMkZlbWJlZCUzRnBiJTNEJTIxMW0xOCUyMTFtMTIlMjExbTMlMjExZDI2OTUuNTE2OTg3Mzc5ODg4NiUyMTJkMTkuMDUxNDc2ODEyOTc1MTc4JTIxM2Q0Ny40OTkzMjIxNzEwNTk4NiUyMTJtMyUyMTFmMCUyMTJmMCUyMTNmMCUyMTNtMiUyMTFpMTAyNCUyMTJpNzY4JTIxNGYxMy4xJTIxM20zJTIxMW0yJTIxMXMweDQ3NDFkYzZhOTIwNzJlNGYlMjUzQTB4MzI2YzYzZTkxOTAwOTk2ZiUyMTJzQnVkYXBlc3QlMjUyQyUyNTIwSiUyNUMzJTI1QjN6c2VmJTI1MjBBdHRpbGElMjUyMHUuJTI1MjAyNCUyNTJDJTI1MjAxMDUxJTIxNWUwJTIxM20yJTIxMXNodSUyMTJzaHUlMjE0djE3NDMwNzcyMDYwMzYlMjE1bTIlMjExc2h1JTIxMnNodSUyMiUyMHdpZHRoJTNEJTIyMTAwJTI1JTIyJTIwaGVpZ2h0JTNEJTIyNDAwJTIyJTIwc3R5bGUlM0QlMjJib3JkZXIlM0EwJTNCJTIyJTIwYWxsb3dmdWxsc2NyZWVuJTNEJTIyJTIyJTIwbG9hZGluZyUzRCUyMmxhenklMjIlMjByZWZlcnJlcnBvbGljeSUzRCUyMm5vLXJlZmVycmVyLXdoZW4tZG93bmdyYWRlJTIyJTNFJTNDJTJGaWZyYW1lJTNF[\/vc_raw_html]<\/div><\/div><\/div><div class=\"w-separator size_large with_line width_default thick_1 style_solid color_border align_center\"><div class=\"w-separator-h\"><\/div><\/div><div class=\"g-cols wpb_row via_grid cols_1 laptops-cols_inherit tablets-cols_inherit mobiles-cols_1 valign_top type_default stacking_default\"><div class=\"wpb_column vc_column_container\"><div class=\"vc_column-inner\">[vc_custom_heading text=&#8220;Folgen Sie uns&#8220; font_container=&#8220;tag:h3|text_align:left&#8220; use_theme_fonts=&#8220;yes&#8220;]<div class=\"w-separator size_custom\" style=\"height:1rem\"><\/div><\/div><\/div><\/div><div class=\"g-cols wpb_row via_grid cols_1 laptops-cols_inherit tablets-cols_inherit mobiles-cols_1 valign_top type_default stacking_default\"><div class=\"wpb_column vc_column_container\"><div class=\"vc_column-inner\"><div class=\"w-hwrapper valign_top wrap align_none\" style=\"--hwrapper-gap:3rem\"><div class=\"w-text us_custom_833e4e8c\"><a target=\"_blank\" rel=\"nofollow\" href=\"https:\/\/www.facebook.com\/riverridebudapest\" class=\"w-text-h\"><span class=\"w-text-value\">Facebook<\/span><\/a><\/div><div class=\"w-text us_custom_833e4e8c\"><a target=\"_blank\" rel=\"nofollow\" href=\"https:\/\/www.instagram.com\/explore\/locations\/252299244\/riverride-budapest\/\" class=\"w-text-h\"><span class=\"w-text-value\">Instagram<\/span><\/a><\/div><\/div><\/div><\/div><\/div><\/div><\/div><\/div><\/div><\/section>\n","protected":false},"excerpt":{"rendered":"Kontakt[vc_custom_heading text=\"B\u00fcro\" font_container=\"tag:h3|text_align:left\" use_theme_fonts=\"yes\"]Budapest, 5. Bezirk, J\u00f3zsef Attila Stra\u00dfe 24. [vc_custom_heading text=\"Telefon\" font_container=\"tag:h3|text_align:left\" use_theme_fonts=\"yes\"]+ 36 1 33 22 555 [vc_custom_heading text=\"\u00d6ffnungszeiten\" font_container=\"tag:h3|text_align:left\" use_theme_fonts=\"yes\"]Mo-So, 09-17 Uhr [vc_custom_heading text=\"E-mail\" font_container=\"tag:h3|text_align:left\" use_theme_fonts=\"yes\"]info@riverride.com [vc_raw_html]JTNDaWZyYW1lJTIwc3JjJTNEJTIyaHR0cHMlM0ElMkYlMkZ3d3cuZ29vZ2xlLmNvbSUyRm1hcHMlMkZlbWJlZCUzRnBiJTNEJTIxMW0xOCUyMTFtMTIlMjExbTMlMjExZDI2OTUuNTE2OTg3Mzc5ODg4NiUyMTJkMTkuMDUxNDc2ODEyOTc1MTc4JTIxM2Q0Ny40OTkzMjIxNzEwNTk4NiUyMTJtMyUyMTFmMCUyMTJmMCUyMTNmMCUyMTNtMiUyMTFpMTAyNCUyMTJpNzY4JTIxNGYxMy4xJTIxM20zJTIxMW0yJTIxMXMweDQ3NDFkYzZhOTIwNzJlNGYlMjUzQTB4MzI2YzYzZTkxOTAwOTk2ZiUyMTJzQnVkYXBlc3QlMjUyQyUyNTIwSiUyNUMzJTI1QjN6c2VmJTI1MjBBdHRpbGElMjUyMHUuJTI1MjAyNCUyNTJDJTI1MjAxMDUxJTIxNWUwJTIxM20yJTIxMXNodSUyMTJzaHUlMjE0djE3NDMwNzcyMDYwMzYlMjE1bTIlMjExc2h1JTIxMnNodSUyMiUyMHdpZHRoJTNEJTIyMTAwJTI1JTIyJTIwaGVpZ2h0JTNEJTIyNDAwJTIyJTIwc3R5bGUlM0QlMjJib3JkZXIlM0EwJTNCJTIyJTIwYWxsb3dmdWxsc2NyZWVuJTNEJTIyJTIyJTIwbG9hZGluZyUzRCUyMmxhenklMjIlMjByZWZlcnJlcnBvbGljeSUzRCUyMm5vLXJlZmVycmVyLXdoZW4tZG93bmdyYWRlJTIyJTNFJTNDJTJGaWZyYW1lJTNF[\/vc_raw_html][vc_custom_heading text=\"Folgen Sie uns\" font_container=\"tag:h3|text_align:left\" use_theme_fonts=\"yes\"]FacebookInstagram","protected":false},"author":1,"featured_media":0,"parent":0,"menu_order":0,"comment_status":"closed","ping_status":"closed","template":"","meta":{"footnotes":""},"class_list":["post-976","page","type-page","status-publish","hentry"],"yoast_head":"<!-- This site is optimized with the Yoast SEO plugin v26.8 - https:\/\/yoast.com\/product\/yoast-seo-wordpress\/ -->\n<title>Kontakt | River Ride<\/title>\n<meta name=\"robots\" content=\"index, follow, max-snippet:-1, max-image-preview:large, max-video-preview:-1\" \/>\n<link rel=\"canonical\" href=\"https:\/\/riverride.com\/de\/kontakt\/\" \/>\n<meta property=\"og:locale\" content=\"de_DE\" \/>\n<meta property=\"og:type\" content=\"article\" \/>\n<meta property=\"og:title\" content=\"Kontakt | River Ride\" \/>\n<meta property=\"og:url\" content=\"https:\/\/riverride.com\/de\/kontakt\/\" \/>\n<meta property=\"og:site_name\" content=\"River Ride\" \/>\n<meta property=\"article:publisher\" content=\"https:\/\/www.facebook.com\/riverridebudapest\" \/>\n<meta property=\"article:modified_time\" content=\"2025-03-27T12:43:12+00:00\" \/>\n<meta name=\"twitter:card\" content=\"summary_large_image\" \/>\n<meta name=\"twitter:label1\" content=\"Gesch\u00e4tzte Lesezeit\" \/>\n\t<meta name=\"twitter:data1\" content=\"1\u00a0Minute\" \/>\n<script type=\"application\/ld+json\" class=\"yoast-schema-graph\">{\"@context\":\"https:\/\/schema.org\",\"@graph\":[{\"@type\":\"WebPage\",\"@id\":\"https:\/\/riverride.com\/de\/kontakt\/\",\"url\":\"https:\/\/riverride.com\/de\/kontakt\/\",\"name\":\"Kontakt | River Ride\",\"isPartOf\":{\"@id\":\"https:\/\/riverride.com\/de\/#website\"},\"datePublished\":\"2022-06-29T12:28:04+00:00\",\"dateModified\":\"2025-03-27T12:43:12+00:00\",\"breadcrumb\":{\"@id\":\"https:\/\/riverride.com\/de\/kontakt\/#breadcrumb\"},\"inLanguage\":\"de\",\"potentialAction\":[{\"@type\":\"ReadAction\",\"target\":[\"https:\/\/riverride.com\/de\/kontakt\/\"]}]},{\"@type\":\"BreadcrumbList\",\"@id\":\"https:\/\/riverride.com\/de\/kontakt\/#breadcrumb\",\"itemListElement\":[{\"@type\":\"ListItem\",\"position\":1,\"name\":\"Kezd\u0151lap\",\"item\":\"https:\/\/riverride.com\/de\/\"},{\"@type\":\"ListItem\",\"position\":2,\"name\":\"Kontakt\"}]},{\"@type\":\"WebSite\",\"@id\":\"https:\/\/riverride.com\/de\/#website\",\"url\":\"https:\/\/riverride.com\/de\/\",\"name\":\"River Ride\",\"description\":\"V\u00e1rosn\u00e9z\u00e9s k\u00e9t\u00e9lt\u0171 v\u00edzibusszal\",\"publisher\":{\"@id\":\"https:\/\/riverride.com\/de\/#organization\"},\"potentialAction\":[{\"@type\":\"SearchAction\",\"target\":{\"@type\":\"EntryPoint\",\"urlTemplate\":\"https:\/\/riverride.com\/de\/?s={search_term_string}\"},\"query-input\":{\"@type\":\"PropertyValueSpecification\",\"valueRequired\":true,\"valueName\":\"search_term_string\"}}],\"inLanguage\":\"de\"},{\"@type\":\"Organization\",\"@id\":\"https:\/\/riverride.com\/de\/#organization\",\"name\":\"River Ride Budapest\",\"alternateName\":\"River Ride\",\"url\":\"https:\/\/riverride.com\/de\/\",\"logo\":{\"@type\":\"ImageObject\",\"inLanguage\":\"de\",\"@id\":\"https:\/\/riverride.com\/de\/#\/schema\/logo\/image\/\",\"url\":\"https:\/\/riverride.com\/wp-content\/uploads\/2023\/07\/River-icon@2x-8.png\",\"contentUrl\":\"https:\/\/riverride.com\/wp-content\/uploads\/2023\/07\/River-icon@2x-8.png\",\"width\":122,\"height\":122,\"caption\":\"River Ride Budapest\"},\"image\":{\"@id\":\"https:\/\/riverride.com\/de\/#\/schema\/logo\/image\/\"},\"sameAs\":[\"https:\/\/www.facebook.com\/riverridebudapest\"]}]}<\/script>\n<!-- \/ Yoast SEO plugin. -->","yoast_head_json":{"title":"Kontakt | River Ride","robots":{"index":"index","follow":"follow","max-snippet":"max-snippet:-1","max-image-preview":"max-image-preview:large","max-video-preview":"max-video-preview:-1"},"canonical":"https:\/\/riverride.com\/de\/kontakt\/","og_locale":"de_DE","og_type":"article","og_title":"Kontakt | River Ride","og_url":"https:\/\/riverride.com\/de\/kontakt\/","og_site_name":"River Ride","article_publisher":"https:\/\/www.facebook.com\/riverridebudapest","article_modified_time":"2025-03-27T12:43:12+00:00","twitter_card":"summary_large_image","twitter_misc":{"Gesch\u00e4tzte Lesezeit":"1\u00a0Minute"},"schema":{"@context":"https:\/\/schema.org","@graph":[{"@type":"WebPage","@id":"https:\/\/riverride.com\/de\/kontakt\/","url":"https:\/\/riverride.com\/de\/kontakt\/","name":"Kontakt | River Ride","isPartOf":{"@id":"https:\/\/riverride.com\/de\/#website"},"datePublished":"2022-06-29T12:28:04+00:00","dateModified":"2025-03-27T12:43:12+00:00","breadcrumb":{"@id":"https:\/\/riverride.com\/de\/kontakt\/#breadcrumb"},"inLanguage":"de","potentialAction":[{"@type":"ReadAction","target":["https:\/\/riverride.com\/de\/kontakt\/"]}]},{"@type":"BreadcrumbList","@id":"https:\/\/riverride.com\/de\/kontakt\/#breadcrumb","itemListElement":[{"@type":"ListItem","position":1,"name":"Kezd\u0151lap","item":"https:\/\/riverride.com\/de\/"},{"@type":"ListItem","position":2,"name":"Kontakt"}]},{"@type":"WebSite","@id":"https:\/\/riverride.com\/de\/#website","url":"https:\/\/riverride.com\/de\/","name":"River Ride","description":"V\u00e1rosn\u00e9z\u00e9s k\u00e9t\u00e9lt\u0171 v\u00edzibusszal","publisher":{"@id":"https:\/\/riverride.com\/de\/#organization"},"potentialAction":[{"@type":"SearchAction","target":{"@type":"EntryPoint","urlTemplate":"https:\/\/riverride.com\/de\/?s={search_term_string}"},"query-input":{"@type":"PropertyValueSpecification","valueRequired":true,"valueName":"search_term_string"}}],"inLanguage":"de"},{"@type":"Organization","@id":"https:\/\/riverride.com\/de\/#organization","name":"River Ride Budapest","alternateName":"River Ride","url":"https:\/\/riverride.com\/de\/","logo":{"@type":"ImageObject","inLanguage":"de","@id":"https:\/\/riverride.com\/de\/#\/schema\/logo\/image\/","url":"https:\/\/riverride.com\/wp-content\/uploads\/2023\/07\/River-icon@2x-8.png","contentUrl":"https:\/\/riverride.com\/wp-content\/uploads\/2023\/07\/River-icon@2x-8.png","width":122,"height":122,"caption":"River Ride Budapest"},"image":{"@id":"https:\/\/riverride.com\/de\/#\/schema\/logo\/image\/"},"sameAs":["https:\/\/www.facebook.com\/riverridebudapest"]}]}},"_links":{"self":[{"href":"https:\/\/riverride.com\/de\/wp-json\/wp\/v2\/pages\/976","targetHints":{"allow":["GET"]}}],"collection":[{"href":"https:\/\/riverride.com\/de\/wp-json\/wp\/v2\/pages"}],"about":[{"href":"https:\/\/riverride.com\/de\/wp-json\/wp\/v2\/types\/page"}],"author":[{"embeddable":true,"href":"https:\/\/riverride.com\/de\/wp-json\/wp\/v2\/users\/1"}],"replies":[{"embeddable":true,"href":"https:\/\/riverride.com\/de\/wp-json\/wp\/v2\/comments?post=976"}],"version-history":[{"count":8,"href":"https:\/\/riverride.com\/de\/wp-json\/wp\/v2\/pages\/976\/revisions"}],"predecessor-version":[{"id":1336,"href":"https:\/\/riverride.com\/de\/wp-json\/wp\/v2\/pages\/976\/revisions\/1336"}],"wp:attachment":[{"href":"https:\/\/riverride.com\/de\/wp-json\/wp\/v2\/media?parent=976"}],"curies":[{"name":"wp","href":"https:\/\/api.w.org\/{rel}","templated":true}]}}