{"id":964,"date":"2023-07-21T09:10:58","date_gmt":"2023-07-21T08:10:58","guid":{"rendered":"http:\/\/riverride.com\/exkluziv-varosnezes\/"},"modified":"2024-04-10T09:09:21","modified_gmt":"2024-04-10T08:09:21","slug":"privat-mieten","status":"publish","type":"page","link":"https:\/\/riverride.com\/de\/privat-mieten\/","title":{"rendered":"Privat mieten"},"content":{"rendered":"<section class=\"l-section wpb_row height_custom with_img\"><div class=\"l-section-img\" role=\"img\" data-img-width=\"1920\" data-img-height=\"1080\" style=\"background-image: url(https:\/\/riverride.com\/wp-content\/uploads\/2023\/10\/bg-3.jpg);background-repeat: no-repeat;\"><\/div><div class=\"l-section-overlay\" style=\"background:linear-gradient(90deg,rgba(0,0,0,0.55),rgba(0,0,0,0))\"><\/div><div class=\"l-section-h i-cf\"><div class=\"g-cols vc_row via_grid cols_1 laptops-cols_inherit tablets-cols_inherit mobiles-cols_1 valign_top type_default stacking_default\"><div class=\"wpb_column vc_column_container\"><div class=\"vc_column-inner\"><h1 class=\"w-post-elm post_title us_custom_4b38c0d9 has_text_color align_left entry-title color_link_inherit\">Privat mieten<\/h1><\/div><\/div><\/div><\/div><\/section><section class=\"l-section wpb_row height_large\"><div class=\"l-section-h i-cf\"><div class=\"g-cols vc_row via_grid cols_3-2 laptops-cols_inherit tablets-cols_1 mobiles-cols_1 valign_top type_default stacking_default\" style=\"--gap:0rem;\"><div class=\"wpb_column vc_column_container us_custom_595797e8 has_bg_color\"><div class=\"vc_column-inner\"><div class=\"w-separator us_custom_7317aa56 size_medium\"><\/div><\/div><\/div><div class=\"wpb_column vc_column_container us_custom_74d0bf91 us_animate_this has_bg_color\"><div class=\"vc_column-inner\"><h3 class=\"w-text\"><span class=\"w-text-h\"><span class=\"w-text-value\">Es gibt auch die M\u00f6glichkeit den Schwimmbus von RiverRide ausserhalb der planm\u00e4\u00dfigen Touren zu mieten.<\/span><\/span><\/h3><h5 class=\"w-text\"><span class=\"w-text-h\"><span class=\"w-text-value\">Wir empfehlen diese M\u00f6glichkeit f\u00fcr diejenigen,<\/span><\/span><\/h5><div class=\"w-separator size_custom\" style=\"height:20px\"><\/div><div class=\"wpb_text_column\"><div class=\"wpb_wrapper\"><ul>\n<li aria-level=\"1\">die eine pers\u00f6nliche Stadtbesichtigung m\u00f6chten.<\/li>\n<li aria-level=\"1\">die Sehensw\u00fcrdigkeiten von Budapest beleuchtet bewundern m\u00f6chten.<\/li>\n<li aria-level=\"1\">mehr als 35 Personen sind.<\/li>\n<li aria-level=\"1\">unterwegs zum Photographieren aussteigen m\u00f6chten.<\/li>\n<li aria-level=\"1\">eine Palinka<\/li>\n<li aria-level=\"1\">oder Weinverkostung ins Programm einf\u00fcgen m\u00f6chten.<\/li>\n<li aria-level=\"1\">mehr Zeit auf dem Wasser und weniger auf dem Festland verbringen m\u00f6chten.<\/li>\n<li aria-level=\"1\">ihren Geburtstag nicht allt\u00e4glich feiern m\u00f6chten.<\/li>\n<li aria-level=\"1\">ins Neue Jahr Platschen w\u00fcrden.<\/li>\n<li aria-level=\"1\">das Platschen-Erlebnis mehrmals erleben m\u00f6chten.<\/li>\n<\/ul>\n<\/div><\/div><\/div><\/div><\/div><\/div><\/section><section class=\"l-section wpb_row tabcol height_large\"><div class=\"l-section-h i-cf\"><div class=\"g-cols vc_row via_grid cols_2-3 laptops-cols_inherit tablets-cols_1 mobiles-cols_1 valign_top type_default reversed stacking_default\"><div class=\"wpb_column vc_column_container us_custom_cfa29537 us_animate_this has_bg_color\"><div class=\"vc_column-inner\"><div class=\"wpb_text_column\"><div class=\"wpb_wrapper\"><p>Wir zeigen die sch\u00f6nsten Sehensw\u00fcrdigkeiten von Budapest dem Wunsch des Bestellers entsprechend vom Festland und vom Wasser. Der Abfahrts- und Ankunftsort, die Fahrtroute und der Zeitdauer sind \u2013 in gewissen Rahmen \u2013 frei w\u00e4hlbar. Wir bem\u00fchen uns, dass die Stadtbesichtigung zu dem Stil der Veranstaltung des Auftraggebers passt, nat\u00fcrlich finden Hochzeitsg\u00e4ste und eine Mittelschulklasse verschiedenes interessant.<\/p>\n<\/div><\/div><div class=\"w-separator size_custom\" style=\"height:20px\"><\/div><h5 class=\"w-text\"><span class=\"w-text-h\"><span class=\"w-text-value\">Einige von unseren bisherigen Programmen:<\/span><\/span><\/h5><div class=\"w-separator size_custom\" style=\"height:20px\"><\/div><div class=\"wpb_text_column\"><div class=\"wpb_wrapper\"><ul>\n<li aria-level=\"1\">Stadtbesichtigung mit Wein<\/li>\n<li aria-level=\"1\">und Palinkaverkostung<\/li>\n<li aria-level=\"1\">Outdoor-Training<\/li>\n<li aria-level=\"1\">Direktionssitzung<\/li>\n<li aria-level=\"1\">Weihnachtsparty<\/li>\n<li aria-level=\"1\">Heiratsantrag<\/li>\n<li aria-level=\"1\">Junggesellinnenabschied<\/li>\n<li aria-level=\"1\">Junggesellenabschied<\/li>\n<li aria-level=\"1\">Pressekonferenz<\/li>\n<li aria-level=\"1\">Buchpremiere<\/li>\n<li aria-level=\"1\">Familientag eines Betriebs<\/li>\n<\/ul>\n<\/div><\/div><\/div><\/div><div class=\"wpb_column vc_column_container us_custom_944211c8 has_bg_color\"><div class=\"vc_column-inner\"><div class=\"w-separator us_custom_7317aa56 size_medium\"><\/div><\/div><\/div><\/div><\/div><\/section><section class=\"l-section wpb_row us_custom_d984a24d height_large\"><div class=\"l-section-h i-cf\"><div class=\"g-cols vc_row via_grid cols_1 laptops-cols_inherit tablets-cols_inherit mobiles-cols_1 valign_top type_default stacking_default\"><div class=\"wpb_column vc_column_container\"><div class=\"vc_column-inner\"><div class=\"w-hwrapper us_custom_81d51446 us_animate_this valign_middle align_center\" style=\"--hwrapper-gap:0rem\"><div class=\"wpb_text_column\"><div class=\"wpb_wrapper\"><h3>Bitten Sie um unser detailliertes<\/h3>\n<p>Angebot unter der Telefonnummer <a href=\"tel:+3613322555\">+36\/ 1 33-22-555<\/a>, oder unter der E-Mail Adresse <a href=\"mailto:info@riverride.com\">info@riverride.com<\/a> PDen genauen Preis k\u00f6nnen wir erst nach dem Erkennen der genauen Vorstellungen angeben. Wir hoffen<\/p>\n<h5>Sie bald am Bord von RiverRide bei einem gro\u00dfartigen Platschen begr\u00fc\u00dfen zu d\u00fcrfen.<\/h5>\n<\/div><\/div><\/div><\/div><\/div><\/div><\/div><\/section>\n","protected":false},"excerpt":{"rendered":"Privat mietenEs gibt auch die M\u00f6glichkeit den Schwimmbus von RiverRide ausserhalb der planm\u00e4\u00dfigen Touren zu mieten.Wir empfehlen diese M\u00f6glichkeit f\u00fcr diejenigen, die eine pers\u00f6nliche Stadtbesichtigung m\u00f6chten. die Sehensw\u00fcrdigkeiten von Budapest beleuchtet bewundern m\u00f6chten. mehr als 35 Personen sind. unterwegs zum Photographieren aussteigen m\u00f6chten. eine Palinka oder Weinverkostung ins Programm einf\u00fcgen m\u00f6chten. mehr Zeit auf dem...","protected":false},"author":1,"featured_media":0,"parent":0,"menu_order":0,"comment_status":"closed","ping_status":"closed","template":"","meta":{"footnotes":""},"class_list":["post-964","page","type-page","status-publish","hentry"],"yoast_head":"<!-- This site is optimized with the Yoast SEO plugin v26.8 - https:\/\/yoast.com\/product\/yoast-seo-wordpress\/ -->\n<title>Privat mieten | River Ride<\/title>\n<meta name=\"description\" content=\"Mieten Sie einen RiverRide Floating-Bus f\u00fcr eine private Tour und genie\u00dfen Sie ein besonderes Erlebnis mit Ihren Freunden oder Ihrer Familie!\" \/>\n<meta name=\"robots\" content=\"index, follow, max-snippet:-1, max-image-preview:large, max-video-preview:-1\" \/>\n<link rel=\"canonical\" href=\"https:\/\/riverride.com\/de\/privat-mieten\/\" \/>\n<meta property=\"og:locale\" content=\"de_DE\" \/>\n<meta property=\"og:type\" content=\"article\" \/>\n<meta property=\"og:title\" content=\"Privat mieten | River Ride\" \/>\n<meta property=\"og:description\" content=\"Mieten Sie einen RiverRide Floating-Bus f\u00fcr eine private Tour und genie\u00dfen Sie ein besonderes Erlebnis mit Ihren Freunden oder Ihrer Familie!\" \/>\n<meta property=\"og:url\" content=\"https:\/\/riverride.com\/de\/privat-mieten\/\" \/>\n<meta property=\"og:site_name\" content=\"River Ride\" \/>\n<meta property=\"article:publisher\" content=\"https:\/\/www.facebook.com\/riverridebudapest\" \/>\n<meta property=\"article:modified_time\" content=\"2024-04-10T08:09:21+00:00\" \/>\n<meta name=\"twitter:card\" content=\"summary_large_image\" \/>\n<meta name=\"twitter:label1\" content=\"Gesch\u00e4tzte Lesezeit\" \/>\n\t<meta name=\"twitter:data1\" content=\"2\u00a0Minuten\" \/>\n<script type=\"application\/ld+json\" class=\"yoast-schema-graph\">{\"@context\":\"https:\/\/schema.org\",\"@graph\":[{\"@type\":\"WebPage\",\"@id\":\"https:\/\/riverride.com\/de\/privat-mieten\/\",\"url\":\"https:\/\/riverride.com\/de\/privat-mieten\/\",\"name\":\"Privat mieten | River Ride\",\"isPartOf\":{\"@id\":\"https:\/\/riverride.com\/de\/#website\"},\"datePublished\":\"2023-07-21T08:10:58+00:00\",\"dateModified\":\"2024-04-10T08:09:21+00:00\",\"description\":\"Mieten Sie einen RiverRide Floating-Bus f\u00fcr eine private Tour und genie\u00dfen Sie ein besonderes Erlebnis mit Ihren Freunden oder Ihrer Familie!\",\"breadcrumb\":{\"@id\":\"https:\/\/riverride.com\/de\/privat-mieten\/#breadcrumb\"},\"inLanguage\":\"de\",\"potentialAction\":[{\"@type\":\"ReadAction\",\"target\":[\"https:\/\/riverride.com\/de\/privat-mieten\/\"]}]},{\"@type\":\"BreadcrumbList\",\"@id\":\"https:\/\/riverride.com\/de\/privat-mieten\/#breadcrumb\",\"itemListElement\":[{\"@type\":\"ListItem\",\"position\":1,\"name\":\"Kezd\u0151lap\",\"item\":\"https:\/\/riverride.com\/de\/\"},{\"@type\":\"ListItem\",\"position\":2,\"name\":\"Privat mieten\"}]},{\"@type\":\"WebSite\",\"@id\":\"https:\/\/riverride.com\/de\/#website\",\"url\":\"https:\/\/riverride.com\/de\/\",\"name\":\"River Ride\",\"description\":\"V\u00e1rosn\u00e9z\u00e9s k\u00e9t\u00e9lt\u0171 v\u00edzibusszal\",\"publisher\":{\"@id\":\"https:\/\/riverride.com\/de\/#organization\"},\"potentialAction\":[{\"@type\":\"SearchAction\",\"target\":{\"@type\":\"EntryPoint\",\"urlTemplate\":\"https:\/\/riverride.com\/de\/?s={search_term_string}\"},\"query-input\":{\"@type\":\"PropertyValueSpecification\",\"valueRequired\":true,\"valueName\":\"search_term_string\"}}],\"inLanguage\":\"de\"},{\"@type\":\"Organization\",\"@id\":\"https:\/\/riverride.com\/de\/#organization\",\"name\":\"River Ride Budapest\",\"alternateName\":\"River Ride\",\"url\":\"https:\/\/riverride.com\/de\/\",\"logo\":{\"@type\":\"ImageObject\",\"inLanguage\":\"de\",\"@id\":\"https:\/\/riverride.com\/de\/#\/schema\/logo\/image\/\",\"url\":\"https:\/\/riverride.com\/wp-content\/uploads\/2023\/07\/River-icon@2x-8.png\",\"contentUrl\":\"https:\/\/riverride.com\/wp-content\/uploads\/2023\/07\/River-icon@2x-8.png\",\"width\":122,\"height\":122,\"caption\":\"River Ride Budapest\"},\"image\":{\"@id\":\"https:\/\/riverride.com\/de\/#\/schema\/logo\/image\/\"},\"sameAs\":[\"https:\/\/www.facebook.com\/riverridebudapest\"]}]}<\/script>\n<!-- \/ Yoast SEO plugin. -->","yoast_head_json":{"title":"Privat mieten | River Ride","description":"Mieten Sie einen RiverRide Floating-Bus f\u00fcr eine private Tour und genie\u00dfen Sie ein besonderes Erlebnis mit Ihren Freunden oder Ihrer Familie!","robots":{"index":"index","follow":"follow","max-snippet":"max-snippet:-1","max-image-preview":"max-image-preview:large","max-video-preview":"max-video-preview:-1"},"canonical":"https:\/\/riverride.com\/de\/privat-mieten\/","og_locale":"de_DE","og_type":"article","og_title":"Privat mieten | River Ride","og_description":"Mieten Sie einen RiverRide Floating-Bus f\u00fcr eine private Tour und genie\u00dfen Sie ein besonderes Erlebnis mit Ihren Freunden oder Ihrer Familie!","og_url":"https:\/\/riverride.com\/de\/privat-mieten\/","og_site_name":"River Ride","article_publisher":"https:\/\/www.facebook.com\/riverridebudapest","article_modified_time":"2024-04-10T08:09:21+00:00","twitter_card":"summary_large_image","twitter_misc":{"Gesch\u00e4tzte Lesezeit":"2\u00a0Minuten"},"schema":{"@context":"https:\/\/schema.org","@graph":[{"@type":"WebPage","@id":"https:\/\/riverride.com\/de\/privat-mieten\/","url":"https:\/\/riverride.com\/de\/privat-mieten\/","name":"Privat mieten | River Ride","isPartOf":{"@id":"https:\/\/riverride.com\/de\/#website"},"datePublished":"2023-07-21T08:10:58+00:00","dateModified":"2024-04-10T08:09:21+00:00","description":"Mieten Sie einen RiverRide Floating-Bus f\u00fcr eine private Tour und genie\u00dfen Sie ein besonderes Erlebnis mit Ihren Freunden oder Ihrer Familie!","breadcrumb":{"@id":"https:\/\/riverride.com\/de\/privat-mieten\/#breadcrumb"},"inLanguage":"de","potentialAction":[{"@type":"ReadAction","target":["https:\/\/riverride.com\/de\/privat-mieten\/"]}]},{"@type":"BreadcrumbList","@id":"https:\/\/riverride.com\/de\/privat-mieten\/#breadcrumb","itemListElement":[{"@type":"ListItem","position":1,"name":"Kezd\u0151lap","item":"https:\/\/riverride.com\/de\/"},{"@type":"ListItem","position":2,"name":"Privat mieten"}]},{"@type":"WebSite","@id":"https:\/\/riverride.com\/de\/#website","url":"https:\/\/riverride.com\/de\/","name":"River Ride","description":"V\u00e1rosn\u00e9z\u00e9s k\u00e9t\u00e9lt\u0171 v\u00edzibusszal","publisher":{"@id":"https:\/\/riverride.com\/de\/#organization"},"potentialAction":[{"@type":"SearchAction","target":{"@type":"EntryPoint","urlTemplate":"https:\/\/riverride.com\/de\/?s={search_term_string}"},"query-input":{"@type":"PropertyValueSpecification","valueRequired":true,"valueName":"search_term_string"}}],"inLanguage":"de"},{"@type":"Organization","@id":"https:\/\/riverride.com\/de\/#organization","name":"River Ride Budapest","alternateName":"River Ride","url":"https:\/\/riverride.com\/de\/","logo":{"@type":"ImageObject","inLanguage":"de","@id":"https:\/\/riverride.com\/de\/#\/schema\/logo\/image\/","url":"https:\/\/riverride.com\/wp-content\/uploads\/2023\/07\/River-icon@2x-8.png","contentUrl":"https:\/\/riverride.com\/wp-content\/uploads\/2023\/07\/River-icon@2x-8.png","width":122,"height":122,"caption":"River Ride Budapest"},"image":{"@id":"https:\/\/riverride.com\/de\/#\/schema\/logo\/image\/"},"sameAs":["https:\/\/www.facebook.com\/riverridebudapest"]}]}},"_links":{"self":[{"href":"https:\/\/riverride.com\/de\/wp-json\/wp\/v2\/pages\/964","targetHints":{"allow":["GET"]}}],"collection":[{"href":"https:\/\/riverride.com\/de\/wp-json\/wp\/v2\/pages"}],"about":[{"href":"https:\/\/riverride.com\/de\/wp-json\/wp\/v2\/types\/page"}],"author":[{"embeddable":true,"href":"https:\/\/riverride.com\/de\/wp-json\/wp\/v2\/users\/1"}],"replies":[{"embeddable":true,"href":"https:\/\/riverride.com\/de\/wp-json\/wp\/v2\/comments?post=964"}],"version-history":[{"count":4,"href":"https:\/\/riverride.com\/de\/wp-json\/wp\/v2\/pages\/964\/revisions"}],"predecessor-version":[{"id":1136,"href":"https:\/\/riverride.com\/de\/wp-json\/wp\/v2\/pages\/964\/revisions\/1136"}],"wp:attachment":[{"href":"https:\/\/riverride.com\/de\/wp-json\/wp\/v2\/media?parent=964"}],"curies":[{"name":"wp","href":"https:\/\/api.w.org\/{rel}","templated":true}]}}