{"id":1045,"date":"2023-09-20T14:42:25","date_gmt":"2023-09-20T14:42:25","guid":{"rendered":"http:\/\/riverride.com\/utatasi-feltetelek\/"},"modified":"2023-10-20T13:06:35","modified_gmt":"2023-10-20T13:06:35","slug":"reisebedingungen","status":"publish","type":"page","link":"https:\/\/riverride.com\/de\/reisebedingungen\/","title":{"rendered":"Reisebedingungen"},"content":{"rendered":"<section class=\"l-section wpb_row height_custom with_img\"><div class=\"l-section-img\" role=\"img\" data-img-width=\"1920\" data-img-height=\"1080\" style=\"background-image: url(https:\/\/riverride.com\/wp-content\/uploads\/2023\/10\/bg-3.jpg);background-repeat: no-repeat;\"><\/div><div class=\"l-section-overlay\" style=\"background:linear-gradient(90deg,rgba(0,0,0,0.55),rgba(0,0,0,0))\"><\/div><div class=\"l-section-h i-cf\"><div class=\"g-cols vc_row via_grid cols_1 laptops-cols_inherit tablets-cols_inherit mobiles-cols_1 valign_top type_default stacking_default\"><div class=\"wpb_column vc_column_container\"><div class=\"vc_column-inner\"><h1 class=\"w-post-elm post_title us_custom_4b38c0d9 has_text_color align_left entry-title color_link_inherit\">Reisebedingungen<\/h1><\/div><\/div><\/div><\/div><\/section><section class=\"l-section wpb_row height_custom\"><div class=\"l-section-h i-cf\"><div class=\"g-cols vc_row via_grid cols_1 laptops-cols_inherit tablets-cols_inherit mobiles-cols_1 valign_top type_default stacking_default\"><div class=\"wpb_column vc_column_container\"><div class=\"vc_column-inner\"><div class=\"wpb_text_column\"><div class=\"wpb_wrapper\"><h3>Fahrkarten<\/h3>\n<p>Fahrkarten sind weder umtauschbar noch \u00fcbertragbar.Sollte der Fahrgast die Abfahrt verpassen, kann der Fahrpreis nicht erstattet werden. Bitte geben Sie Ihre mobile Telefonnummer an, damit Sie benachrichtigt werden k\u00f6nnen falls es zu einem Fahrtausfall k\u00e4me. Sollten Sie die Abfahrt verpassen oder die Fahrt auf Grund von nicht vorhersehbaren Ereignissen nicht antreten k\u00f6nnen, kann unsere Gesellschaft Ihnen, falls Sie rechtzeitig Bescheid sagen, einen alternativen Fahrttermin anbieten.<\/p>\n<h3>Abfahrt<\/h3>\n<p>Erscheinen Sie bitte bis sp\u00e4testens 10 Minuten vor Abfahrt des Busses an der Haltestelle. Sitzpl\u00e4tze k\u00f6nnen nicht im Voraus reserviert werden, Einstieg und Platznehmen erfolgen in Reihenfolge der Ankunft.<\/p>\n<h3>Rauchen, Speisen<\/h3>\n<p>Es ist uns ein Anliegen, dass in dem Fahrzeug weder geraucht noch gegessen wird.<\/p>\n<h3>Kinder an Bord<\/h3>\n<p>Kinder unter 6 Jahren d\u00fcrfen nur in Begleitung eines Erwachsenen fahren, wobei ein Erwachsener bis zu 2 Kinder unter 6 Jahren mitnehmen darf. Auf dem Fahrzeug steht leider kein Stauraum zur Verf\u00fcgung, weshalb keine Kinderwagen mit an Bord genommen werden k\u00f6nnen. Alternativ k\u00f6nnen wir Ihnen anbieten, Ihren Kinderwagen &#8211; auf eigene Haftung &#8211; bei unseren Kollegen zur Aufbewahrung abzugeben.<\/p>\n<h3>Fundservice<\/h3>\n<p>G\u00e1la Service GmbH wird ihr Bestes tun, um verloren gegangene Gegenst\u00e4nde zur\u00fcckzugeben. Leider k\u00f6nnen wir f\u00fcr auf dem Fahrzeug liegen gelassene Wertgegenst\u00e4nde keine Haftung \u00fcbernehmen. Unser B\u00fcro (Akademia Str.1, 1052 Budapest, Tel.: 354 3933) erteilt gerne Ausk\u00fcnfte \u00fcber in dem Bus gefundene Gegenst\u00e4nde.<\/p>\n<h3>Unfall und Schaden<\/h3>\n<p>Unsere Gesellschaft nimmt keine Beschwerden wegen Unannehmlichkeiten, Versp\u00e4tung, Schaden, Unfall oder wegen direkten oder indirekten Verlustes (au\u00dfer Tod oder Personenschaden) an, au\u00dfer in dem Fall, dass oben genannte F\u00e4lle vors\u00e4tzlich von unseren Angestellten begangen wurden.<\/p>\n<h3>Erstattung<\/h3>\n<p>Die Erstattung des Fahrpreises ist in den folgenden F\u00e4llen m\u00f6glich:<\/p>\n<ul>\n<li>Fahrt bleibt wegen schlechten Wetters aus<\/li>\n<li>Fahrtausfall zu Lasten unserer Gesellschaft<\/li>\n<li>Im Falle einer Abfahrtversp\u00e4tung von mehr als eine Stunde<\/li>\n<\/ul>\n<h3>Fahrt\u00e4nderungen<\/h3>\n<p>Bei niedriger Kapazit\u00e4tsauslastung kann es vorkommen, dass Fahrten ohne vorherige Anmeldung ausgesetzt werden. In diesem Fall bieten wir einen f\u00fcr Sie passenden, alternativen Termin an, gegebenenfalls wird der Fahrpreis zur\u00fcckerstattet. Aufgrund \u00e4u\u00dferer Bedingungen kann es in Ausnahmef\u00e4llen dazu kommen, dass der Reiseverlauf und die Reiseroute ohne vorherige Ank\u00fcndigung ver\u00e4ndert werden m\u00fcssen. In diesem Fall kann es passieren, dass einzelne Sehensw\u00fcrdigkeiten nicht besichtigt werden k\u00f6nnen. Abh\u00e4ngig von den Stra\u00dfenverh\u00e4ltnissen bzw. Wasserst\u00e4nden kann es vorkommen, dass Fahrten mit Versp\u00e4tung starten oder l\u00e4nger dauern, als es in den angegebenen Infomaterialien bzw. Onlineeditionen angegeben wurde. Wir bitten Sie diese Tatsache bei der Terminauswahl in Betracht zu ziehen falls Sie anschlie\u00dfend weitere gebuchte Programme haben. Die Zeitdauer der Fahrten wurde ungef\u00e4hr gerechnet und kann nicht in jedem Fall exakt eingehalten werden.<\/p>\n<h3>Allgemeine Bedingungen<\/h3>\n<p>Falls das Benehmen eines Fahrgastes von Mitarbeitern der RiverRide GmbH als l\u00e4stig, st\u00f6rend oder ausf\u00e4llig gegen andere Mitreisende empfunden wird, behalten wir uns vor, die weitere Beanspruchung der Dienstleistung zu verweigern. Eine Haftung f\u00fcr den ausgeschlossenen Fahrgast wird nicht \u00fcbernommen. In diesem Fall ist die Erstattung des Fahrpreises ausgeschlossen. Mit dem Kauf einer Fahrkarte und mit der Beanspruchung der Dienstleistung nimmt der Fahrgast die hier angef\u00fchrten Reisebedingungen an. In allen weiteren Angelegenheiten, die die Reservierung betreffenden wird ausschlie\u00dflich ungarisches Recht angewandt. Der Abschluss einer Reiseversicherung wird von RiverRide GmbH empfohlen.<\/p>\n<h3>SERVICE DER ONLINE-BUCHUNG Zahlung und Tarif<\/h3>\n<p>Bei der Buchung sind alle Fahrkarten per Kreditkarte im Vorverkauf zu bezahlen. Sollte RiverRide GmbH keinen Zugriff auf die angegebene Kreditkarte bekommen, werden Sie dar\u00fcber automatisch informiert. Nach dem Online-Kartenkauf erh\u00e4lt der Fahrgast innerhalb von 48 Stunden eine Best\u00e4tigung \u00fcber den Preis und die ankn\u00fcpfenden Informationen, E-Tickets werden innerhalb k\u00fcrzester Zeit ausgestellt. Falls Sie die Bezahlung per Kreditkarte t\u00e4tigen, best\u00e4tigen Sie damit, dass Sie Eigent\u00fcmer oder autorisierter Benutzer der Kreditkarte sind. Sollte die Kreditkarte zur\u00fcckgewiesen oder im Nachhinein aus irgendeinem Anlass angezweifelt bzw. beanstandet werden, erkl\u00e4ren Sie sich hiermit dazu bereit, die Verg\u00fctung der von RiverRide GmbH bereitgestellten Dienstleistung zu erbringen. Die auf der Webseite angegebenen Preise wurden von RiverRide GmbH festgelegt und sind keinesfalls Preise einer anderen juristischen Person.<\/p>\n<h3>Best\u00e4tigung und E-Ticket<\/h3>\n<p>Sie bekommen von uns eine elektronische Fahrkartenbest\u00e4tigung per E-Mail, die normalerweise innerhalb von 48 Stunden ankommen soll. Wenn Ihre Rundfahrt innerhalb von 48 Stunden startet, senden wir Ihnen innerhalb k\u00fcrzester Zeit Ihr elektronisches Ticket zu. \u00a0Leider kann RiverRide GmbH in diesem Fall den beim Online Verkauf bezahlten Preis nicht zur\u00fcckerstatten.<\/p>\n<h3>Internet &#8211; Ein vom K\u00e4ufer akzeptierter, offizieller Vermittlungskanal<\/h3>\n<p>Die RiverRide GmbH bietet Online Buchungen und einen E-Ticket Vorverkauf an. Der K\u00e4ufer akzeptiert das Internet als offiziellen Vermittlungskanal. Das E-Ticket wird von RiverRide GmbH online zur Verf\u00fcgung gestellt und per E-Mail zugesandt. Der K\u00e4ufer hat die Verantwortung, sich zu vergewissern, dass er das E-Ticket von der RiverRide GmbH Website selber ausgedruckt hat.<\/p>\n<\/div><\/div><\/div><\/div><\/div><\/div><\/section>\n","protected":false},"excerpt":{"rendered":"ReisebedingungenFahrkarten Fahrkarten sind weder umtauschbar noch \u00fcbertragbar.Sollte der Fahrgast die Abfahrt verpassen, kann der Fahrpreis nicht erstattet werden. Bitte geben Sie Ihre mobile Telefonnummer an, damit Sie benachrichtigt werden k\u00f6nnen falls es zu einem Fahrtausfall k\u00e4me. Sollten Sie die Abfahrt verpassen oder die Fahrt auf Grund von nicht vorhersehbaren Ereignissen nicht antreten k\u00f6nnen, kann unsere...","protected":false},"author":1,"featured_media":0,"parent":0,"menu_order":0,"comment_status":"closed","ping_status":"closed","template":"","meta":{"footnotes":""},"class_list":["post-1045","page","type-page","status-publish","hentry"],"yoast_head":"<!-- This site is optimized with the Yoast SEO plugin v26.8 - https:\/\/yoast.com\/product\/yoast-seo-wordpress\/ -->\n<title>Reisebedingungen | River Ride<\/title>\n<meta name=\"robots\" content=\"index, follow, max-snippet:-1, max-image-preview:large, max-video-preview:-1\" \/>\n<link rel=\"canonical\" href=\"https:\/\/riverride.com\/de\/reisebedingungen\/\" \/>\n<meta property=\"og:locale\" content=\"de_DE\" \/>\n<meta property=\"og:type\" content=\"article\" \/>\n<meta property=\"og:title\" content=\"Reisebedingungen | River Ride\" \/>\n<meta property=\"og:url\" content=\"https:\/\/riverride.com\/de\/reisebedingungen\/\" \/>\n<meta property=\"og:site_name\" content=\"River Ride\" \/>\n<meta property=\"article:publisher\" content=\"https:\/\/www.facebook.com\/riverridebudapest\" \/>\n<meta property=\"article:modified_time\" content=\"2023-10-20T13:06:35+00:00\" \/>\n<meta name=\"twitter:card\" content=\"summary_large_image\" \/>\n<meta name=\"twitter:label1\" content=\"Gesch\u00e4tzte Lesezeit\" \/>\n\t<meta name=\"twitter:data1\" content=\"5\u00a0Minuten\" \/>\n<script type=\"application\/ld+json\" class=\"yoast-schema-graph\">{\"@context\":\"https:\/\/schema.org\",\"@graph\":[{\"@type\":\"WebPage\",\"@id\":\"https:\/\/riverride.com\/de\/reisebedingungen\/\",\"url\":\"https:\/\/riverride.com\/de\/reisebedingungen\/\",\"name\":\"Reisebedingungen | River Ride\",\"isPartOf\":{\"@id\":\"https:\/\/riverride.com\/de\/#website\"},\"datePublished\":\"2023-09-20T14:42:25+00:00\",\"dateModified\":\"2023-10-20T13:06:35+00:00\",\"breadcrumb\":{\"@id\":\"https:\/\/riverride.com\/de\/reisebedingungen\/#breadcrumb\"},\"inLanguage\":\"de\",\"potentialAction\":[{\"@type\":\"ReadAction\",\"target\":[\"https:\/\/riverride.com\/de\/reisebedingungen\/\"]}]},{\"@type\":\"BreadcrumbList\",\"@id\":\"https:\/\/riverride.com\/de\/reisebedingungen\/#breadcrumb\",\"itemListElement\":[{\"@type\":\"ListItem\",\"position\":1,\"name\":\"Kezd\u0151lap\",\"item\":\"https:\/\/riverride.com\/de\/\"},{\"@type\":\"ListItem\",\"position\":2,\"name\":\"Reisebedingungen\"}]},{\"@type\":\"WebSite\",\"@id\":\"https:\/\/riverride.com\/de\/#website\",\"url\":\"https:\/\/riverride.com\/de\/\",\"name\":\"River Ride\",\"description\":\"V\u00e1rosn\u00e9z\u00e9s k\u00e9t\u00e9lt\u0171 v\u00edzibusszal\",\"publisher\":{\"@id\":\"https:\/\/riverride.com\/de\/#organization\"},\"potentialAction\":[{\"@type\":\"SearchAction\",\"target\":{\"@type\":\"EntryPoint\",\"urlTemplate\":\"https:\/\/riverride.com\/de\/?s={search_term_string}\"},\"query-input\":{\"@type\":\"PropertyValueSpecification\",\"valueRequired\":true,\"valueName\":\"search_term_string\"}}],\"inLanguage\":\"de\"},{\"@type\":\"Organization\",\"@id\":\"https:\/\/riverride.com\/de\/#organization\",\"name\":\"River Ride Budapest\",\"alternateName\":\"River Ride\",\"url\":\"https:\/\/riverride.com\/de\/\",\"logo\":{\"@type\":\"ImageObject\",\"inLanguage\":\"de\",\"@id\":\"https:\/\/riverride.com\/de\/#\/schema\/logo\/image\/\",\"url\":\"https:\/\/riverride.com\/wp-content\/uploads\/2023\/07\/River-icon@2x-8.png\",\"contentUrl\":\"https:\/\/riverride.com\/wp-content\/uploads\/2023\/07\/River-icon@2x-8.png\",\"width\":122,\"height\":122,\"caption\":\"River Ride Budapest\"},\"image\":{\"@id\":\"https:\/\/riverride.com\/de\/#\/schema\/logo\/image\/\"},\"sameAs\":[\"https:\/\/www.facebook.com\/riverridebudapest\"]}]}<\/script>\n<!-- \/ Yoast SEO plugin. -->","yoast_head_json":{"title":"Reisebedingungen | River Ride","robots":{"index":"index","follow":"follow","max-snippet":"max-snippet:-1","max-image-preview":"max-image-preview:large","max-video-preview":"max-video-preview:-1"},"canonical":"https:\/\/riverride.com\/de\/reisebedingungen\/","og_locale":"de_DE","og_type":"article","og_title":"Reisebedingungen | River Ride","og_url":"https:\/\/riverride.com\/de\/reisebedingungen\/","og_site_name":"River Ride","article_publisher":"https:\/\/www.facebook.com\/riverridebudapest","article_modified_time":"2023-10-20T13:06:35+00:00","twitter_card":"summary_large_image","twitter_misc":{"Gesch\u00e4tzte Lesezeit":"5\u00a0Minuten"},"schema":{"@context":"https:\/\/schema.org","@graph":[{"@type":"WebPage","@id":"https:\/\/riverride.com\/de\/reisebedingungen\/","url":"https:\/\/riverride.com\/de\/reisebedingungen\/","name":"Reisebedingungen | River Ride","isPartOf":{"@id":"https:\/\/riverride.com\/de\/#website"},"datePublished":"2023-09-20T14:42:25+00:00","dateModified":"2023-10-20T13:06:35+00:00","breadcrumb":{"@id":"https:\/\/riverride.com\/de\/reisebedingungen\/#breadcrumb"},"inLanguage":"de","potentialAction":[{"@type":"ReadAction","target":["https:\/\/riverride.com\/de\/reisebedingungen\/"]}]},{"@type":"BreadcrumbList","@id":"https:\/\/riverride.com\/de\/reisebedingungen\/#breadcrumb","itemListElement":[{"@type":"ListItem","position":1,"name":"Kezd\u0151lap","item":"https:\/\/riverride.com\/de\/"},{"@type":"ListItem","position":2,"name":"Reisebedingungen"}]},{"@type":"WebSite","@id":"https:\/\/riverride.com\/de\/#website","url":"https:\/\/riverride.com\/de\/","name":"River Ride","description":"V\u00e1rosn\u00e9z\u00e9s k\u00e9t\u00e9lt\u0171 v\u00edzibusszal","publisher":{"@id":"https:\/\/riverride.com\/de\/#organization"},"potentialAction":[{"@type":"SearchAction","target":{"@type":"EntryPoint","urlTemplate":"https:\/\/riverride.com\/de\/?s={search_term_string}"},"query-input":{"@type":"PropertyValueSpecification","valueRequired":true,"valueName":"search_term_string"}}],"inLanguage":"de"},{"@type":"Organization","@id":"https:\/\/riverride.com\/de\/#organization","name":"River Ride Budapest","alternateName":"River Ride","url":"https:\/\/riverride.com\/de\/","logo":{"@type":"ImageObject","inLanguage":"de","@id":"https:\/\/riverride.com\/de\/#\/schema\/logo\/image\/","url":"https:\/\/riverride.com\/wp-content\/uploads\/2023\/07\/River-icon@2x-8.png","contentUrl":"https:\/\/riverride.com\/wp-content\/uploads\/2023\/07\/River-icon@2x-8.png","width":122,"height":122,"caption":"River Ride Budapest"},"image":{"@id":"https:\/\/riverride.com\/de\/#\/schema\/logo\/image\/"},"sameAs":["https:\/\/www.facebook.com\/riverridebudapest"]}]}},"_links":{"self":[{"href":"https:\/\/riverride.com\/de\/wp-json\/wp\/v2\/pages\/1045","targetHints":{"allow":["GET"]}}],"collection":[{"href":"https:\/\/riverride.com\/de\/wp-json\/wp\/v2\/pages"}],"about":[{"href":"https:\/\/riverride.com\/de\/wp-json\/wp\/v2\/types\/page"}],"author":[{"embeddable":true,"href":"https:\/\/riverride.com\/de\/wp-json\/wp\/v2\/users\/1"}],"replies":[{"embeddable":true,"href":"https:\/\/riverride.com\/de\/wp-json\/wp\/v2\/comments?post=1045"}],"version-history":[{"count":3,"href":"https:\/\/riverride.com\/de\/wp-json\/wp\/v2\/pages\/1045\/revisions"}],"predecessor-version":[{"id":1138,"href":"https:\/\/riverride.com\/de\/wp-json\/wp\/v2\/pages\/1045\/revisions\/1138"}],"wp:attachment":[{"href":"https:\/\/riverride.com\/de\/wp-json\/wp\/v2\/media?parent=1045"}],"curies":[{"name":"wp","href":"https:\/\/api.w.org\/{rel}","templated":true}]}}