{"id":1037,"date":"2023-09-20T14:10:05","date_gmt":"2023-09-20T13:10:05","guid":{"rendered":"http:\/\/riverride.com\/gyik\/"},"modified":"2023-10-20T13:07:12","modified_gmt":"2023-10-20T13:07:12","slug":"gyik","status":"publish","type":"page","link":"https:\/\/riverride.com\/de\/gyik\/","title":{"rendered":"FAQ"},"content":{"rendered":"<section class=\"l-section wpb_row height_custom with_img\"><div class=\"l-section-img\" role=\"img\" data-img-width=\"1920\" data-img-height=\"1080\" style=\"background-image: url(https:\/\/riverride.com\/wp-content\/uploads\/2023\/10\/bg-3.jpg);background-repeat: no-repeat;\"><\/div><div class=\"l-section-overlay\" style=\"background:linear-gradient(90deg,rgba(0,0,0,0.55),rgba(0,0,0,0))\"><\/div><div class=\"l-section-h i-cf\"><div class=\"g-cols vc_row via_grid cols_1 laptops-cols_inherit tablets-cols_inherit mobiles-cols_1 valign_top type_default stacking_default\"><div class=\"wpb_column vc_column_container\"><div class=\"vc_column-inner\"><h1 class=\"w-post-elm post_title us_custom_4b38c0d9 has_text_color align_left entry-title color_link_inherit\">FAQ<\/h1><\/div><\/div><\/div><\/div><\/section><section class=\"l-section wpb_row height_custom\"><div class=\"l-section-h i-cf\"><div class=\"g-cols vc_row via_grid cols_1 laptops-cols_inherit tablets-cols_inherit mobiles-cols_1 valign_top type_default stacking_default\"><div class=\"wpb_column vc_column_container\"><div class=\"vc_column-inner\"><div class=\"w-tabs style_default switch_click accordion has_scrolling\" style=\"--sections-title-size:calc( 16px + 0.2vmax )\"><div class=\"w-tabs-sections titles-align_none icon_chevron cpos_left\"><div class=\"w-tabs-section active\" id=\"q971\" itemscope itemprop=\"mainEntity\" itemtype=\"https:\/\/schema.org\/Question\"><button class=\"w-tabs-section-header active\" aria-controls=\"content-q971\" aria-expanded=\"true\"><h4 class=\"w-tabs-section-title\" itemprop=\"name\">Auf welcher Sprache ist die Reiseleitung?<\/h4><div class=\"w-tabs-section-control\"><\/div><\/button><div  class=\"w-tabs-section-content\" id=\"content-q971\" itemscope itemprop=\"acceptedAnswer\" itemtype=\"https:\/\/schema.org\/Answer\"><div class=\"w-tabs-section-content-h i-cf\" itemprop=\"text\"><div class=\"wpb_text_column\"><div class=\"wpb_wrapper\"><p>Wir haben Live Englisch und Deutsch sprechende Guides f\u00fcr unsere Dienstleistungen und einen Audio Guide mit 12 Sprachen (Englisch, Deutsch, Ungarisch, Russisch, Italienisch, Spanisch, Franz\u00f6sisch, Hebr\u00e4isch, D\u00e4nisch, Schwedisch, Rum\u00e4nisch, Ukrainisch).<\/p>\n<\/div><\/div><\/div><\/div><\/div><div class=\"w-tabs-section\" id=\"rad1\" itemscope itemprop=\"mainEntity\" itemtype=\"https:\/\/schema.org\/Question\"><button class=\"w-tabs-section-header\" aria-controls=\"content-rad1\" aria-expanded=\"false\"><h4 class=\"w-tabs-section-title\" itemprop=\"name\">Gibt es Kopfh\u00f6rer?<\/h4><div class=\"w-tabs-section-control\"><\/div><\/button><div  class=\"w-tabs-section-content\" id=\"content-rad1\" itemscope itemprop=\"acceptedAnswer\" itemtype=\"https:\/\/schema.org\/Answer\"><div class=\"w-tabs-section-content-h i-cf\" itemprop=\"text\"><div class=\"wpb_text_column\"><div class=\"wpb_wrapper\"><p>Nein, es gibt keinen, es gibt live Reiseleitung in englischer und deutscher Sprache in unseren Bussen.<\/p>\n<\/div><\/div><\/div><\/div><\/div><div class=\"w-tabs-section\" id=\"abc9\" itemscope itemprop=\"mainEntity\" itemtype=\"https:\/\/schema.org\/Question\"><button class=\"w-tabs-section-header\" aria-controls=\"content-abc9\" aria-expanded=\"false\"><h4 class=\"w-tabs-section-title\" itemprop=\"name\">Gibt es ein WC im Bus?<\/h4><div class=\"w-tabs-section-control\"><\/div><\/button><div  class=\"w-tabs-section-content\" id=\"content-abc9\" itemscope itemprop=\"acceptedAnswer\" itemtype=\"https:\/\/schema.org\/Answer\"><div class=\"w-tabs-section-content-h i-cf\" itemprop=\"text\"><div class=\"wpb_text_column\"><div class=\"wpb_wrapper\"><p>Es gibt kein WC im Bus.<\/p>\n<\/div><\/div><\/div><\/div><\/div><div class=\"w-tabs-section\" id=\"jcc4\" itemscope itemprop=\"mainEntity\" itemtype=\"https:\/\/schema.org\/Question\"><button class=\"w-tabs-section-header\" aria-controls=\"content-jcc4\" aria-expanded=\"false\"><h4 class=\"w-tabs-section-title\" itemprop=\"name\">Ist der Bus geschlossen?<\/h4><div class=\"w-tabs-section-control\"><\/div><\/button><div  class=\"w-tabs-section-content\" id=\"content-jcc4\" itemscope itemprop=\"acceptedAnswer\" itemtype=\"https:\/\/schema.org\/Answer\"><div class=\"w-tabs-section-content-h i-cf\" itemprop=\"text\"><div class=\"wpb_text_column\"><div class=\"wpb_wrapper\"><p>Der Schwimmbus ist im Sommer klimatisiert, im Winter geheizt, er ist ein geschlossenes Fahrzeug, deshalb ist er sowohl im Regen, als auch im Schnee ein ideales Programm f\u00fcr das Kennenlernen von Budapest.<\/p>\n<\/div><\/div><\/div><\/div><\/div><div class=\"w-tabs-section\" id=\"ydb4\" itemscope itemprop=\"mainEntity\" itemtype=\"https:\/\/schema.org\/Question\"><button class=\"w-tabs-section-header\" aria-controls=\"content-ydb4\" aria-expanded=\"false\"><h4 class=\"w-tabs-section-title\" itemprop=\"name\">F\u00e4hrt der Bus im ganzen Jahr?<\/h4><div class=\"w-tabs-section-control\"><\/div><\/button><div  class=\"w-tabs-section-content\" id=\"content-ydb4\" itemscope itemprop=\"acceptedAnswer\" itemtype=\"https:\/\/schema.org\/Answer\"><div class=\"w-tabs-section-content-h i-cf\" itemprop=\"text\"><div class=\"wpb_text_column\"><div class=\"wpb_wrapper\"><p>Der Schwimmbus f\u00e4hrt im ganzen Jahr, au\u00dfer bei Hochwasser, Eisgang und bei sehr niedrigem Wasserstand.<\/p>\n<\/div><\/div><\/div><\/div><\/div><div class=\"w-tabs-section\" id=\"se86\" itemscope itemprop=\"mainEntity\" itemtype=\"https:\/\/schema.org\/Question\"><button class=\"w-tabs-section-header\" aria-controls=\"content-se86\" aria-expanded=\"false\"><h4 class=\"w-tabs-section-title\" itemprop=\"name\">Wo kann man Fahrkarten kaufen?<\/h4><div class=\"w-tabs-section-control\"><\/div><\/button><div  class=\"w-tabs-section-content\" id=\"content-se86\" itemscope itemprop=\"acceptedAnswer\" itemtype=\"https:\/\/schema.org\/Answer\"><div class=\"w-tabs-section-content-h i-cf\" itemprop=\"text\"><div class=\"wpb_text_column\"><div class=\"wpb_wrapper\"><p>Fahrkarten k\u00f6nnen zwischen 09:00 und 17:00 Uhr, von November bis M\u00e4rz zwischen 09:00 und 18:00 Uhr im RiverRide B\u00fcro (5. Bez. Akad\u00e9mia utca 1.), bzw. eine halbe Stunde vor jeder Busfahrt bei der Schwimmbushaltestelle gekauft werden. Fahrkarten sind auf www.riverride.com auch online 24 Stunden am Tag erh\u00e4ltlich.<\/p>\n<\/div><\/div><\/div><\/div><\/div><div class=\"w-tabs-section\" id=\"lf49\" itemscope itemprop=\"mainEntity\" itemtype=\"https:\/\/schema.org\/Question\"><button class=\"w-tabs-section-header\" aria-controls=\"content-lf49\" aria-expanded=\"false\"><h4 class=\"w-tabs-section-title\" itemprop=\"name\">Gibt es eine Erm\u00e4\u00dfigung f\u00fcr Studenten?<\/h4><div class=\"w-tabs-section-control\"><\/div><\/button><div  class=\"w-tabs-section-content\" id=\"content-lf49\" itemscope itemprop=\"acceptedAnswer\" itemtype=\"https:\/\/schema.org\/Answer\"><div class=\"w-tabs-section-content-h i-cf\" itemprop=\"text\"><div class=\"wpb_text_column\"><div class=\"wpb_wrapper\"><p>Ja.<\/p>\n<\/div><\/div><\/div><\/div><\/div><div class=\"w-tabs-section\" id=\"j014\" itemscope itemprop=\"mainEntity\" itemtype=\"https:\/\/schema.org\/Question\"><button class=\"w-tabs-section-header\" aria-controls=\"content-j014\" aria-expanded=\"false\"><h4 class=\"w-tabs-section-title\" itemprop=\"name\">Kann man w\u00e4hrend der Fahrt aussteigen?<\/h4><div class=\"w-tabs-section-control\"><\/div><\/button><div  class=\"w-tabs-section-content\" id=\"content-j014\" itemscope itemprop=\"acceptedAnswer\" itemtype=\"https:\/\/schema.org\/Answer\"><div class=\"w-tabs-section-content-h i-cf\" itemprop=\"text\"><div class=\"wpb_text_column\"><div class=\"wpb_wrapper\"><p>Da es eine ununterbrochene Tour ist, gibt es keine M\u00f6glichkeit unterwegs auszusteigen.<\/p>\n<\/div><\/div><\/div><\/div><\/div><div class=\"w-tabs-section\" id=\"l125\" itemscope itemprop=\"mainEntity\" itemtype=\"https:\/\/schema.org\/Question\"><button class=\"w-tabs-section-header\" aria-controls=\"content-l125\" aria-expanded=\"false\"><h4 class=\"w-tabs-section-title\" itemprop=\"name\">Sind die gekauften Fahrkarten jeder Zeit verwendbar?<\/h4><div class=\"w-tabs-section-control\"><\/div><\/button><div  class=\"w-tabs-section-content\" id=\"content-l125\" itemscope itemprop=\"acceptedAnswer\" itemtype=\"https:\/\/schema.org\/Answer\"><div class=\"w-tabs-section-content-h i-cf\" itemprop=\"text\"><div class=\"wpb_text_column\"><div class=\"wpb_wrapper\"><p>Die f\u00fcr einen Termin gebuchten Fahrkarten k\u00f6nnen nicht, die Gutscheine k\u00f6nnen jeder Zeit verwendet werden.<br \/>\nDer Gutschein ist ein Jahr lang ab dem Kauf g\u00fcltig. Es ist aber empfehlenswert die Pl\u00e4tze vorher zu reservieren, wenn der Gutscheinbesitzer schon wei\u00df, wann er die Dienstleistung in Anspruch nehmen will, damit er sich einen Platz hat.<\/p>\n<\/div><\/div><\/div><\/div><\/div><div class=\"w-tabs-section\" id=\"p253\" itemscope itemprop=\"mainEntity\" itemtype=\"https:\/\/schema.org\/Question\"><button class=\"w-tabs-section-header\" aria-controls=\"content-p253\" aria-expanded=\"false\"><h4 class=\"w-tabs-section-title\" itemprop=\"name\">Wo kann man in den Bus einsteigen?<\/h4><div class=\"w-tabs-section-control\"><\/div><\/button><div  class=\"w-tabs-section-content\" id=\"content-p253\" itemscope itemprop=\"acceptedAnswer\" itemtype=\"https:\/\/schema.org\/Answer\"><div class=\"w-tabs-section-content-h i-cf\" itemprop=\"text\"><div class=\"wpb_text_column\"><div class=\"wpb_wrapper\"><p>Abfahrt: Budapest 5. Bezirk, Sz\u00e9chenyi Istv\u00e1n (ehemaliger Roosevelt Platz) t\u00e9r 7\/8., Bushaltestelle vor dem B\u00fcrogeb\u00e4ude neben dem Four Seasons Hotel.<\/p>\n<\/div><\/div><\/div><\/div><\/div><div class=\"w-tabs-section\" id=\"d353\" itemscope itemprop=\"mainEntity\" itemtype=\"https:\/\/schema.org\/Question\"><button class=\"w-tabs-section-header\" aria-controls=\"content-d353\" aria-expanded=\"false\"><h4 class=\"w-tabs-section-title\" itemprop=\"name\">Bekommt man eine Schwimmweste?<\/h4><div class=\"w-tabs-section-control\"><\/div><\/button><div  class=\"w-tabs-section-content\" id=\"content-d353\" itemscope itemprop=\"acceptedAnswer\" itemtype=\"https:\/\/schema.org\/Answer\"><div class=\"w-tabs-section-content-h i-cf\" itemprop=\"text\"><div class=\"wpb_text_column\"><div class=\"wpb_wrapper\"><p>Nat\u00fcrlich, den Vorschriften entsprechend ist f\u00fcr jeden unserer Fahrg\u00e4ste eine Schwimmweste vorr\u00e4tig Bus, sie m\u00fcssen w\u00e4hrend der Tour aber nicht getragen werden.<\/p>\n<\/div><\/div><\/div><\/div><\/div><div class=\"w-tabs-section\" id=\"r428\" itemscope itemprop=\"mainEntity\" itemtype=\"https:\/\/schema.org\/Question\"><button class=\"w-tabs-section-header\" aria-controls=\"content-r428\" aria-expanded=\"false\"><h4 class=\"w-tabs-section-title\" itemprop=\"name\">Wie fr\u00fch sollte man die Fahrkarten kaufen?<\/h4><div class=\"w-tabs-section-control\"><\/div><\/button><div  class=\"w-tabs-section-content\" id=\"content-r428\" itemscope itemprop=\"acceptedAnswer\" itemtype=\"https:\/\/schema.org\/Answer\"><div class=\"w-tabs-section-content-h i-cf\" itemprop=\"text\"><div class=\"wpb_text_column\"><div class=\"wpb_wrapper\"><p>Sobald Sie den Zeitpunkt der Fahrt schon sicher wissen, aber mindestens 1-2 Tage vor der Abfahrt der gew\u00e4hlten Tour ist es empfehlenswert die Fahrkarten online oder in unserem B\u00fcro zu kaufen. Wir k\u00f6nnen keine telefonische Reservierung annehmen.<\/p>\n<\/div><\/div><\/div><\/div><\/div><div class=\"w-tabs-section\" id=\"n4ef\" itemscope itemprop=\"mainEntity\" itemtype=\"https:\/\/schema.org\/Question\"><button class=\"w-tabs-section-header\" aria-controls=\"content-n4ef\" aria-expanded=\"false\"><h4 class=\"w-tabs-section-title\" itemprop=\"name\">Wie fr\u00fch muss man vor der Tour da sein?<\/h4><div class=\"w-tabs-section-control\"><\/div><\/button><div  class=\"w-tabs-section-content\" id=\"content-n4ef\" itemscope itemprop=\"acceptedAnswer\" itemtype=\"https:\/\/schema.org\/Answer\"><div class=\"w-tabs-section-content-h i-cf\" itemprop=\"text\"><div class=\"wpb_text_column\"><div class=\"wpb_wrapper\"><p>Sie k\u00f6nnen 15 Minuten vor der Abfahrt in den Bus einsteigen. Falls Sie noch keine Fahrkarte haben, kommen Sie 30 Minuten vor der Abfahrt.<\/p>\n<\/div><\/div><\/div><\/div><\/div><div class=\"w-tabs-section\" id=\"w5e0\" itemscope itemprop=\"mainEntity\" itemtype=\"https:\/\/schema.org\/Question\"><button class=\"w-tabs-section-header\" aria-controls=\"content-w5e0\" aria-expanded=\"false\"><h4 class=\"w-tabs-section-title\" itemprop=\"name\">Gibt es eine Platzreservierung?<\/h4><div class=\"w-tabs-section-control\"><\/div><\/button><div  class=\"w-tabs-section-content\" id=\"content-w5e0\" itemscope itemprop=\"acceptedAnswer\" itemtype=\"https:\/\/schema.org\/Answer\"><div class=\"w-tabs-section-content-h i-cf\" itemprop=\"text\"><div class=\"wpb_text_column\"><div class=\"wpb_wrapper\"><p>Es gibt keine Platzkarte, die Pl\u00e4tze werden in der Reihe nach dem Einsteigen besetzt.<\/p>\n<\/div><\/div><\/div><\/div><\/div><div class=\"w-tabs-section\" id=\"p6fc\" itemscope itemprop=\"mainEntity\" itemtype=\"https:\/\/schema.org\/Question\"><button class=\"w-tabs-section-header\" aria-controls=\"content-p6fc\" aria-expanded=\"false\"><h4 class=\"w-tabs-section-title\" itemprop=\"name\">K\u00f6nnen die Kinder auf dem Scho\u00df sitzen?<\/h4><div class=\"w-tabs-section-control\"><\/div><\/button><div  class=\"w-tabs-section-content\" id=\"content-p6fc\" itemscope itemprop=\"acceptedAnswer\" itemtype=\"https:\/\/schema.org\/Answer\"><div class=\"w-tabs-section-content-h i-cf\" itemprop=\"text\"><div class=\"wpb_text_column\"><div class=\"wpb_wrapper\"><p>Ja, sie k\u00f6nnen, aber jede Person hat seinen eigenen Sitz im Bus. Der Bus hat Platz f\u00fcr maximal 43 G\u00e4ste. (+ Personal von RiverRide)<\/p>\n<\/div><\/div><\/div><\/div><\/div><\/div><\/div><\/div><\/div><\/div><\/div><\/section>\n","protected":false},"excerpt":{"rendered":"FAQAuf welcher Sprache ist die Reiseleitung?Wir haben Live Englisch und Deutsch sprechende Guides f\u00fcr unsere Dienstleistungen und einen Audio Guide mit 12 Sprachen (Englisch, Deutsch, Ungarisch, Russisch, Italienisch, Spanisch, Franz\u00f6sisch, Hebr\u00e4isch, D\u00e4nisch, Schwedisch, Rum\u00e4nisch, Ukrainisch). Gibt es Kopfh\u00f6rer?Nein, es gibt keinen, es gibt live Reiseleitung in englischer und deutscher Sprache in unseren Bussen. Gibt es...","protected":false},"author":1,"featured_media":0,"parent":0,"menu_order":0,"comment_status":"closed","ping_status":"closed","template":"","meta":{"footnotes":""},"class_list":["post-1037","page","type-page","status-publish","hentry"],"yoast_head":"<!-- This site is optimized with the Yoast SEO plugin v26.8 - https:\/\/yoast.com\/product\/yoast-seo-wordpress\/ -->\n<title>FAQ | River Ride<\/title>\n<meta name=\"robots\" content=\"index, follow, max-snippet:-1, max-image-preview:large, max-video-preview:-1\" \/>\n<link rel=\"canonical\" href=\"https:\/\/riverride.com\/de\/gyik\/\" \/>\n<meta property=\"og:locale\" content=\"de_DE\" \/>\n<meta property=\"og:type\" content=\"article\" \/>\n<meta property=\"og:title\" content=\"FAQ | River Ride\" \/>\n<meta property=\"og:url\" content=\"https:\/\/riverride.com\/de\/gyik\/\" \/>\n<meta property=\"og:site_name\" content=\"River Ride\" \/>\n<meta property=\"article:publisher\" content=\"https:\/\/www.facebook.com\/riverridebudapest\" \/>\n<meta property=\"article:modified_time\" content=\"2023-10-20T13:07:12+00:00\" \/>\n<meta name=\"twitter:card\" content=\"summary_large_image\" \/>\n<meta name=\"twitter:label1\" content=\"Gesch\u00e4tzte Lesezeit\" \/>\n\t<meta name=\"twitter:data1\" content=\"3\u00a0Minuten\" \/>\n<script type=\"application\/ld+json\" class=\"yoast-schema-graph\">{\"@context\":\"https:\/\/schema.org\",\"@graph\":[{\"@type\":\"WebPage\",\"@id\":\"https:\/\/riverride.com\/de\/gyik\/\",\"url\":\"https:\/\/riverride.com\/de\/gyik\/\",\"name\":\"FAQ | River Ride\",\"isPartOf\":{\"@id\":\"https:\/\/riverride.com\/de\/#website\"},\"datePublished\":\"2023-09-20T13:10:05+00:00\",\"dateModified\":\"2023-10-20T13:07:12+00:00\",\"breadcrumb\":{\"@id\":\"https:\/\/riverride.com\/de\/gyik\/#breadcrumb\"},\"inLanguage\":\"de\",\"potentialAction\":[{\"@type\":\"ReadAction\",\"target\":[\"https:\/\/riverride.com\/de\/gyik\/\"]}]},{\"@type\":\"BreadcrumbList\",\"@id\":\"https:\/\/riverride.com\/de\/gyik\/#breadcrumb\",\"itemListElement\":[{\"@type\":\"ListItem\",\"position\":1,\"name\":\"Kezd\u0151lap\",\"item\":\"https:\/\/riverride.com\/de\/\"},{\"@type\":\"ListItem\",\"position\":2,\"name\":\"FAQ\"}]},{\"@type\":\"WebSite\",\"@id\":\"https:\/\/riverride.com\/de\/#website\",\"url\":\"https:\/\/riverride.com\/de\/\",\"name\":\"River Ride\",\"description\":\"V\u00e1rosn\u00e9z\u00e9s k\u00e9t\u00e9lt\u0171 v\u00edzibusszal\",\"publisher\":{\"@id\":\"https:\/\/riverride.com\/de\/#organization\"},\"potentialAction\":[{\"@type\":\"SearchAction\",\"target\":{\"@type\":\"EntryPoint\",\"urlTemplate\":\"https:\/\/riverride.com\/de\/?s={search_term_string}\"},\"query-input\":{\"@type\":\"PropertyValueSpecification\",\"valueRequired\":true,\"valueName\":\"search_term_string\"}}],\"inLanguage\":\"de\"},{\"@type\":\"Organization\",\"@id\":\"https:\/\/riverride.com\/de\/#organization\",\"name\":\"River Ride Budapest\",\"alternateName\":\"River Ride\",\"url\":\"https:\/\/riverride.com\/de\/\",\"logo\":{\"@type\":\"ImageObject\",\"inLanguage\":\"de\",\"@id\":\"https:\/\/riverride.com\/de\/#\/schema\/logo\/image\/\",\"url\":\"https:\/\/riverride.com\/wp-content\/uploads\/2023\/07\/River-icon@2x-8.png\",\"contentUrl\":\"https:\/\/riverride.com\/wp-content\/uploads\/2023\/07\/River-icon@2x-8.png\",\"width\":122,\"height\":122,\"caption\":\"River Ride Budapest\"},\"image\":{\"@id\":\"https:\/\/riverride.com\/de\/#\/schema\/logo\/image\/\"},\"sameAs\":[\"https:\/\/www.facebook.com\/riverridebudapest\"]}]}<\/script>\n<!-- \/ Yoast SEO plugin. -->","yoast_head_json":{"title":"FAQ | River Ride","robots":{"index":"index","follow":"follow","max-snippet":"max-snippet:-1","max-image-preview":"max-image-preview:large","max-video-preview":"max-video-preview:-1"},"canonical":"https:\/\/riverride.com\/de\/gyik\/","og_locale":"de_DE","og_type":"article","og_title":"FAQ | River Ride","og_url":"https:\/\/riverride.com\/de\/gyik\/","og_site_name":"River Ride","article_publisher":"https:\/\/www.facebook.com\/riverridebudapest","article_modified_time":"2023-10-20T13:07:12+00:00","twitter_card":"summary_large_image","twitter_misc":{"Gesch\u00e4tzte Lesezeit":"3\u00a0Minuten"},"schema":{"@context":"https:\/\/schema.org","@graph":[{"@type":"WebPage","@id":"https:\/\/riverride.com\/de\/gyik\/","url":"https:\/\/riverride.com\/de\/gyik\/","name":"FAQ | River Ride","isPartOf":{"@id":"https:\/\/riverride.com\/de\/#website"},"datePublished":"2023-09-20T13:10:05+00:00","dateModified":"2023-10-20T13:07:12+00:00","breadcrumb":{"@id":"https:\/\/riverride.com\/de\/gyik\/#breadcrumb"},"inLanguage":"de","potentialAction":[{"@type":"ReadAction","target":["https:\/\/riverride.com\/de\/gyik\/"]}]},{"@type":"BreadcrumbList","@id":"https:\/\/riverride.com\/de\/gyik\/#breadcrumb","itemListElement":[{"@type":"ListItem","position":1,"name":"Kezd\u0151lap","item":"https:\/\/riverride.com\/de\/"},{"@type":"ListItem","position":2,"name":"FAQ"}]},{"@type":"WebSite","@id":"https:\/\/riverride.com\/de\/#website","url":"https:\/\/riverride.com\/de\/","name":"River Ride","description":"V\u00e1rosn\u00e9z\u00e9s k\u00e9t\u00e9lt\u0171 v\u00edzibusszal","publisher":{"@id":"https:\/\/riverride.com\/de\/#organization"},"potentialAction":[{"@type":"SearchAction","target":{"@type":"EntryPoint","urlTemplate":"https:\/\/riverride.com\/de\/?s={search_term_string}"},"query-input":{"@type":"PropertyValueSpecification","valueRequired":true,"valueName":"search_term_string"}}],"inLanguage":"de"},{"@type":"Organization","@id":"https:\/\/riverride.com\/de\/#organization","name":"River Ride Budapest","alternateName":"River Ride","url":"https:\/\/riverride.com\/de\/","logo":{"@type":"ImageObject","inLanguage":"de","@id":"https:\/\/riverride.com\/de\/#\/schema\/logo\/image\/","url":"https:\/\/riverride.com\/wp-content\/uploads\/2023\/07\/River-icon@2x-8.png","contentUrl":"https:\/\/riverride.com\/wp-content\/uploads\/2023\/07\/River-icon@2x-8.png","width":122,"height":122,"caption":"River Ride Budapest"},"image":{"@id":"https:\/\/riverride.com\/de\/#\/schema\/logo\/image\/"},"sameAs":["https:\/\/www.facebook.com\/riverridebudapest"]}]}},"_links":{"self":[{"href":"https:\/\/riverride.com\/de\/wp-json\/wp\/v2\/pages\/1037","targetHints":{"allow":["GET"]}}],"collection":[{"href":"https:\/\/riverride.com\/de\/wp-json\/wp\/v2\/pages"}],"about":[{"href":"https:\/\/riverride.com\/de\/wp-json\/wp\/v2\/types\/page"}],"author":[{"embeddable":true,"href":"https:\/\/riverride.com\/de\/wp-json\/wp\/v2\/users\/1"}],"replies":[{"embeddable":true,"href":"https:\/\/riverride.com\/de\/wp-json\/wp\/v2\/comments?post=1037"}],"version-history":[{"count":4,"href":"https:\/\/riverride.com\/de\/wp-json\/wp\/v2\/pages\/1037\/revisions"}],"predecessor-version":[{"id":1139,"href":"https:\/\/riverride.com\/de\/wp-json\/wp\/v2\/pages\/1037\/revisions\/1139"}],"wp:attachment":[{"href":"https:\/\/riverride.com\/de\/wp-json\/wp\/v2\/media?parent=1037"}],"curies":[{"name":"wp","href":"https:\/\/api.w.org\/{rel}","templated":true}]}}